{"id":756522,"date":"2025-08-28T07:10:28","date_gmt":"2025-08-28T04:10:28","guid":{"rendered":"https:\/\/roveyayinevi.com.tr\/index.php\/urun\/tum-kediler-uzaylidir\/"},"modified":"2026-04-16T03:09:37","modified_gmt":"2026-04-16T00:09:37","slug":"tum-kediler-uzaylidir","status":"publish","type":"product","link":"https:\/\/roveyayinevi.com.tr\/index.php\/urun\/tum-kediler-uzaylidir\/","title":{"rendered":"T\u00fcm Kediler Uzayl\u0131d\u0131r"},"content":{"rendered":"<p>Yerli bilimkurgu edebiyat\u0131n\u0131n \u00fcretken ve s\u0131rad\u0131\u015f\u0131 kalemi Polat Onat, ba\u015f d\u00f6nd\u00fcr\u00fcc\u00fc i\u00e7erikler bar\u0131nd\u0131ran \u00e7arp\u0131c\u0131 \u00f6yk\u00fclerinin yer ald\u0131\u011f\u0131 T\u00fcm Kediler Uzayl\u0131d\u0131r ile bamba\u015fka bilin\u00e7 koridorlar\u0131nda ar\u015f\u0131nl\u0131yor. M\u00fcthi\u015f akt\u00f6r Marlon Brando ve b\u00fcy\u00fck mucit Eb\u00fb&#8217;l \u0130z El-Cezeri, ger\u00e7ek\u00fcst\u00fc kurgusal perspektiflerle kitab\u0131m\u0131z\u0131n sayfalar\u0131na konuk oluyor. Konu\u015fan uzayl\u0131 kediler, yapay zek\u00e2 mahkemeleri, Trabzon&#8217;dan kalkan tuhaf uzay meki\u011fi, k\u0131yamet g\u00fcn\u00fcn\u00fcn deh\u015fetinden ka\u00e7an insanlar, robotlar\u0131n bask\u0131c\u0131 h\u00e2kimiyetine ba\u015fkald\u0131ran gizemli bir klan&#8230; Bu kitab\u0131 a\u00e7t\u0131\u011f\u0131n\u0131z anda, keyifli bir okuma ser\u00fcvenin ilk ad\u0131m\u0131n\u0131 atm\u0131\u015f olacaks\u0131n\u0131z. <\/p>\n","protected":false},"excerpt":{"rendered":"<p>Yerli bilimkurgu edebiyat\u0131n\u0131n \u00fcretken ve s\u0131rad\u0131\u015f\u0131 kalemi Polat Onat, ba\u015f d\u00f6nd\u00fcr\u00fcc\u00fc i\u00e7erikler bar\u0131nd\u0131ran \u00e7arp\u0131c\u0131 \u00f6yk\u00fclerinin yer ald\u0131\u011f\u0131 T\u00fcm Kediler Uzayl\u0131d\u0131r ile bamba\u015fka bilin\u00e7 koridorlar\u0131nda ar\u015f\u0131nl\u0131yor. M\u00fcthi\u015f<span class=\"excerpt-hellip\"> [\u2026]<\/span><\/p>\n","protected":false},"featured_media":0,"template":"","meta":{"_monsterinsights_skip_tracking":false,"_monsterinsights_sitenote_active":false,"_monsterinsights_sitenote_note":"","_monsterinsights_sitenote_category":0},"product_brand":[],"product_cat":[12540,12291],"product_tag":[],"class_list":{"0":"post-756522","1":"product","2":"type-product","3":"status-publish","5":"product_cat-bilim-kurgu","6":"product_cat-edebiyat","7":"pa_cilt-ciltsiz","8":"pa_tur-kitap","9":"pa_yayinevi-bugday-yayinlari","10":"pa_yazar-polat-onat","12":"first","13":"instock","14":"sale","15":"shipping-taxable","16":"purchasable","17":"product-type-simple"},"_links":{"self":[{"href":"https:\/\/roveyayinevi.com.tr\/index.php\/wp-json\/wp\/v2\/product\/756522","targetHints":{"allow":["GET"]}}],"collection":[{"href":"https:\/\/roveyayinevi.com.tr\/index.php\/wp-json\/wp\/v2\/product"}],"about":[{"href":"https:\/\/roveyayinevi.com.tr\/index.php\/wp-json\/wp\/v2\/types\/product"}],"wp:attachment":[{"href":"https:\/\/roveyayinevi.com.tr\/index.php\/wp-json\/wp\/v2\/media?parent=756522"}],"wp:term":[{"taxonomy":"product_brand","embeddable":true,"href":"https:\/\/roveyayinevi.com.tr\/index.php\/wp-json\/wp\/v2\/product_brand?post=756522"},{"taxonomy":"product_cat","embeddable":true,"href":"https:\/\/roveyayinevi.com.tr\/index.php\/wp-json\/wp\/v2\/product_cat?post=756522"},{"taxonomy":"product_tag","embeddable":true,"href":"https:\/\/roveyayinevi.com.tr\/index.php\/wp-json\/wp\/v2\/product_tag?post=756522"}],"curies":[{"name":"wp","href":"https:\/\/api.w.org\/{rel}","templated":true}]}}