{"id":756521,"date":"2025-08-28T07:10:27","date_gmt":"2025-08-28T04:10:27","guid":{"rendered":"https:\/\/roveyayinevi.com.tr\/index.php\/urun\/nikbin-olunuz\/"},"modified":"2026-04-15T03:20:50","modified_gmt":"2026-04-15T00:20:50","slug":"nikbin-olunuz","status":"publish","type":"product","link":"https:\/\/roveyayinevi.com.tr\/index.php\/urun\/nikbin-olunuz\/","title":{"rendered":"Nikbin Olunuz"},"content":{"rendered":"<p>\u015eimdi hep birlikte bir s\u0131rr\u0131, Nikbinli\u011fi ke\u015ffedece\u011fiz. Sizi hayat\u0131n kontrol\u00fcnden \u00e7\u0131kar\u0131p hayat\u0131 sizin emrinize verecek bir s\u0131r. Nikbinlik adeta sihirli bir de\u011fnektir, dilek s\u0131n\u0131r\u0131 olmadan her istedi\u011finizi ger\u00e7ekle\u015ftirecek ve yan\u0131n\u0131zdan ayr\u0131lmayacak bir lamba cinidir. Fantastik gibi g\u00f6r\u00fcnen bu c\u00fcmlenin ger\u00e7ekli\u011fini size \u00fcnl\u00fc Frans\u0131z t\u0131p doktoru Victor Pauchet kan\u0131tlayacak. Bu kadim s\u0131rr\u0131n, sa\u011fl\u0131\u011f\u0131n\u0131zdan ailenize, e\u011fitim hayat\u0131n\u0131zdan i\u015f hayat\u0131n\u0131za kadar ne b\u00fcy\u00fck tesirleri olaca\u011f\u0131n\u0131 bir bilim adam\u0131n\u0131n c\u00fcmlelerinde g\u00f6receksiniz. Nikbin insan, kuru ba\u015far\u0131lar\u0131 olan yaln\u0131z insan\u0131n tam tersi; aranan, \u00f6zlenen, merak edilen, etraf\u0131na \u0131\u015f\u0131k sa\u00e7an insand\u0131r. Nikbinlik, sizleri d\u00fc\u015f at\u0131na bindirip hayallerinizin ger\u00e7ek oldu\u011fu diyara ta\u015f\u0131yacak \u00e7ok kudretli bir ara\u00e7t\u0131r. Unutmay\u0131n\u0131z ki istedi\u011finiz her \u015fey olabilirsiniz, \u00f6nce nikbin olursan\u0131z. <\/p>\n","protected":false},"excerpt":{"rendered":"<p>\u015eimdi hep birlikte bir s\u0131rr\u0131, Nikbinli\u011fi ke\u015ffedece\u011fiz. Sizi hayat\u0131n kontrol\u00fcnden \u00e7\u0131kar\u0131p hayat\u0131 sizin emrinize verecek bir s\u0131r. Nikbinlik adeta sihirli bir de\u011fnektir, dilek s\u0131n\u0131r\u0131 olmadan her<span class=\"excerpt-hellip\"> [\u2026]<\/span><\/p>\n","protected":false},"featured_media":0,"template":"","meta":{"_monsterinsights_skip_tracking":false,"_monsterinsights_sitenote_active":false,"_monsterinsights_sitenote_note":"","_monsterinsights_sitenote_category":0},"product_brand":[],"product_cat":[12364,12376],"product_tag":[],"class_list":{"0":"post-756521","1":"product","2":"type-product","3":"status-publish","5":"product_cat-genel-konular","6":"product_cat-kisisel-gelisim","7":"pa_cilt-ciltsiz","8":"pa_tur-kitap","9":"pa_yayinevi-bugday-yayinlari","10":"pa_yazar-victor-pauchet","12":"first","13":"instock","14":"sale","15":"shipping-taxable","16":"purchasable","17":"product-type-simple"},"_links":{"self":[{"href":"https:\/\/roveyayinevi.com.tr\/index.php\/wp-json\/wp\/v2\/product\/756521","targetHints":{"allow":["GET"]}}],"collection":[{"href":"https:\/\/roveyayinevi.com.tr\/index.php\/wp-json\/wp\/v2\/product"}],"about":[{"href":"https:\/\/roveyayinevi.com.tr\/index.php\/wp-json\/wp\/v2\/types\/product"}],"wp:attachment":[{"href":"https:\/\/roveyayinevi.com.tr\/index.php\/wp-json\/wp\/v2\/media?parent=756521"}],"wp:term":[{"taxonomy":"product_brand","embeddable":true,"href":"https:\/\/roveyayinevi.com.tr\/index.php\/wp-json\/wp\/v2\/product_brand?post=756521"},{"taxonomy":"product_cat","embeddable":true,"href":"https:\/\/roveyayinevi.com.tr\/index.php\/wp-json\/wp\/v2\/product_cat?post=756521"},{"taxonomy":"product_tag","embeddable":true,"href":"https:\/\/roveyayinevi.com.tr\/index.php\/wp-json\/wp\/v2\/product_tag?post=756521"}],"curies":[{"name":"wp","href":"https:\/\/api.w.org\/{rel}","templated":true}]}}