{"id":756520,"date":"2025-08-28T07:10:26","date_gmt":"2025-08-28T04:10:26","guid":{"rendered":"https:\/\/roveyayinevi.com.tr\/index.php\/urun\/genc-kaliniz\/"},"modified":"2026-04-05T03:12:02","modified_gmt":"2026-04-05T00:12:02","slug":"genc-kaliniz","status":"publish","type":"product","link":"https:\/\/roveyayinevi.com.tr\/index.php\/urun\/genc-kaliniz\/","title":{"rendered":"Gen\u00e7 Kal\u0131n\u0131z"},"content":{"rendered":"<p>Gen\u00e7li\u011fi belirleyen do\u011fum tarihi ve i\u00e7inde bulunulan tarih aras\u0131nda ge\u00e7en s\u00fcre de\u011fildir. Gen\u00e7lik bir ya\u015fam \u015fekli, ihtiyarl\u0131k ise bir dizi yanl\u0131\u015f\u0131n sonucudur sadece. \u0130htiyarl\u0131\u011f\u0131 getiren zaman de\u011fil, o zaman\u0131 yanl\u0131\u015f ya\u015fayan insand\u0131r. Hi\u00e7bir insan ya\u015flanmaz ama her insan kendi kendini ihtiyarlat\u0131r. \u00dcnl\u00fc Frans\u0131z cerrah Victor Pauchet, ya\u015fl\u0131l\u0131\u011f\u0131 bir zehirlenme olarak tan\u0131ml\u0131yor, bu zehrin olu\u015fma nedenlerini, korunma y\u00f6ntemlerini ve en \u00f6nemlisi var olan zehirden kurtulman\u0131n form\u00fcl\u00fcn\u00fc veriyor. \u201cYirmi ya\u015f\u0131ndaki ihtiyar adam\u201d, \u201cYetmi\u015f ya\u015f\u0131ndaki gen\u00e7 kad\u0131n\u201d ifadelerinin asl\u0131nda hi\u00e7 de yersiz olmad\u0131\u011f\u0131n\u0131 e\u015fsiz anlat\u0131m\u0131yla kan\u0131tl\u0131yor. Okuyucusunun hayat\u0131n\u0131 yeniden yap\u0131land\u0131racak, gen\u00e7leri hep gen\u00e7 tutacak, gen\u00e7li\u011fi zehirlenenleri i\u00e7lerindeki zehirden kurtaracak olan bu eser, yediden yetmi\u015fe herkesin ilgisini \u00e7ekecek ve faydal\u0131 olacak niteliktedir. <\/p>\n","protected":false},"excerpt":{"rendered":"<p>Gen\u00e7li\u011fi belirleyen do\u011fum tarihi ve i\u00e7inde bulunulan tarih aras\u0131nda ge\u00e7en s\u00fcre de\u011fildir. Gen\u00e7lik bir ya\u015fam \u015fekli, ihtiyarl\u0131k ise bir dizi yanl\u0131\u015f\u0131n sonucudur sadece. \u0130htiyarl\u0131\u011f\u0131 getiren zaman<span class=\"excerpt-hellip\"> [\u2026]<\/span><\/p>\n","protected":false},"featured_media":0,"template":"","meta":{"_monsterinsights_skip_tracking":false,"_monsterinsights_sitenote_active":false,"_monsterinsights_sitenote_note":"","_monsterinsights_sitenote_category":0},"product_brand":[],"product_cat":[12364,12376],"product_tag":[],"class_list":{"0":"post-756520","1":"product","2":"type-product","3":"status-publish","5":"product_cat-genel-konular","6":"product_cat-kisisel-gelisim","7":"pa_cilt-ciltsiz","8":"pa_tur-kitap","9":"pa_yayinevi-bugday-yayinlari","10":"pa_yazar-victor-pauchet","12":"first","13":"instock","14":"sale","15":"shipping-taxable","16":"purchasable","17":"product-type-simple"},"_links":{"self":[{"href":"https:\/\/roveyayinevi.com.tr\/index.php\/wp-json\/wp\/v2\/product\/756520","targetHints":{"allow":["GET"]}}],"collection":[{"href":"https:\/\/roveyayinevi.com.tr\/index.php\/wp-json\/wp\/v2\/product"}],"about":[{"href":"https:\/\/roveyayinevi.com.tr\/index.php\/wp-json\/wp\/v2\/types\/product"}],"wp:attachment":[{"href":"https:\/\/roveyayinevi.com.tr\/index.php\/wp-json\/wp\/v2\/media?parent=756520"}],"wp:term":[{"taxonomy":"product_brand","embeddable":true,"href":"https:\/\/roveyayinevi.com.tr\/index.php\/wp-json\/wp\/v2\/product_brand?post=756520"},{"taxonomy":"product_cat","embeddable":true,"href":"https:\/\/roveyayinevi.com.tr\/index.php\/wp-json\/wp\/v2\/product_cat?post=756520"},{"taxonomy":"product_tag","embeddable":true,"href":"https:\/\/roveyayinevi.com.tr\/index.php\/wp-json\/wp\/v2\/product_tag?post=756520"}],"curies":[{"name":"wp","href":"https:\/\/api.w.org\/{rel}","templated":true}]}}