{"id":756519,"date":"2025-08-28T07:10:25","date_gmt":"2025-08-28T04:10:25","guid":{"rendered":"https:\/\/roveyayinevi.com.tr\/index.php\/urun\/fizyonomi\/"},"modified":"2026-04-03T03:11:15","modified_gmt":"2026-04-03T00:11:15","slug":"fizyonomi","status":"publish","type":"product","link":"https:\/\/roveyayinevi.com.tr\/index.php\/urun\/fizyonomi\/","title":{"rendered":"Fizyonomi"},"content":{"rendered":"<p>Y\u00fcz, insan\u0131n en ola\u011fan\u00fcst\u00fc b\u00f6lgesidir. Bir insan\u0131n y\u00fcz\u00fcne bakarak karakterinden sa\u011fl\u0131\u011f\u0131na kadar pek \u00e7ok niteli\u011fini okuyabilirsiniz. \u0130\u015fte bu sanata Do\u011fu Medeniyeti&#8217;nde &#8220;ilmi sima&#8221;, Bat\u0131&#8217;da ise &#8220;fizyonomi&#8221; denmi\u015ftir. \u0130skender Fahrettin Sertelli&#8217;ye ait bu kitapta ilmi sima sanat\u0131n\u0131n t\u00fcm incelikleri detayl\u0131 ara\u015ft\u0131rma ve \u00f6rneklerle okuyucuya sunulmu\u015ftur. Bir foto\u011fraftan yap\u0131labilecek isabetli analizler okuyucuyu hayrete d\u00fc\u015f\u00fcrecek niteliktedir. Sertelli, bu sanatta olan ba\u015far\u0131s\u0131yla \u00fclke s\u0131n\u0131rlar\u0131n\u0131 dahi a\u015farak Amerika&#8217;dan davet alm\u0131\u015f ve Amerikan gazetelerinde &#8220;Do\u011fu&#8217;dan Gelen Esrarengiz Adam&#8221; ba\u015fl\u0131\u011f\u0131yla servis edilmi\u015ftir. <\/p>\n","protected":false},"excerpt":{"rendered":"<p>Y\u00fcz, insan\u0131n en ola\u011fan\u00fcst\u00fc b\u00f6lgesidir. Bir insan\u0131n y\u00fcz\u00fcne bakarak karakterinden sa\u011fl\u0131\u011f\u0131na kadar pek \u00e7ok niteli\u011fini okuyabilirsiniz. \u0130\u015fte bu sanata Do\u011fu Medeniyeti&#8217;nde &#8220;ilmi sima&#8221;, Bat\u0131&#8217;da ise &#8220;fizyonomi&#8221;<span class=\"excerpt-hellip\"> [\u2026]<\/span><\/p>\n","protected":false},"featured_media":0,"template":"","meta":{"_monsterinsights_skip_tracking":false,"_monsterinsights_sitenote_active":false,"_monsterinsights_sitenote_note":"","_monsterinsights_sitenote_category":0},"product_brand":[],"product_cat":[12364,12376],"product_tag":[],"class_list":{"0":"post-756519","1":"product","2":"type-product","3":"status-publish","5":"product_cat-genel-konular","6":"product_cat-kisisel-gelisim","7":"pa_cilt-ciltsiz","8":"pa_tur-kitap","9":"pa_yayinevi-bugday-yayinlari","10":"pa_yazar-iskender-fahrettin-sertelli","12":"first","13":"instock","14":"sale","15":"shipping-taxable","16":"purchasable","17":"product-type-simple"},"_links":{"self":[{"href":"https:\/\/roveyayinevi.com.tr\/index.php\/wp-json\/wp\/v2\/product\/756519","targetHints":{"allow":["GET"]}}],"collection":[{"href":"https:\/\/roveyayinevi.com.tr\/index.php\/wp-json\/wp\/v2\/product"}],"about":[{"href":"https:\/\/roveyayinevi.com.tr\/index.php\/wp-json\/wp\/v2\/types\/product"}],"wp:attachment":[{"href":"https:\/\/roveyayinevi.com.tr\/index.php\/wp-json\/wp\/v2\/media?parent=756519"}],"wp:term":[{"taxonomy":"product_brand","embeddable":true,"href":"https:\/\/roveyayinevi.com.tr\/index.php\/wp-json\/wp\/v2\/product_brand?post=756519"},{"taxonomy":"product_cat","embeddable":true,"href":"https:\/\/roveyayinevi.com.tr\/index.php\/wp-json\/wp\/v2\/product_cat?post=756519"},{"taxonomy":"product_tag","embeddable":true,"href":"https:\/\/roveyayinevi.com.tr\/index.php\/wp-json\/wp\/v2\/product_tag?post=756519"}],"curies":[{"name":"wp","href":"https:\/\/api.w.org\/{rel}","templated":true}]}}