{"id":756514,"date":"2025-08-28T07:10:15","date_gmt":"2025-08-28T04:10:15","guid":{"rendered":"https:\/\/roveyayinevi.com.tr\/index.php\/urun\/cocuklarimizi-hapseden-ekranlar\/"},"modified":"2026-04-16T03:09:37","modified_gmt":"2026-04-16T00:09:37","slug":"cocuklarimizi-hapseden-ekranlar","status":"publish","type":"product","link":"https:\/\/roveyayinevi.com.tr\/index.php\/urun\/cocuklarimizi-hapseden-ekranlar\/","title":{"rendered":"\u00c7ocuklar\u0131m\u0131z\u0131 Hapseden Ekranlar"},"content":{"rendered":"<p>\u00c7ocuklar\u0131m\u0131z\u0131 dijital ekranlarla dolu bir d\u00fcnyada ya\u015famaya nas\u0131l haz\u0131rlayabiliriz? Teknoloji kullan\u0131m\u0131n\u0131n yayg\u0131nla\u015fmas\u0131, \u00e7ocuklar\u0131m\u0131z\u0131 modern d\u00fcnyan\u0131n teknolojileriyle m\u00fcmk\u00fcn oldu\u011funca erken tan\u0131\u015ft\u0131rmam\u0131z gerekti\u011fi anlam\u0131na m\u0131 geliyor? Her \u015feyin giderek dijitalle\u015fti\u011fi bir d\u00fcnyada \u00e7ocuklar\u0131m\u0131z ger\u00e7eklikten kopma, dikkat da\u011f\u0131n\u0131kl\u0131\u011f\u0131, d\u0131\u015f motivasyon olu\u015fturma gibi sorunlarla kar\u015f\u0131 kar\u015f\u0131ya. Bilin\u00e7siz kullan\u0131m neticesinde \u201cdijital \u00e7ocuklar\u201d duyars\u0131z, tepkisiz ve daha az \u015fefkatli bireyler olmaya ba\u015fl\u0131yor.Catherine L\u2019Ecuyer bu iddial\u0131 kitapta, \u00e7ocuklar\u0131n her \u015feyden \u00f6nce duyusal deneyimlere ve olumlu insan etkile\u015fimine dayal\u0131 sa\u011flam bir ba\u011flanmaya ihtiyac\u0131 oldu\u011funu s\u00f6yl\u00fcyor. Bu nedenle L\u2019Ecuyer, e\u011fitimde inovasyonun, her zaman en yeni ve en ileri olan\u0131 aramak anlam\u0131na gelmedi\u011fini ispatl\u0131yor. \u00c7ocuklar\u0131m\u0131z\u0131 Hapseden Ekranlar, detayl\u0131 \u00e7al\u0131\u015fmalar ve somut \u00f6rneklerle bir dizi e\u011fitim ve teknoloji efsanesini y\u0131karken, yeni teknolojilerin bilin\u00e7li kullan\u0131m\u0131n\u0131n yani \u00e7evrim i\u00e7i d\u00fcnya i\u00e7in en iyi haz\u0131rl\u0131\u011f\u0131n nihayetinde \u00e7evrim d\u0131\u015f\u0131 d\u00fcnya oldu\u011funu g\u00f6steriyor.<\/p>\n","protected":false},"excerpt":{"rendered":"<p>\u00c7ocuklar\u0131m\u0131z\u0131 dijital ekranlarla dolu bir d\u00fcnyada ya\u015famaya nas\u0131l haz\u0131rlayabiliriz? Teknoloji kullan\u0131m\u0131n\u0131n yayg\u0131nla\u015fmas\u0131, \u00e7ocuklar\u0131m\u0131z\u0131 modern d\u00fcnyan\u0131n teknolojileriyle m\u00fcmk\u00fcn oldu\u011funca erken tan\u0131\u015ft\u0131rmam\u0131z gerekti\u011fi anlam\u0131na m\u0131 geliyor? Her \u015feyin<span class=\"excerpt-hellip\"> [\u2026]<\/span><\/p>\n","protected":false},"featured_media":0,"template":"","meta":{"_monsterinsights_skip_tracking":false,"_monsterinsights_sitenote_active":false,"_monsterinsights_sitenote_note":"","_monsterinsights_sitenote_category":0},"product_brand":[],"product_cat":[12831,12324],"product_tag":[],"class_list":{"0":"post-756514","1":"product","2":"type-product","3":"status-publish","5":"product_cat-aile-ve-cocuk","6":"product_cat-sosyoloji","7":"pa_cilt-ciltsiz","8":"pa_tur-kitap","9":"pa_yayinevi-erdem-yayinlari","10":"pa_yazar-catherine-lecuyer","12":"first","13":"instock","14":"sale","15":"shipping-taxable","16":"purchasable","17":"product-type-simple"},"_links":{"self":[{"href":"https:\/\/roveyayinevi.com.tr\/index.php\/wp-json\/wp\/v2\/product\/756514","targetHints":{"allow":["GET"]}}],"collection":[{"href":"https:\/\/roveyayinevi.com.tr\/index.php\/wp-json\/wp\/v2\/product"}],"about":[{"href":"https:\/\/roveyayinevi.com.tr\/index.php\/wp-json\/wp\/v2\/types\/product"}],"wp:attachment":[{"href":"https:\/\/roveyayinevi.com.tr\/index.php\/wp-json\/wp\/v2\/media?parent=756514"}],"wp:term":[{"taxonomy":"product_brand","embeddable":true,"href":"https:\/\/roveyayinevi.com.tr\/index.php\/wp-json\/wp\/v2\/product_brand?post=756514"},{"taxonomy":"product_cat","embeddable":true,"href":"https:\/\/roveyayinevi.com.tr\/index.php\/wp-json\/wp\/v2\/product_cat?post=756514"},{"taxonomy":"product_tag","embeddable":true,"href":"https:\/\/roveyayinevi.com.tr\/index.php\/wp-json\/wp\/v2\/product_tag?post=756514"}],"curies":[{"name":"wp","href":"https:\/\/api.w.org\/{rel}","templated":true}]}}