{"id":756512,"date":"2025-08-28T07:10:12","date_gmt":"2025-08-28T04:10:12","guid":{"rendered":"https:\/\/roveyayinevi.com.tr\/index.php\/urun\/dedem-kodlama-ogreniyor\/"},"modified":"2026-04-16T03:09:37","modified_gmt":"2026-04-16T00:09:37","slug":"dedem-kodlama-ogreniyor","status":"publish","type":"product","link":"https:\/\/roveyayinevi.com.tr\/index.php\/urun\/dedem-kodlama-ogreniyor\/","title":{"rendered":"Dedem Kodlama \u00d6\u011freniyor"},"content":{"rendered":"<p>G\u00fcn\u00fcm\u00fczde pek \u00e7ok \u00e7ocu\u011fun kodlamaya ilgi duydu\u011funu, kendi kendine kodlar yazmaya \u00e7al\u0131\u015ft\u0131\u011f\u0131n\u0131 biliyoruz. Kahraman\u0131m\u0131z Mete de \u00f6yle bir \u00e7ocuk. \u00c7evreden \u00f6\u011frendikleriyle kodlar yazmaya ba\u015flam\u0131\u015f. Ama kahraman\u0131m\u0131z\u0131n bir sorunu var: O bilgisayarda b\u00f6yle i\u015fler yapmaya \u00e7al\u0131\u015f\u0131rken dedesi ve anneannesi \u201cYine oturdu bilgisayar ba\u015f\u0131nda t\u0131k\u0131r t\u0131k\u0131r.\u201d diyerek \u015fik\u00e2yet eder. Mete bu duruma bir \u00e7\u00f6z\u00fcm bulmal\u0131d\u0131r. Akl\u0131na parlak bir fikir gelir: Dedesine kodlama \u00f6\u011fretmek. Kodlaman\u0131n temel kurallar\u0131n\u0131, uygulamalar\u0131n\u0131 \u00f6\u011fretmeye \u00e7al\u0131\u015f\u0131r. Tabii dedesine \u00f6\u011fretirken e\u011flenceli, komik anlar ya\u015fan\u0131r. Acaba dedesi kodlama \u00f6\u011frenebilecek mi?<\/p>\n","protected":false},"excerpt":{"rendered":"<p>G\u00fcn\u00fcm\u00fczde pek \u00e7ok \u00e7ocu\u011fun kodlamaya ilgi duydu\u011funu, kendi kendine kodlar yazmaya \u00e7al\u0131\u015ft\u0131\u011f\u0131n\u0131 biliyoruz. Kahraman\u0131m\u0131z Mete de \u00f6yle bir \u00e7ocuk. \u00c7evreden \u00f6\u011frendikleriyle kodlar yazmaya ba\u015flam\u0131\u015f. Ama kahraman\u0131m\u0131z\u0131n<span class=\"excerpt-hellip\"> [\u2026]<\/span><\/p>\n","protected":false},"featured_media":0,"template":"","meta":{"_monsterinsights_skip_tracking":false,"_monsterinsights_sitenote_active":false,"_monsterinsights_sitenote_note":"","_monsterinsights_sitenote_category":0},"product_brand":[],"product_cat":[13829,12274],"product_tag":[],"class_list":{"0":"post-756512","1":"product","2":"type-product","3":"status-publish","5":"product_cat-bilimsel-kitaplar","6":"product_cat-cocuk-ve-genclik-kitaplari","7":"pa_cilt-ciltsiz","8":"pa_tur-kitap","9":"pa_yayinevi-erdem-cocuk","10":"pa_yazar-cansu-demirbag","12":"first","13":"instock","14":"sale","15":"shipping-taxable","16":"purchasable","17":"product-type-simple"},"_links":{"self":[{"href":"https:\/\/roveyayinevi.com.tr\/index.php\/wp-json\/wp\/v2\/product\/756512","targetHints":{"allow":["GET"]}}],"collection":[{"href":"https:\/\/roveyayinevi.com.tr\/index.php\/wp-json\/wp\/v2\/product"}],"about":[{"href":"https:\/\/roveyayinevi.com.tr\/index.php\/wp-json\/wp\/v2\/types\/product"}],"wp:attachment":[{"href":"https:\/\/roveyayinevi.com.tr\/index.php\/wp-json\/wp\/v2\/media?parent=756512"}],"wp:term":[{"taxonomy":"product_brand","embeddable":true,"href":"https:\/\/roveyayinevi.com.tr\/index.php\/wp-json\/wp\/v2\/product_brand?post=756512"},{"taxonomy":"product_cat","embeddable":true,"href":"https:\/\/roveyayinevi.com.tr\/index.php\/wp-json\/wp\/v2\/product_cat?post=756512"},{"taxonomy":"product_tag","embeddable":true,"href":"https:\/\/roveyayinevi.com.tr\/index.php\/wp-json\/wp\/v2\/product_tag?post=756512"}],"curies":[{"name":"wp","href":"https:\/\/api.w.org\/{rel}","templated":true}]}}