{"id":756511,"date":"2025-08-28T07:10:10","date_gmt":"2025-08-28T04:10:10","guid":{"rendered":"https:\/\/roveyayinevi.com.tr\/index.php\/urun\/amasyali-hekim-sabuncuoglu-serefeddin-bilimin-onculeri\/"},"modified":"2026-04-16T03:09:37","modified_gmt":"2026-04-16T00:09:37","slug":"amasyali-hekim-sabuncuoglu-serefeddin-bilimin-onculeri","status":"publish","type":"product","link":"https:\/\/roveyayinevi.com.tr\/index.php\/urun\/amasyali-hekim-sabuncuoglu-serefeddin-bilimin-onculeri\/","title":{"rendered":"Amasyal\u0131 Hekim Sabuncuo\u011flu \u015eerefeddin &#8211; Bilimin \u00d6nc\u00fcleri"},"content":{"rendered":"<p>Amasya denilince ilk akla gelen isimlerdendir Sabuncuo\u011flu \u015eerefeddin. Sabuncuo\u011flu \u015eerefeddin denilince de kendi \u00e7izdi\u011fi resimlerle d\u00f6nemin ilk resimli t\u0131p kitab\u0131n\u0131 yazan hekim oldu\u011fu akla gelir. Bu kitapta, hastal\u0131klar\u0131 iyile\u015ftirmek i\u00e7in kulland\u0131\u011f\u0131 farkl\u0131 tedavi y\u00f6ntemleriyle ve yazd\u0131\u011f\u0131 kitaplarla t\u0131p ilmine b\u00fcy\u00fck katk\u0131 sa\u011flayan cerrah\/hekim Sabuncuo\u011flu \u015eerefeddin\u2019in hayat\u0131n\u0131 okuyacaks\u0131n\u0131z. B\u00f6ylece \u00e7ocuklar\u0131m\u0131z idealleri do\u011frultunsa \u00e7al\u0131\u015fan insan\u0131n nas\u0131l ba\u015far\u0131l\u0131 olaca\u011f\u0131n\u0131 g\u00f6recekler.<\/p>\n","protected":false},"excerpt":{"rendered":"<p>Amasya denilince ilk akla gelen isimlerdendir Sabuncuo\u011flu \u015eerefeddin. Sabuncuo\u011flu \u015eerefeddin denilince de kendi \u00e7izdi\u011fi resimlerle d\u00f6nemin ilk resimli t\u0131p kitab\u0131n\u0131 yazan hekim oldu\u011fu akla gelir. Bu<span class=\"excerpt-hellip\"> [\u2026]<\/span><\/p>\n","protected":false},"featured_media":0,"template":"","meta":{"_monsterinsights_skip_tracking":false,"_monsterinsights_sitenote_active":false,"_monsterinsights_sitenote_note":"","_monsterinsights_sitenote_category":0},"product_brand":[],"product_cat":[12274,12631],"product_tag":[],"class_list":{"0":"post-756511","1":"product","2":"type-product","3":"status-publish","5":"product_cat-cocuk-ve-genclik-kitaplari","6":"product_cat-diger-cocuk-ve-genclik-kitaplari","7":"pa_cilt-ciltsiz","8":"pa_tur-kitap","9":"pa_yayinevi-erdem-cocuk","10":"pa_yazar-ayse-can-yagmur","12":"first","13":"instock","14":"sale","15":"shipping-taxable","16":"purchasable","17":"product-type-simple"},"_links":{"self":[{"href":"https:\/\/roveyayinevi.com.tr\/index.php\/wp-json\/wp\/v2\/product\/756511","targetHints":{"allow":["GET"]}}],"collection":[{"href":"https:\/\/roveyayinevi.com.tr\/index.php\/wp-json\/wp\/v2\/product"}],"about":[{"href":"https:\/\/roveyayinevi.com.tr\/index.php\/wp-json\/wp\/v2\/types\/product"}],"wp:attachment":[{"href":"https:\/\/roveyayinevi.com.tr\/index.php\/wp-json\/wp\/v2\/media?parent=756511"}],"wp:term":[{"taxonomy":"product_brand","embeddable":true,"href":"https:\/\/roveyayinevi.com.tr\/index.php\/wp-json\/wp\/v2\/product_brand?post=756511"},{"taxonomy":"product_cat","embeddable":true,"href":"https:\/\/roveyayinevi.com.tr\/index.php\/wp-json\/wp\/v2\/product_cat?post=756511"},{"taxonomy":"product_tag","embeddable":true,"href":"https:\/\/roveyayinevi.com.tr\/index.php\/wp-json\/wp\/v2\/product_tag?post=756511"}],"curies":[{"name":"wp","href":"https:\/\/api.w.org\/{rel}","templated":true}]}}