{"id":756502,"date":"2025-08-28T07:09:54","date_gmt":"2025-08-28T04:09:54","guid":{"rendered":"https:\/\/roveyayinevi.com.tr\/index.php\/urun\/sinirlari-asan-dilbilim-1-cilt\/"},"modified":"2026-04-16T03:09:36","modified_gmt":"2026-04-16T00:09:36","slug":"sinirlari-asan-dilbilim-1-cilt","status":"publish","type":"product","link":"https:\/\/roveyayinevi.com.tr\/index.php\/urun\/sinirlari-asan-dilbilim-1-cilt\/","title":{"rendered":"S\u0131n\u0131rlar\u0131 A\u015fan Dilbilim \u2013 1. Cilt"},"content":{"rendered":"<p>Bilim d\u00fcnyas\u0131nda yenilik ve de\u011fi\u015fimleri payla\u015fabilmek, izleyebilmek ve tart\u0131\u015fabilmek i\u00e7in anadilinde \u00fcretilmi\u015f bilimsel yaz\u0131lardaki bilgilerin yine anadili konu\u015fucular\u0131nca kavranmas\u0131 ve bu yolla ba\u015fka bir \u00fcretim s\u00fcrecinin ba\u015flat\u0131lmas\u0131 gerekmektedir. Bunun ilk basama\u011f\u0131 da derinlikli anlamakla ilerlemesi beklenen bilimsel d\u00fc\u015f\u00fcnme sistemati\u011finin kendi kendinelik de\u011feri \u00e7er\u00e7evesinde arac\u0131s\u0131z olarak ger\u00e7ekle\u015fmesidir. Bu do\u011frultuda, elinizdeki kitapta ayr\u0131 bir alan olarak ortaya \u00e7\u0131kmas\u0131ndan bu yana yaln\u0131zca kendi s\u0131n\u0131rlar\u0131n\u0131 de\u011fil, ili\u015fkili oldu\u011fu di\u011fer disiplinlerin de s\u0131n\u0131rlar\u0131n\u0131 a\u015fan ve bir\u00e7ok alan\u0131n ortak paydas\u0131nda konumlanan Dilbilim, geni\u015f oylumlu alt alanlar\u0131yla ele al\u0131nmaktad\u0131r. T\u00fcm b\u00f6l\u00fcmler ilgili alan\u0131n ne oldu\u011fu, tarih\u00e7esi, temel terim ve kavramlar\u0131, ama\u00e7lar\u0131, neden b\u00f6yle bir alan\u0131n bulundu\u011fu, alandaki ba\u015fat ve g\u00fcncel ara\u015ft\u0131rmalar, kuramsal\/genel dilbilime katk\u0131s\u0131\/alana y\u00f6nelik bulgular\u0131n dil kuramlar\u0131 a\u00e7\u0131s\u0131ndan nas\u0131l yorumlanabilece\u011fi, alan\u0131n -varsa- t\u00fcrleri ve\/ya alt ulamlar\u0131n\u0131n neler olduklar\u0131 gibi pek \u00e7ok bilgiyi i\u00e7inde bar\u0131nd\u0131rmaktad\u0131r. Deyim yerindeyse \u00e7\u00f6lde vaha niteli\u011fi ta\u015f\u0131yan bu kitap yaln\u0131zca dilbilim ara\u015ft\u0131rmac\u0131lar\u0131na de\u011fil, verili olanla verili olmayan\u0131 anlama ser\u00fcvenine e\u015flik etmek isteyen t\u00fcm okurlar\u0131n zihinsel kavray\u0131\u015flar\u0131na yol g\u00f6sterecek bir kaynakt\u0131r.\u201c\u0130yi i\u015flenmi\u015f bir bilim, iyi kurulmu\u015f bir dilden ibarettir.\u201d \u2013Condillac<\/p>\n","protected":false},"excerpt":{"rendered":"<p>Bilim d\u00fcnyas\u0131nda yenilik ve de\u011fi\u015fimleri payla\u015fabilmek, izleyebilmek ve tart\u0131\u015fabilmek i\u00e7in anadilinde \u00fcretilmi\u015f bilimsel yaz\u0131lardaki bilgilerin yine anadili konu\u015fucular\u0131nca kavranmas\u0131 ve bu yolla ba\u015fka bir \u00fcretim s\u00fcrecinin<span class=\"excerpt-hellip\"> [\u2026]<\/span><\/p>\n","protected":false},"featured_media":0,"template":"","meta":{"_monsterinsights_skip_tracking":false,"_monsterinsights_sitenote_active":false,"_monsterinsights_sitenote_note":"","_monsterinsights_sitenote_category":0},"product_brand":[],"product_cat":[20225,12291],"product_tag":[],"class_list":{"0":"post-756502","1":"product","2":"type-product","3":"status-publish","5":"product_cat-dil-bilim","6":"product_cat-edebiyat","7":"pa_cilt-ciltsiz","8":"pa_tur-kitap","9":"pa_yayinevi-ithaki-yayinlari","10":"pa_yazar-kolektif","12":"first","13":"instock","14":"sale","15":"shipping-taxable","16":"purchasable","17":"product-type-simple"},"_links":{"self":[{"href":"https:\/\/roveyayinevi.com.tr\/index.php\/wp-json\/wp\/v2\/product\/756502","targetHints":{"allow":["GET"]}}],"collection":[{"href":"https:\/\/roveyayinevi.com.tr\/index.php\/wp-json\/wp\/v2\/product"}],"about":[{"href":"https:\/\/roveyayinevi.com.tr\/index.php\/wp-json\/wp\/v2\/types\/product"}],"wp:attachment":[{"href":"https:\/\/roveyayinevi.com.tr\/index.php\/wp-json\/wp\/v2\/media?parent=756502"}],"wp:term":[{"taxonomy":"product_brand","embeddable":true,"href":"https:\/\/roveyayinevi.com.tr\/index.php\/wp-json\/wp\/v2\/product_brand?post=756502"},{"taxonomy":"product_cat","embeddable":true,"href":"https:\/\/roveyayinevi.com.tr\/index.php\/wp-json\/wp\/v2\/product_cat?post=756502"},{"taxonomy":"product_tag","embeddable":true,"href":"https:\/\/roveyayinevi.com.tr\/index.php\/wp-json\/wp\/v2\/product_tag?post=756502"}],"curies":[{"name":"wp","href":"https:\/\/api.w.org\/{rel}","templated":true}]}}