{"id":756501,"date":"2025-08-28T07:09:53","date_gmt":"2025-08-28T04:09:53","guid":{"rendered":"https:\/\/roveyayinevi.com.tr\/index.php\/urun\/suc-ve-bela-oykuleri\/"},"modified":"2026-04-16T03:09:36","modified_gmt":"2026-04-16T00:09:36","slug":"suc-ve-bela-oykuleri","status":"publish","type":"product","link":"https:\/\/roveyayinevi.com.tr\/index.php\/urun\/suc-ve-bela-oykuleri\/","title":{"rendered":"Su\u00e7 ve Bela \u00d6yk\u00fcleri"},"content":{"rendered":"<p>\u201cHayat\u0131m boyunca iki \u015feyden ka\u00e7amad\u0131m: Su\u00e7 ve bela&#8230;\u201dEmel Aslan\u2019\u0131n su\u00e7a fazlas\u0131yla kar\u0131\u015fm\u0131\u015f, belaya ziyadesiyle bula\u015fm\u0131\u015f \u00f6yk\u00fcleri, s\u00fcrprizli sonlar\u0131yla polisiyenin ne kadar tekinsiz bir t\u00fcr oldu\u011funu yeniden hat\u0131rlat\u0131yor! Su\u00e7 ve Bela \u00d6yk\u00fcleri \u00e7ocuk\u00e7a r\u00fcyalar\u0131n masumiyetinin, ili\u015fkilerin samimiyetinin, arkada\u015fl\u0131klar\u0131n sa\u011flaml\u0131\u011f\u0131n\u0131n, aile s\u0131cakl\u0131\u011f\u0131n\u0131n beklenmedik bir anda nas\u0131l parampar\u00e7a oldu\u011funa tan\u0131kl\u0131k etmeye davet ediyor okuru.\u201cVedala\u015fma dedi\u011fin tam da b\u00f6yle olur bence. A\u00e7\u0131k \u00e7emberler tamamlan\u0131r, bitmemi\u015f c\u00fcmlelere son noktalar konur.\u201d<\/p>\n","protected":false},"excerpt":{"rendered":"<p>\u201cHayat\u0131m boyunca iki \u015feyden ka\u00e7amad\u0131m: Su\u00e7 ve bela&#8230;\u201dEmel Aslan\u2019\u0131n su\u00e7a fazlas\u0131yla kar\u0131\u015fm\u0131\u015f, belaya ziyadesiyle bula\u015fm\u0131\u015f \u00f6yk\u00fcleri, s\u00fcrprizli sonlar\u0131yla polisiyenin ne kadar tekinsiz bir t\u00fcr oldu\u011funu yeniden<span class=\"excerpt-hellip\"> [\u2026]<\/span><\/p>\n","protected":false},"featured_media":0,"template":"","meta":{"_monsterinsights_skip_tracking":false,"_monsterinsights_sitenote_active":false,"_monsterinsights_sitenote_note":"","_monsterinsights_sitenote_category":0},"product_brand":[],"product_cat":[12291,17033],"product_tag":[],"class_list":{"0":"post-756501","1":"product","2":"type-product","3":"status-publish","5":"product_cat-edebiyat","6":"product_cat-korku-gerilim","7":"pa_cilt-ciltsiz","8":"pa_tur-kitap","9":"pa_yayinevi-ithaki-yayinlari","10":"pa_yazar-emel-aslan","12":"first","13":"instock","14":"sale","15":"shipping-taxable","16":"purchasable","17":"product-type-simple"},"_links":{"self":[{"href":"https:\/\/roveyayinevi.com.tr\/index.php\/wp-json\/wp\/v2\/product\/756501","targetHints":{"allow":["GET"]}}],"collection":[{"href":"https:\/\/roveyayinevi.com.tr\/index.php\/wp-json\/wp\/v2\/product"}],"about":[{"href":"https:\/\/roveyayinevi.com.tr\/index.php\/wp-json\/wp\/v2\/types\/product"}],"wp:attachment":[{"href":"https:\/\/roveyayinevi.com.tr\/index.php\/wp-json\/wp\/v2\/media?parent=756501"}],"wp:term":[{"taxonomy":"product_brand","embeddable":true,"href":"https:\/\/roveyayinevi.com.tr\/index.php\/wp-json\/wp\/v2\/product_brand?post=756501"},{"taxonomy":"product_cat","embeddable":true,"href":"https:\/\/roveyayinevi.com.tr\/index.php\/wp-json\/wp\/v2\/product_cat?post=756501"},{"taxonomy":"product_tag","embeddable":true,"href":"https:\/\/roveyayinevi.com.tr\/index.php\/wp-json\/wp\/v2\/product_tag?post=756501"}],"curies":[{"name":"wp","href":"https:\/\/api.w.org\/{rel}","templated":true}]}}