{"id":756500,"date":"2025-08-28T07:09:51","date_gmt":"2025-08-28T04:09:51","guid":{"rendered":"https:\/\/roveyayinevi.com.tr\/index.php\/urun\/savaslar-cagi\/"},"modified":"2026-04-16T03:09:36","modified_gmt":"2026-04-16T00:09:36","slug":"savaslar-cagi","status":"publish","type":"product","link":"https:\/\/roveyayinevi.com.tr\/index.php\/urun\/savaslar-cagi\/","title":{"rendered":"Sava\u015flar \u00c7a\u011f\u0131"},"content":{"rendered":"<p>MICHAEL J. SULLIVAN\u2019IN DESTANLAR \u00c7A\u011eI \u0130LE BA\u015eLAYAN EP\u0130K SER\u0130S\u0130 SAVA\u015eLAR \u00c7A\u011eI\u2019YLA DEVAM ED\u0130YOR.\u0130nsano\u011flu ile bir zamanlar onlar\u0131 y\u00f6neten zalim tanr\u0131sal varl\u0131klar aras\u0131ndaki destans\u0131 sava\u015f t\u00fcm yo\u011funlu\u011fuyla d\u00fcnyay\u0131 kas\u0131p kavuruyor. \u0130nsanlar\u0131n kurdu\u011fu ittifak k\u0131r\u0131lgand\u0131 ve daha \u00f6nce hi\u00e7 olmad\u0131\u011f\u0131 \u015fekilde s\u0131nan\u0131yordu. Persephone demir gibi iradesi ve merhametli kalbiyle insan klanlar\u0131n\u0131n birbirine d\u00fc\u015fmesini engelliyordu. Kibirli Fhreyler liderleri Nyphron taraf\u0131ndan zar zor kontrol alt\u0131nda tutulurken, Nyphron da sevgisiz bir evlilikle kendi hain g\u00fcndemini ilerletmeye \u00e7al\u0131\u015f\u0131yordu. Bu evlilik Persephone\u2019nin en \u00e7ok sevdi\u011fi ki\u015finin ihanetiyle sonu\u00e7lanacakt\u0131: Raithe, Tanr\u0131 Katili.Fhrey lordlar\u0131 isyan\u0131 bast\u0131rmak i\u00e7in ordular\u0131n\u0131 ve b\u00fcy\u00fcc\u00fclerini toplarken, sadakatler sorgulanacak ve yeni komplolar Persephone\u2019nin ba\u015fard\u0131\u011f\u0131 her \u015feyin yok olmas\u0131 ihtimalini do\u011furacakt\u0131. Umudun t\u00fckendi\u011fi o en karanl\u0131k zamanda, yeni kahramanlar y\u00fckselecekti ama&#8230; ama bunun bedeli ne olacakt\u0131?<\/p>\n","protected":false},"excerpt":{"rendered":"<p>MICHAEL J. SULLIVAN\u2019IN DESTANLAR \u00c7A\u011eI \u0130LE BA\u015eLAYAN EP\u0130K SER\u0130S\u0130 SAVA\u015eLAR \u00c7A\u011eI\u2019YLA DEVAM ED\u0130YOR.\u0130nsano\u011flu ile bir zamanlar onlar\u0131 y\u00f6neten zalim tanr\u0131sal varl\u0131klar aras\u0131ndaki destans\u0131 sava\u015f t\u00fcm yo\u011funlu\u011fuyla<span class=\"excerpt-hellip\"> [\u2026]<\/span><\/p>\n","protected":false},"featured_media":0,"template":"","meta":{"_monsterinsights_skip_tracking":false,"_monsterinsights_sitenote_active":false,"_monsterinsights_sitenote_note":"","_monsterinsights_sitenote_category":0},"product_brand":[],"product_cat":[12291,14777],"product_tag":[],"class_list":{"0":"post-756500","1":"product","2":"type-product","3":"status-publish","5":"product_cat-edebiyat","6":"product_cat-fantastik","7":"pa_cilt-ciltsiz","8":"pa_tur-kitap","9":"pa_yayinevi-ithaki-yayinlari","10":"pa_yazar-michael-j-sullivan","12":"first","13":"instock","14":"sale","15":"shipping-taxable","16":"purchasable","17":"product-type-simple"},"_links":{"self":[{"href":"https:\/\/roveyayinevi.com.tr\/index.php\/wp-json\/wp\/v2\/product\/756500","targetHints":{"allow":["GET"]}}],"collection":[{"href":"https:\/\/roveyayinevi.com.tr\/index.php\/wp-json\/wp\/v2\/product"}],"about":[{"href":"https:\/\/roveyayinevi.com.tr\/index.php\/wp-json\/wp\/v2\/types\/product"}],"wp:attachment":[{"href":"https:\/\/roveyayinevi.com.tr\/index.php\/wp-json\/wp\/v2\/media?parent=756500"}],"wp:term":[{"taxonomy":"product_brand","embeddable":true,"href":"https:\/\/roveyayinevi.com.tr\/index.php\/wp-json\/wp\/v2\/product_brand?post=756500"},{"taxonomy":"product_cat","embeddable":true,"href":"https:\/\/roveyayinevi.com.tr\/index.php\/wp-json\/wp\/v2\/product_cat?post=756500"},{"taxonomy":"product_tag","embeddable":true,"href":"https:\/\/roveyayinevi.com.tr\/index.php\/wp-json\/wp\/v2\/product_tag?post=756500"}],"curies":[{"name":"wp","href":"https:\/\/api.w.org\/{rel}","templated":true}]}}