{"id":756493,"date":"2025-08-28T07:09:36","date_gmt":"2025-08-28T04:09:36","guid":{"rendered":"https:\/\/roveyayinevi.com.tr\/index.php\/urun\/kirmizi-ve-siyah-6\/"},"modified":"2026-04-16T03:09:36","modified_gmt":"2026-04-16T00:09:36","slug":"kirmizi-ve-siyah-6","status":"publish","type":"product","link":"https:\/\/roveyayinevi.com.tr\/index.php\/urun\/kirmizi-ve-siyah-6\/","title":{"rendered":"K\u0131rm\u0131z\u0131 ve Siyah"},"content":{"rendered":"<p>Yak\u0131\u015f\u0131kl\u0131 ve h\u0131rsl\u0131 Julien Sorel k\u00f6yl\u00fc ge\u00e7mi\u015finden kurtulmaya kararl\u0131 ve i\u00e7inde bulundu\u011fu toplumun ikiy\u00fczl\u00fcl\u00fc\u011f\u00fcnden yararlanarak hayat\u0131n\u0131 kurmaya \u00e7al\u0131\u015fan bir karakterdir. Julien tutkular\u0131na kap\u0131l\u0131p bir su\u00e7 i\u015fler ve bu delilik onun sonunu getirir. K\u0131rm\u0131z\u0131 ve Siyah Waterloo Sava\u015f\u0131\u2019n\u0131n ard\u0131ndan \u00e7\u00fcr\u00fcme, h\u0131rs ve b\u0131kk\u0131nl\u0131kla delik de\u015fik olmu\u015f Frans\u0131z Restorasyon d\u00f6neminin yergi dolu bir resmini \u00e7izer. Makyavelist kampanyas\u0131n\u0131 kendi kendine bitiren istismarc\u0131 Julien\u2019in karma\u015f\u0131k ama bir o kadar da sempatik portresi, onu Stendhal\u2019\u0131n en insanc\u0131l ve Avrupa edebiyat\u0131n\u0131n en \u00f6nemli karakterlerinden biri haline getiriyor.<\/p>\n","protected":false},"excerpt":{"rendered":"<p>Yak\u0131\u015f\u0131kl\u0131 ve h\u0131rsl\u0131 Julien Sorel k\u00f6yl\u00fc ge\u00e7mi\u015finden kurtulmaya kararl\u0131 ve i\u00e7inde bulundu\u011fu toplumun ikiy\u00fczl\u00fcl\u00fc\u011f\u00fcnden yararlanarak hayat\u0131n\u0131 kurmaya \u00e7al\u0131\u015fan bir karakterdir. Julien tutkular\u0131na kap\u0131l\u0131p bir su\u00e7 i\u015fler<span class=\"excerpt-hellip\"> [\u2026]<\/span><\/p>\n","protected":false},"featured_media":0,"template":"","meta":{"_monsterinsights_skip_tracking":false,"_monsterinsights_sitenote_active":false,"_monsterinsights_sitenote_note":"","_monsterinsights_sitenote_category":0},"product_brand":[],"product_cat":[12291,12711],"product_tag":[],"class_list":{"0":"post-756493","1":"product","2":"type-product","3":"status-publish","5":"product_cat-edebiyat","6":"product_cat-roman-oyku","7":"pa_cilt-ciltsiz","8":"pa_tur-kitap","9":"pa_yayinevi-kitappazari-yayinlari","10":"pa_yazar-henri-beyle-stendhal","12":"first","13":"instock","14":"sale","15":"shipping-taxable","16":"purchasable","17":"product-type-simple"},"_links":{"self":[{"href":"https:\/\/roveyayinevi.com.tr\/index.php\/wp-json\/wp\/v2\/product\/756493","targetHints":{"allow":["GET"]}}],"collection":[{"href":"https:\/\/roveyayinevi.com.tr\/index.php\/wp-json\/wp\/v2\/product"}],"about":[{"href":"https:\/\/roveyayinevi.com.tr\/index.php\/wp-json\/wp\/v2\/types\/product"}],"wp:attachment":[{"href":"https:\/\/roveyayinevi.com.tr\/index.php\/wp-json\/wp\/v2\/media?parent=756493"}],"wp:term":[{"taxonomy":"product_brand","embeddable":true,"href":"https:\/\/roveyayinevi.com.tr\/index.php\/wp-json\/wp\/v2\/product_brand?post=756493"},{"taxonomy":"product_cat","embeddable":true,"href":"https:\/\/roveyayinevi.com.tr\/index.php\/wp-json\/wp\/v2\/product_cat?post=756493"},{"taxonomy":"product_tag","embeddable":true,"href":"https:\/\/roveyayinevi.com.tr\/index.php\/wp-json\/wp\/v2\/product_tag?post=756493"}],"curies":[{"name":"wp","href":"https:\/\/api.w.org\/{rel}","templated":true}]}}