{"id":756492,"date":"2025-08-28T07:09:34","date_gmt":"2025-08-28T04:09:34","guid":{"rendered":"https:\/\/roveyayinevi.com.tr\/index.php\/urun\/insan-ne-ile-yasar-24\/"},"modified":"2025-09-13T20:15:24","modified_gmt":"2025-09-13T17:15:24","slug":"insan-ne-ile-yasar-24","status":"publish","type":"product","link":"https:\/\/roveyayinevi.com.tr\/index.php\/urun\/insan-ne-ile-yasar-24\/","title":{"rendered":"\u0130nsan Ne \u0130le Ya\u015far"},"content":{"rendered":"<p>\u201c\u0130nsan Ne \u0130le Ya\u015far\u201d \u00fcnl\u00fc yazar Tolstoy\u2019un en \u00f6nemli eserlerinden biri olmakla birlikte, kitapta yer alan k\u0131sa hikayelerde Tolstoy, iyilik, k\u00f6t\u00fcl\u00fck, bencillik ve yard\u0131mseverlik gibi konular\u0131 i\u015fleyerek, okuyucular\u0131na ibret alacaklar\u0131 dersler vermeye ama\u00e7 edinir.Mesela kitaba ismini veren hikayede melek Michael, Tanr\u0131 taraf\u0131ndan verilen emri yerine getirmedi\u011fi i\u00e7in ceza olarak d\u00fcnyaya g\u00f6nderilir. Michael, kendisine verilen emirlerin \u00f6nemini, \u201c\u0130nsana y\u00f6n veren \u015fey nedir?\u201d \u201c\u0130nsana ne verilmemi\u015ftir\u201d ve \u201cinsan ne ile ya\u015far?\u201d sorular\u0131n\u0131n cevaplar\u0131n\u0131 ya\u015fayarak \u00f6\u011frenir.<\/p>\n","protected":false},"excerpt":{"rendered":"<p>\u201c\u0130nsan Ne \u0130le Ya\u015far\u201d \u00fcnl\u00fc yazar Tolstoy\u2019un en \u00f6nemli eserlerinden biri olmakla birlikte, kitapta yer alan k\u0131sa hikayelerde Tolstoy, iyilik, k\u00f6t\u00fcl\u00fck, bencillik ve yard\u0131mseverlik gibi konular\u0131<span class=\"excerpt-hellip\"> [\u2026]<\/span><\/p>\n","protected":false},"featured_media":0,"template":"","meta":{"_monsterinsights_skip_tracking":false,"_monsterinsights_sitenote_active":false,"_monsterinsights_sitenote_note":"","_monsterinsights_sitenote_category":0},"product_brand":[],"product_cat":[12291,12711],"product_tag":[],"class_list":{"0":"post-756492","1":"product","2":"type-product","3":"status-publish","5":"product_cat-edebiyat","6":"product_cat-roman-oyku","7":"pa_cilt-ciltsiz","8":"pa_tur-kitap","9":"pa_yayinevi-kitappazari-yayinlari","10":"pa_yazar-lev-nikolayevic-tolstoy","12":"first","13":"instock","14":"sale","15":"shipping-taxable","16":"purchasable","17":"product-type-simple"},"_links":{"self":[{"href":"https:\/\/roveyayinevi.com.tr\/index.php\/wp-json\/wp\/v2\/product\/756492","targetHints":{"allow":["GET"]}}],"collection":[{"href":"https:\/\/roveyayinevi.com.tr\/index.php\/wp-json\/wp\/v2\/product"}],"about":[{"href":"https:\/\/roveyayinevi.com.tr\/index.php\/wp-json\/wp\/v2\/types\/product"}],"wp:attachment":[{"href":"https:\/\/roveyayinevi.com.tr\/index.php\/wp-json\/wp\/v2\/media?parent=756492"}],"wp:term":[{"taxonomy":"product_brand","embeddable":true,"href":"https:\/\/roveyayinevi.com.tr\/index.php\/wp-json\/wp\/v2\/product_brand?post=756492"},{"taxonomy":"product_cat","embeddable":true,"href":"https:\/\/roveyayinevi.com.tr\/index.php\/wp-json\/wp\/v2\/product_cat?post=756492"},{"taxonomy":"product_tag","embeddable":true,"href":"https:\/\/roveyayinevi.com.tr\/index.php\/wp-json\/wp\/v2\/product_tag?post=756492"}],"curies":[{"name":"wp","href":"https:\/\/api.w.org\/{rel}","templated":true}]}}