{"id":756482,"date":"2025-08-28T07:09:14","date_gmt":"2025-08-28T04:09:14","guid":{"rendered":"https:\/\/roveyayinevi.com.tr\/index.php\/urun\/yagmur-damlalari\/"},"modified":"2026-03-12T03:18:37","modified_gmt":"2026-03-12T00:18:37","slug":"yagmur-damlalari","status":"publish","type":"product","link":"https:\/\/roveyayinevi.com.tr\/index.php\/urun\/yagmur-damlalari\/","title":{"rendered":"Ya\u011fmur Damlalar\u0131"},"content":{"rendered":"<p>\u201c\u015eiir, enstr\u00fcmans\u0131z bir m\u00fcziktir\u201d denilir. Ger\u00e7ekten \u00f6yledir. Bu anlamda g\u00fczel yaz\u0131lm\u0131\u015f ve do\u011fru okunan bir \u015fiirin, muhatab\u0131nda olu\u015fturdu\u011fu etkinin, bir m\u00fczik eserinden fark\u0131 olmaz. \u015eiir ayn\u0131 zamanda Do\u011fu toplumlar\u0131n\u0131n geleneksel olarak kendini daha iyi ifade edi\u015f bi\u00e7imidir. Biz T\u00fcrklerin de kadim zamanlardan bu yana olu\u015fturdu\u011fumuz pek \u00e7ok \u015fiir formu vard\u0131r. T\u00fcrk, t\u00fcrk\u00fc s\u00f6yler ancak unutulmamal\u0131d\u0131r ki, destan\u0131n\u0131 ya da duygular\u0131n\u0131 \u015fiirle de dile getirir. Zeynep Ay\u2019\u0131n okuyaca\u011f\u0131n\u0131z \u015fiirleri de bu gelene\u011fin bir devam\u0131 asl\u0131nda. Bir ilk kitap olan \u201cYa\u011fmur Damlalar\u0131\u201d gelecekte var olacak yeni eserlerin ilk ya\u011fmur damlalar\u0131 olacak gibi g\u00f6r\u00fcn\u00fcyor. <\/p>\n","protected":false},"excerpt":{"rendered":"<p>\u201c\u015eiir, enstr\u00fcmans\u0131z bir m\u00fcziktir\u201d denilir. Ger\u00e7ekten \u00f6yledir. Bu anlamda g\u00fczel yaz\u0131lm\u0131\u015f ve do\u011fru okunan bir \u015fiirin, muhatab\u0131nda olu\u015fturdu\u011fu etkinin, bir m\u00fczik eserinden fark\u0131 olmaz. \u015eiir ayn\u0131<span class=\"excerpt-hellip\"> [\u2026]<\/span><\/p>\n","protected":false},"featured_media":0,"template":"","meta":{"_monsterinsights_skip_tracking":false,"_monsterinsights_sitenote_active":false,"_monsterinsights_sitenote_note":"","_monsterinsights_sitenote_category":0},"product_brand":[],"product_cat":[12291,12509],"product_tag":[],"class_list":{"0":"post-756482","1":"product","2":"type-product","3":"status-publish","5":"product_cat-edebiyat","6":"product_cat-siir","7":"pa_cilt-ciltsiz","8":"pa_tur-kitap","9":"pa_yayinevi-kirmizi-cati-yayinlari","10":"pa_yazar-zeynep-ay","12":"first","13":"instock","14":"sale","15":"shipping-taxable","16":"purchasable","17":"product-type-simple"},"_links":{"self":[{"href":"https:\/\/roveyayinevi.com.tr\/index.php\/wp-json\/wp\/v2\/product\/756482","targetHints":{"allow":["GET"]}}],"collection":[{"href":"https:\/\/roveyayinevi.com.tr\/index.php\/wp-json\/wp\/v2\/product"}],"about":[{"href":"https:\/\/roveyayinevi.com.tr\/index.php\/wp-json\/wp\/v2\/types\/product"}],"wp:attachment":[{"href":"https:\/\/roveyayinevi.com.tr\/index.php\/wp-json\/wp\/v2\/media?parent=756482"}],"wp:term":[{"taxonomy":"product_brand","embeddable":true,"href":"https:\/\/roveyayinevi.com.tr\/index.php\/wp-json\/wp\/v2\/product_brand?post=756482"},{"taxonomy":"product_cat","embeddable":true,"href":"https:\/\/roveyayinevi.com.tr\/index.php\/wp-json\/wp\/v2\/product_cat?post=756482"},{"taxonomy":"product_tag","embeddable":true,"href":"https:\/\/roveyayinevi.com.tr\/index.php\/wp-json\/wp\/v2\/product_tag?post=756482"}],"curies":[{"name":"wp","href":"https:\/\/api.w.org\/{rel}","templated":true}]}}