{"id":756481,"date":"2025-08-28T07:09:12","date_gmt":"2025-08-28T04:09:12","guid":{"rendered":"https:\/\/roveyayinevi.com.tr\/index.php\/urun\/surgun-sanati\/"},"modified":"2026-04-16T03:09:36","modified_gmt":"2026-04-16T00:09:36","slug":"surgun-sanati","status":"publish","type":"product","link":"https:\/\/roveyayinevi.com.tr\/index.php\/urun\/surgun-sanati\/","title":{"rendered":"S\u00fcrg\u00fcn Sanat\u0131"},"content":{"rendered":"<p>Hen\u00fcz bir \u00e7ocukken d\u00fcnyan\u0131n alt\u0131n\u0131 \u00fcst\u00fcne getirmeye ve sava\u015ftan d\u00f6nd\u00fckten sonra Penelope\u2019siyle birlikte bu hayalini ger\u00e7ekle\u015ftirmeye karar veren John Freely\u2019nin o destans\u0131 hik\u00e2yesini okuyoruz bu kitapta. Homeros\u2019un Odysseia\u2019s\u0131 ile kendi g\u00f6n\u00fcll\u00fc s\u00fcrg\u00fcnl\u00fc\u011f\u00fc aras\u0131nda bir k\u00f6pr\u00fc kuran yazar bizi Brooklyn, \u0130stanbul, Atina, Venedik, Londra ve nice \u015fehirde bir yolculu\u011fa \u00e7\u0131kar\u0131yor. S\u00fcrg\u00fcn Sanat\u0131, bir hayaller, hayatlar ve yitip giden g\u00fcller kitab\u0131.   \u201cZiyadesiyle ilgi \u00e7ekici ve pek iyi kaleme al\u0131nm\u0131\u015f bir otobiyografi.\u201d \u2013Robert Carver   \u201cKendi deyimiyle her daim \u2018r\u00fczg\u00e2ra kar\u015f\u0131 yelken a\u00e7an\u2019 John Freely, \u0130stanbul ve Atina\u2019n\u0131n yorgun \u015fehirlere d\u00f6n\u00fc\u015fmeden \u00f6nceki alt\u0131n \u00e7a\u011flar\u0131na dair muhte\u015fem bir portre sunuyor.\u201d \u2013Philip Mansel   \u201cBu kitab\u0131 okuman\u0131n tek tehlikesi, b\u00f6ylesine b\u00fcy\u00fcleyici bir hayata g\u0131pta etmek olacakt\u0131r.\u201d \u2013Stephen Kinzer <\/p>\n","protected":false},"excerpt":{"rendered":"<p>Hen\u00fcz bir \u00e7ocukken d\u00fcnyan\u0131n alt\u0131n\u0131 \u00fcst\u00fcne getirmeye ve sava\u015ftan d\u00f6nd\u00fckten sonra Penelope\u2019siyle birlikte bu hayalini ger\u00e7ekle\u015ftirmeye karar veren John Freely\u2019nin o destans\u0131 hik\u00e2yesini okuyoruz bu kitapta.<span class=\"excerpt-hellip\"> [\u2026]<\/span><\/p>\n","protected":false},"featured_media":0,"template":"","meta":{"_monsterinsights_skip_tracking":false,"_monsterinsights_sitenote_active":false,"_monsterinsights_sitenote_note":"","_monsterinsights_sitenote_category":0},"product_brand":[],"product_cat":[14009,12291],"product_tag":[],"class_list":{"0":"post-756481","1":"product","2":"type-product","3":"status-publish","5":"product_cat-biyografi-otobiyografi-edebiyat","6":"product_cat-edebiyat","7":"pa_cilt-ciltsiz","8":"pa_tur-kitap","9":"pa_yayinevi-alfa-yayinlari","10":"pa_yazar-john-freely","12":"first","13":"instock","14":"sale","15":"shipping-taxable","16":"purchasable","17":"product-type-simple"},"_links":{"self":[{"href":"https:\/\/roveyayinevi.com.tr\/index.php\/wp-json\/wp\/v2\/product\/756481","targetHints":{"allow":["GET"]}}],"collection":[{"href":"https:\/\/roveyayinevi.com.tr\/index.php\/wp-json\/wp\/v2\/product"}],"about":[{"href":"https:\/\/roveyayinevi.com.tr\/index.php\/wp-json\/wp\/v2\/types\/product"}],"wp:attachment":[{"href":"https:\/\/roveyayinevi.com.tr\/index.php\/wp-json\/wp\/v2\/media?parent=756481"}],"wp:term":[{"taxonomy":"product_brand","embeddable":true,"href":"https:\/\/roveyayinevi.com.tr\/index.php\/wp-json\/wp\/v2\/product_brand?post=756481"},{"taxonomy":"product_cat","embeddable":true,"href":"https:\/\/roveyayinevi.com.tr\/index.php\/wp-json\/wp\/v2\/product_cat?post=756481"},{"taxonomy":"product_tag","embeddable":true,"href":"https:\/\/roveyayinevi.com.tr\/index.php\/wp-json\/wp\/v2\/product_tag?post=756481"}],"curies":[{"name":"wp","href":"https:\/\/api.w.org\/{rel}","templated":true}]}}