{"id":756480,"date":"2025-08-28T07:09:10","date_gmt":"2025-08-28T04:09:10","guid":{"rendered":"https:\/\/roveyayinevi.com.tr\/index.php\/urun\/montaigne-2\/"},"modified":"2026-04-16T03:09:36","modified_gmt":"2026-04-16T00:09:36","slug":"montaigne-2","status":"publish","type":"product","link":"https:\/\/roveyayinevi.com.tr\/index.php\/urun\/montaigne-2\/","title":{"rendered":"Montaigne"},"content":{"rendered":"<p>Zweig\u2019\u0131n ruhun \u00f6zg\u00fcrl\u00fc\u011f\u00fc u\u011fruna sava\u015fa giri\u015fmi\u015f ve ke\u015fmeke\u015fin ortas\u0131na f\u0131rlat\u0131lan ku\u015faklara el uzatm\u0131\u015f biri olarak g\u00f6rd\u00fc\u011f\u00fc Montaigne\u2019e dair kaleme ald\u0131\u011f\u0131 bu biyografiyi bir \u201cg\u00f6n\u00fcl borcu\u201d olarak g\u00f6rmek m\u00fcmk\u00fcn. Bu borcu \u0130kinci D\u00fcnya Sava\u015f\u0131 g\u00fcnlerinde \u00f6demeye giri\u015fen Zweig, okura yaz\u0131n \u00e2lemini as\u0131rlarca me\u015fgul etmi\u015f olan b\u00fcy\u00fck bir \u015fahsiyetin hayal d\u00fcnyas\u0131na s\u0131zma giri\u015fiminde yard\u0131mc\u0131 olmakla kalm\u0131yor, R\u00f6nesans ile yirminci y\u00fczy\u0131l aras\u0131nda mekik dokuma imk\u00e2n\u0131 da tan\u0131yor.   \u201cMontaigne\u2019in b\u00fcy\u00fckl\u00fc\u011f\u00fc, hepimizin i\u00e7ini kemiren \u015feyi ifade edebilmi\u015f olmas\u0131ndan kaynaklan\u0131r.\u201d \u2013T. S. Eliot   \u201cMuhakeme g\u00fcc\u00fcm\u00fcze yeniden berrakl\u0131k kazand\u0131rmak i\u00e7in her gece Montaigne\u2019den bir sayfa okumam\u0131z gerekir.\u201d \u2013Sainte-Beuve <\/p>\n","protected":false},"excerpt":{"rendered":"<p>Zweig\u2019\u0131n ruhun \u00f6zg\u00fcrl\u00fc\u011f\u00fc u\u011fruna sava\u015fa giri\u015fmi\u015f ve ke\u015fmeke\u015fin ortas\u0131na f\u0131rlat\u0131lan ku\u015faklara el uzatm\u0131\u015f biri olarak g\u00f6rd\u00fc\u011f\u00fc Montaigne\u2019e dair kaleme ald\u0131\u011f\u0131 bu biyografiyi bir \u201cg\u00f6n\u00fcl borcu\u201d olarak<span class=\"excerpt-hellip\"> [\u2026]<\/span><\/p>\n","protected":false},"featured_media":0,"template":"","meta":{"_monsterinsights_skip_tracking":false,"_monsterinsights_sitenote_active":false,"_monsterinsights_sitenote_note":"","_monsterinsights_sitenote_category":0},"product_brand":[],"product_cat":[14009,12291],"product_tag":[],"class_list":{"0":"post-756480","1":"product","2":"type-product","3":"status-publish","5":"product_cat-biyografi-otobiyografi-edebiyat","6":"product_cat-edebiyat","7":"pa_cilt-ciltsiz","8":"pa_tur-kitap","9":"pa_yayinevi-alfa-yayinlari","10":"pa_yazar-stefan-zweig","12":"first","13":"instock","14":"sale","15":"shipping-taxable","16":"purchasable","17":"product-type-simple"},"_links":{"self":[{"href":"https:\/\/roveyayinevi.com.tr\/index.php\/wp-json\/wp\/v2\/product\/756480","targetHints":{"allow":["GET"]}}],"collection":[{"href":"https:\/\/roveyayinevi.com.tr\/index.php\/wp-json\/wp\/v2\/product"}],"about":[{"href":"https:\/\/roveyayinevi.com.tr\/index.php\/wp-json\/wp\/v2\/types\/product"}],"wp:attachment":[{"href":"https:\/\/roveyayinevi.com.tr\/index.php\/wp-json\/wp\/v2\/media?parent=756480"}],"wp:term":[{"taxonomy":"product_brand","embeddable":true,"href":"https:\/\/roveyayinevi.com.tr\/index.php\/wp-json\/wp\/v2\/product_brand?post=756480"},{"taxonomy":"product_cat","embeddable":true,"href":"https:\/\/roveyayinevi.com.tr\/index.php\/wp-json\/wp\/v2\/product_cat?post=756480"},{"taxonomy":"product_tag","embeddable":true,"href":"https:\/\/roveyayinevi.com.tr\/index.php\/wp-json\/wp\/v2\/product_tag?post=756480"}],"curies":[{"name":"wp","href":"https:\/\/api.w.org\/{rel}","templated":true}]}}