{"id":756478,"date":"2025-08-28T07:09:07","date_gmt":"2025-08-28T04:09:07","guid":{"rendered":"https:\/\/roveyayinevi.com.tr\/index.php\/urun\/donus-5\/"},"modified":"2026-04-16T03:09:36","modified_gmt":"2026-04-16T00:09:36","slug":"donus-5","status":"publish","type":"product","link":"https:\/\/roveyayinevi.com.tr\/index.php\/urun\/donus-5\/","title":{"rendered":"D\u00f6n\u00fc\u015f"},"content":{"rendered":"<p>\u0130htiyar\u0131n terki d\u00fcnya eylemesinin \u00fczerinden hayli s\u00fcre ge\u00e7ti. Kimsesizlerin g\u00f6\u00e7\u00fc nas\u0131lsa \u00f6yle bir g\u00f6\u00e7t\u00fc onunki. Ard\u0131ndan dua okuyan hay\u0131r hasenat da\u011f\u0131tan, y\u0131ld\u00f6n\u00fcmlerinde hat\u0131rlayan \u00e7\u0131kmad\u0131. Buna ben de d\u00e2hilim. \u0130lk aylarda ziyaretlerim daha s\u0131kken sonraki y\u0131llarda seyrekle\u015fti. Fakat mezar\u0131 \u00e7evre yolundan g\u00f6r\u00fcnd\u00fc\u011f\u00fc i\u00e7in ge\u00e7ti\u011fimde ara ara g\u00f6z\u00fcme tak\u0131l\u0131r, son zamanlar\u0131nda biriktirdi\u011fim sohbetleri y\u00e2d ederek, buruk bir tebess\u00fcmle onu anard\u0131m.\u00d6l\u00fcm\u00fc sonras\u0131nda vedas\u0131z sonbaharlar gibi di\u011fer mevsimlerin de \u015firazesi kayd\u0131 sanki. Ne zaman d\u00f6nd\u00fc\u011f\u00fc ne zaman yand\u0131\u011f\u0131 ne zaman dindi\u011fi kestirilemedi. U\u011frun u\u011frun yas tuttuklar\u0131 belliydi. Ben de umutsuzlu\u011fa kap\u0131larak hik\u00e2yesinin d\u00fcr\u00fcld\u00fc\u011f\u00fcn\u00fc d\u00fc\u015f\u00fcnm\u00fc\u015ft\u00fcm. \u00dczerine yeni s\u00f6zler ekleyemem, s\u0131ca\u011f\u0131ndan taze c\u00fcmleler kuramam, hik\u00e2yesine kald\u0131\u011f\u0131 yerden bahis a\u00e7amam san\u0131yordum.<\/p>\n","protected":false},"excerpt":{"rendered":"<p>\u0130htiyar\u0131n terki d\u00fcnya eylemesinin \u00fczerinden hayli s\u00fcre ge\u00e7ti. Kimsesizlerin g\u00f6\u00e7\u00fc nas\u0131lsa \u00f6yle bir g\u00f6\u00e7t\u00fc onunki. Ard\u0131ndan dua okuyan hay\u0131r hasenat da\u011f\u0131tan, y\u0131ld\u00f6n\u00fcmlerinde hat\u0131rlayan \u00e7\u0131kmad\u0131. Buna ben<span class=\"excerpt-hellip\"> [\u2026]<\/span><\/p>\n","protected":false},"featured_media":0,"template":"","meta":{"_monsterinsights_skip_tracking":false,"_monsterinsights_sitenote_active":false,"_monsterinsights_sitenote_note":"","_monsterinsights_sitenote_category":0},"product_brand":[],"product_cat":[12291,18202],"product_tag":[],"class_list":{"0":"post-756478","1":"product","2":"type-product","3":"status-publish","5":"product_cat-edebiyat","6":"product_cat-hikaye","7":"pa_cilt-ciltsiz","8":"pa_tur-kitap","9":"pa_yayinevi-gulnar-yayinlari","10":"pa_yazar-mujdat-er","12":"first","13":"instock","14":"sale","15":"shipping-taxable","16":"purchasable","17":"product-type-simple"},"_links":{"self":[{"href":"https:\/\/roveyayinevi.com.tr\/index.php\/wp-json\/wp\/v2\/product\/756478","targetHints":{"allow":["GET"]}}],"collection":[{"href":"https:\/\/roveyayinevi.com.tr\/index.php\/wp-json\/wp\/v2\/product"}],"about":[{"href":"https:\/\/roveyayinevi.com.tr\/index.php\/wp-json\/wp\/v2\/types\/product"}],"wp:attachment":[{"href":"https:\/\/roveyayinevi.com.tr\/index.php\/wp-json\/wp\/v2\/media?parent=756478"}],"wp:term":[{"taxonomy":"product_brand","embeddable":true,"href":"https:\/\/roveyayinevi.com.tr\/index.php\/wp-json\/wp\/v2\/product_brand?post=756478"},{"taxonomy":"product_cat","embeddable":true,"href":"https:\/\/roveyayinevi.com.tr\/index.php\/wp-json\/wp\/v2\/product_cat?post=756478"},{"taxonomy":"product_tag","embeddable":true,"href":"https:\/\/roveyayinevi.com.tr\/index.php\/wp-json\/wp\/v2\/product_tag?post=756478"}],"curies":[{"name":"wp","href":"https:\/\/api.w.org\/{rel}","templated":true}]}}