{"id":756477,"date":"2025-08-28T07:09:05","date_gmt":"2025-08-28T04:09:05","guid":{"rendered":"https:\/\/roveyayinevi.com.tr\/index.php\/urun\/her-daim-hayat-memat\/"},"modified":"2026-02-03T03:24:04","modified_gmt":"2026-02-03T00:24:04","slug":"her-daim-hayat-memat","status":"publish","type":"product","link":"https:\/\/roveyayinevi.com.tr\/index.php\/urun\/her-daim-hayat-memat\/","title":{"rendered":"Her Daim Hayat Memat"},"content":{"rendered":"<p>kaf da\u011f\u0131 ard\u0131nda gizli bak\u0131\u015flarorda sa\u011flam kalelerin d\u00fc\u015fmesisindire sindire i\u015fli nak\u0131\u015flarve ilham h\u0131z\u0131ndan bir a\u015fk \u00e7e\u015fmesikaf da\u011f\u0131 ard\u0131nda do\u011fru yanl\u0131\u015flardip denizdir turna can \u00f6tesinekoyu g\u00f6lge servi ayakta dururans\u0131z\u0131n dikilir renk tepesineeyl\u00fcl gazelleri yere savrulurdip denizdir turna beyhudesinetarih dirili\u015ftir vakit yol yordamnisan ya\u011fmur ya\u011fmur serpti \u00fcst\u00fcmeelde kefen dua k\u0131lar vesselamkar sular\u0131 kaynar g\u00f6n\u00fcl destimetarihte dirili\u015f vaktidir sevdaminanmak d\u00fc\u015f\u00fcnmek hayal ve hayazincirli mabeynde duyguya d\u00f6nd\u00fcyi\u011fit\u00e7e direnmek tatl\u0131 \u00fctopyasoka\u011f\u0131 \u0131s\u0131tan karanl\u0131k s\u00f6nd\u00fcinanmak d\u00fc\u015f\u00fcnmek keyfimde kimya<\/p>\n","protected":false},"excerpt":{"rendered":"<p>kaf da\u011f\u0131 ard\u0131nda gizli bak\u0131\u015flarorda sa\u011flam kalelerin d\u00fc\u015fmesisindire sindire i\u015fli nak\u0131\u015flarve ilham h\u0131z\u0131ndan bir a\u015fk \u00e7e\u015fmesikaf da\u011f\u0131 ard\u0131nda do\u011fru yanl\u0131\u015flardip denizdir turna can \u00f6tesinekoyu g\u00f6lge servi<span class=\"excerpt-hellip\"> [\u2026]<\/span><\/p>\n","protected":false},"featured_media":0,"template":"","meta":{"_monsterinsights_skip_tracking":false,"_monsterinsights_sitenote_active":false,"_monsterinsights_sitenote_note":"","_monsterinsights_sitenote_category":0},"product_brand":[],"product_cat":[12291,12509],"product_tag":[],"class_list":{"0":"post-756477","1":"product","2":"type-product","3":"status-publish","5":"product_cat-edebiyat","6":"product_cat-siir","7":"pa_cilt-ciltsiz","8":"pa_tur-kitap","9":"pa_yayinevi-gulnar-yayinlari","10":"pa_yazar-mujdat-er","12":"first","13":"instock","14":"sale","15":"shipping-taxable","16":"purchasable","17":"product-type-simple"},"_links":{"self":[{"href":"https:\/\/roveyayinevi.com.tr\/index.php\/wp-json\/wp\/v2\/product\/756477","targetHints":{"allow":["GET"]}}],"collection":[{"href":"https:\/\/roveyayinevi.com.tr\/index.php\/wp-json\/wp\/v2\/product"}],"about":[{"href":"https:\/\/roveyayinevi.com.tr\/index.php\/wp-json\/wp\/v2\/types\/product"}],"wp:attachment":[{"href":"https:\/\/roveyayinevi.com.tr\/index.php\/wp-json\/wp\/v2\/media?parent=756477"}],"wp:term":[{"taxonomy":"product_brand","embeddable":true,"href":"https:\/\/roveyayinevi.com.tr\/index.php\/wp-json\/wp\/v2\/product_brand?post=756477"},{"taxonomy":"product_cat","embeddable":true,"href":"https:\/\/roveyayinevi.com.tr\/index.php\/wp-json\/wp\/v2\/product_cat?post=756477"},{"taxonomy":"product_tag","embeddable":true,"href":"https:\/\/roveyayinevi.com.tr\/index.php\/wp-json\/wp\/v2\/product_tag?post=756477"}],"curies":[{"name":"wp","href":"https:\/\/api.w.org\/{rel}","templated":true}]}}