{"id":756475,"date":"2025-08-28T07:09:01","date_gmt":"2025-08-28T04:09:01","guid":{"rendered":"https:\/\/roveyayinevi.com.tr\/index.php\/urun\/simdi-ve-daima\/"},"modified":"2026-04-16T03:09:36","modified_gmt":"2026-04-16T00:09:36","slug":"simdi-ve-daima","status":"publish","type":"product","link":"https:\/\/roveyayinevi.com.tr\/index.php\/urun\/simdi-ve-daima\/","title":{"rendered":"\u015eimdi ve Daima"},"content":{"rendered":"<p>\u201cBradbury\u2019den Melville, Shakespeare ve Poe esintileri ta\u015f\u0131yan e\u015fsiz bir kitap.\u201d \u2014The T\u0131mes   \u201c\u2026Zamana dair bildi\u011fimiz her \u015feyi, hatta zaman\u0131n kendisini ard\u0131m\u0131zda b\u0131rakt\u0131k.\u201d   Ray Bradbury sadece bilimkurgunun de\u011fil fantastik edebiyat\u0131n ve korkunun da yirminci y\u00fczy\u0131ldaki ustalar\u0131ndan biri. Bilimkurgunun \u201ciyi edebiyat\u201d da olabilece\u011fini kan\u0131tlayan belki de ilk yazar. 2007\u2019de yay\u0131mlanan ve iki k\u0131sa roman\u0131 bir araya getiren \u015eimdi ve Daima, Bradbury\u2019ye ni\u00e7in d\u00fczyaz\u0131n\u0131n \u015fairi dendi\u011fini kan\u0131tlar nitelikte bir kitap.   \u201cBir Yerlerde Bir M\u00fczik \u00c7al\u0131yor\u201dda James Cardiff, okudu\u011fu \u015fiirler ve g\u00f6rd\u00fc\u011f\u00fc r\u00fcyalar taraf\u0131ndan yava\u015f yava\u015f k\u00fc\u00e7\u00fck \u00e7ocuklar\u0131n sokakta oynamad\u0131\u011f\u0131 ve sakinlerinin asla ya\u015flanmad\u0131\u011f\u0131, g\u00f6zlerden uzak bir kasabaya \u00e7ekilir. Kasaban\u0131n \u015fairane g\u00fczelli\u011finden ve bir M\u0131s\u0131r krali\u00e7esinin ad\u0131n\u0131 ta\u015f\u0131yan ho\u015f, esrarengiz bir kad\u0131ndan b\u00fcy\u00fclenen James, ac\u0131mas\u0131z bir y\u0131k\u0131m yakla\u015f\u0131rken kasaban\u0131n gizemlerini ortaya \u00e7\u0131karmak i\u00e7in elinden geleni yapacakt\u0131r.   \u201cLeviathan \u201899\u201dda acemi astronot Ishmael Hunnicut Jones, Cetus 7\u2019ye binerek kaderini bir kuyrukluy\u0131ld\u0131z\u0131 saplant\u0131 h\u00e2line getiren amans\u0131z bir delinin ellerine b\u0131rak\u0131r. Gezegenler aras\u0131nda gezinen m\u00fcrettebat ise bu yolculukta ilahi bir yarg\u0131yla ve evrendeki en korkun\u00e7 d\u00fc\u015fmanla y\u00fczle\u015fecektir: Zamanla.   \u015eimdi ve Daima, Amerika\u2019n\u0131n \u00f6nde gelen hik\u00e2ye anlat\u0131c\u0131s\u0131n\u0131n e\u015fsiz yetene\u011finin nefes kesici \u00e7e\u015fitlili\u011fini ve zihninin, ruhunun ve kalbinin bast\u0131r\u0131lamaz canl\u0131l\u0131\u011f\u0131n\u0131 g\u00f6zler \u00f6n\u00fcne seriyor.   \u015eimdi ve Daima, ustadan ustalara sayg\u0131 duru\u015fu. <\/p>\n","protected":false},"excerpt":{"rendered":"<p>\u201cBradbury\u2019den Melville, Shakespeare ve Poe esintileri ta\u015f\u0131yan e\u015fsiz bir kitap.\u201d \u2014The T\u0131mes \u201c\u2026Zamana dair bildi\u011fimiz her \u015feyi, hatta zaman\u0131n kendisini ard\u0131m\u0131zda b\u0131rakt\u0131k.\u201d Ray Bradbury sadece bilimkurgunun<span class=\"excerpt-hellip\"> [\u2026]<\/span><\/p>\n","protected":false},"featured_media":0,"template":"","meta":{"_monsterinsights_skip_tracking":false,"_monsterinsights_sitenote_active":false,"_monsterinsights_sitenote_note":"","_monsterinsights_sitenote_category":0},"product_brand":[],"product_cat":[12540,12291],"product_tag":[],"class_list":{"0":"post-756475","1":"product","2":"type-product","3":"status-publish","5":"product_cat-bilim-kurgu","6":"product_cat-edebiyat","7":"pa_cilt-ciltsiz","8":"pa_tur-kitap","9":"pa_yayinevi-ithaki-yayinlari","10":"pa_yazar-ray-bradbury","12":"first","13":"instock","14":"sale","15":"shipping-taxable","16":"purchasable","17":"product-type-simple"},"_links":{"self":[{"href":"https:\/\/roveyayinevi.com.tr\/index.php\/wp-json\/wp\/v2\/product\/756475","targetHints":{"allow":["GET"]}}],"collection":[{"href":"https:\/\/roveyayinevi.com.tr\/index.php\/wp-json\/wp\/v2\/product"}],"about":[{"href":"https:\/\/roveyayinevi.com.tr\/index.php\/wp-json\/wp\/v2\/types\/product"}],"wp:attachment":[{"href":"https:\/\/roveyayinevi.com.tr\/index.php\/wp-json\/wp\/v2\/media?parent=756475"}],"wp:term":[{"taxonomy":"product_brand","embeddable":true,"href":"https:\/\/roveyayinevi.com.tr\/index.php\/wp-json\/wp\/v2\/product_brand?post=756475"},{"taxonomy":"product_cat","embeddable":true,"href":"https:\/\/roveyayinevi.com.tr\/index.php\/wp-json\/wp\/v2\/product_cat?post=756475"},{"taxonomy":"product_tag","embeddable":true,"href":"https:\/\/roveyayinevi.com.tr\/index.php\/wp-json\/wp\/v2\/product_tag?post=756475"}],"curies":[{"name":"wp","href":"https:\/\/api.w.org\/{rel}","templated":true}]}}