{"id":756474,"date":"2025-08-28T07:08:59","date_gmt":"2025-08-28T04:08:59","guid":{"rendered":"https:\/\/roveyayinevi.com.tr\/index.php\/urun\/fahrenheit-451-70-yil-ozel-baskisi\/"},"modified":"2026-04-16T03:09:36","modified_gmt":"2026-04-16T00:09:36","slug":"fahrenheit-451-70-yil-ozel-baskisi","status":"publish","type":"product","link":"https:\/\/roveyayinevi.com.tr\/index.php\/urun\/fahrenheit-451-70-yil-ozel-baskisi\/","title":{"rendered":"Fahrenheit 451 \u2013 70. Y\u0131l \u00d6zel Bask\u0131s\u0131"},"content":{"rendered":"<p>\u201c\u00d6yle bir eser ki, hakk\u0131nda ne s\u00f6ylesem eksik kal\u0131r.\u201d\u2014NEIL GAIMAN   \u201cYaz\u0131lm\u0131\u015f en iyi bilimkurgu roman\u0131. \u0130lk okudu\u011fumda, yaratt\u0131\u011f\u0131 d\u00fcnyayla k\u00e2buslar g\u00f6rmeme sebep olmu\u015ftu.\u201d\u2014MARGARET ATWOOD   Guy Montag bir itfaiyeciydi. Televizyonun h\u00fck\u00fcm s\u00fcrd\u00fc\u011f\u00fc bu d\u00fcnyada kitaplar ise yok olmak \u00fczereydi zira itfaiyeciler yang\u0131n s\u00f6nd\u00fcrmek yerine ortal\u0131\u011f\u0131 ate\u015fe veriyordu. Montag\u2019\u0131n i\u015fi ise yasad\u0131\u015f\u0131 olanlar\u0131n en tehlikelisini yakmakt\u0131: Kitaplar\u0131.   Montag yapt\u0131\u011f\u0131 i\u015fi tek bir g\u00fcn dahi sorgulamam\u0131\u015ft\u0131 ve t\u00fcm g\u00fcn\u00fcn\u00fc televizyonla kapl\u0131 odalarda ge\u00e7iren e\u015fi Mildred\u2019la beraber ya\u015f\u0131yordu. Ancak yeni kom\u015fusu Clarisse\u2019le tan\u0131\u015fmas\u0131yla t\u00fcm hayat\u0131 de\u011fi\u015fti. Kitaplar\u0131n de\u011ferini kavramaya ba\u015flayan Montag art\u0131k t\u00fcm bildiklerini sorgulayacakt\u0131.   Peki ya insanlar\u0131n u\u011fruna canlar\u0131n\u0131 feda etmeyi g\u00f6ze ald\u0131\u011f\u0131 bu kitaplar\u0131n i\u00e7inde ne vard\u0131? Ger\u00e7eklerin fark\u0131na vard\u0131ktan sonra bu karanl\u0131k toplumda art\u0131k ya\u015fanabilir miydi?   Fahrenheit 451, yery\u00fcz\u00fcnde tek bir kitap kalacak olsa, o kitap olmaya aday. <\/p>\n","protected":false},"excerpt":{"rendered":"<p>\u201c\u00d6yle bir eser ki, hakk\u0131nda ne s\u00f6ylesem eksik kal\u0131r.\u201d\u2014NEIL GAIMAN \u201cYaz\u0131lm\u0131\u015f en iyi bilimkurgu roman\u0131. \u0130lk okudu\u011fumda, yaratt\u0131\u011f\u0131 d\u00fcnyayla k\u00e2buslar g\u00f6rmeme sebep olmu\u015ftu.\u201d\u2014MARGARET ATWOOD Guy Montag<span class=\"excerpt-hellip\"> [\u2026]<\/span><\/p>\n","protected":false},"featured_media":0,"template":"","meta":{"_monsterinsights_skip_tracking":false,"_monsterinsights_sitenote_active":false,"_monsterinsights_sitenote_note":"","_monsterinsights_sitenote_category":0},"product_brand":[],"product_cat":[12540,12291],"product_tag":[],"class_list":{"0":"post-756474","1":"product","2":"type-product","3":"status-publish","5":"product_cat-bilim-kurgu","6":"product_cat-edebiyat","7":"pa_cilt-ciltsiz","8":"pa_tur-kitap","9":"pa_yayinevi-ithaki-yayinlari","10":"pa_yazar-ray-bradbury","12":"first","13":"instock","14":"sale","15":"shipping-taxable","16":"purchasable","17":"product-type-simple"},"_links":{"self":[{"href":"https:\/\/roveyayinevi.com.tr\/index.php\/wp-json\/wp\/v2\/product\/756474","targetHints":{"allow":["GET"]}}],"collection":[{"href":"https:\/\/roveyayinevi.com.tr\/index.php\/wp-json\/wp\/v2\/product"}],"about":[{"href":"https:\/\/roveyayinevi.com.tr\/index.php\/wp-json\/wp\/v2\/types\/product"}],"wp:attachment":[{"href":"https:\/\/roveyayinevi.com.tr\/index.php\/wp-json\/wp\/v2\/media?parent=756474"}],"wp:term":[{"taxonomy":"product_brand","embeddable":true,"href":"https:\/\/roveyayinevi.com.tr\/index.php\/wp-json\/wp\/v2\/product_brand?post=756474"},{"taxonomy":"product_cat","embeddable":true,"href":"https:\/\/roveyayinevi.com.tr\/index.php\/wp-json\/wp\/v2\/product_cat?post=756474"},{"taxonomy":"product_tag","embeddable":true,"href":"https:\/\/roveyayinevi.com.tr\/index.php\/wp-json\/wp\/v2\/product_tag?post=756474"}],"curies":[{"name":"wp","href":"https:\/\/api.w.org\/{rel}","templated":true}]}}