{"id":756473,"date":"2025-08-28T07:08:57","date_gmt":"2025-08-28T04:08:57","guid":{"rendered":"https:\/\/roveyayinevi.com.tr\/index.php\/urun\/dinozor-oykuleri-2\/"},"modified":"2026-04-16T03:09:36","modified_gmt":"2026-04-16T00:09:36","slug":"dinozor-oykuleri-2","status":"publish","type":"product","link":"https:\/\/roveyayinevi.com.tr\/index.php\/urun\/dinozor-oykuleri-2\/","title":{"rendered":"Dinozor \u00d6yk\u00fcleri"},"content":{"rendered":"<p>\u201cRay Bradbury\u2019nin yazd\u0131\u011f\u0131 her \u015feyi okumak istiyorum; ger\u00e7ekten hayat\u0131n\u0131z\u0131 de\u011fi\u015ftiriyor.\u201d \u2014Alice Hoffman   \u201cTek bir kelebe\u011fin \u00f6l\u00fcm\u00fc bu kadar \u00f6nemli olamazd\u0131. Olur muydu yoksa?\u201d   Ray Bradbury sadece bilimkurgunun de\u011fil fantastik edebiyat\u0131n ve korkunun da yirminci y\u00fczy\u0131ldaki ustalar\u0131ndan biri. Bilimkurgunun \u201ciyi edebiyat\u201d da olabilece\u011fini kan\u0131tlayan belki de ilk yazar. 1983\u2019te yay\u0131mlanan Dinozor \u00d6yk\u00fcleri, her ya\u015fa hitap eden farkl\u0131 t\u00fcrlerde d\u00f6rt \u00f6yk\u00fc ile iki \u015fiir i\u00e7eriyor.   Tarih\u00f6ncesi \u00e7a\u011flara safari d\u00fczenleyen bir \u015firket, yava\u015f yava\u015f dinozora d\u00f6n\u00fc\u015fen bir \u00e7ocuk, bir deniz fenerini saplant\u0131 h\u00e2line getiren uzak zamanlardan bir canavar, beyaz perdeden \u00e7\u0131k\u0131p g\u00fcnl\u00fck hayata kar\u0131\u015fan dinozorlar&#8230;   \u201cSis D\u00fcd\u00fc\u011f\u00fc\u201d ve \u201cBir G\u00f6k G\u00fcr\u00fclt\u00fcs\u00fc Sesi\u201d gibi \u00e7ok sevilen iki \u00f6yk\u00fcy\u00fc de i\u00e7eren derlemede Bradbury hatalar\u0131, ba\u015far\u0131s\u0131zl\u0131klar\u0131, intikam arzular\u0131 ve hayalleri olan s\u0131radan insanlar\u0131n \u2013ve dinozorlar\u0131n\u2013 ola\u011fan\u00fcst\u00fc hik\u00e2yelerini anlat\u0131yor.   Bug\u00fcne bakabilmek i\u00e7in ne kadar ge\u00e7mi\u015fe gitmek gerekir? Bir d\u00fcnyan\u0131n kaderi bir kelebe\u011fin kanatlar\u0131n\u0131n r\u00fczg\u00e2r\u0131yla de\u011fi\u015febilir mi ger\u00e7ekten?   Dinozor \u00d6yk\u00fcleri, tarih\u00f6ncesinden uzak gelece\u011fe yank\u0131lanan bir g\u00f6k g\u00fcr\u00fclt\u00fcs\u00fc sesi. <\/p>\n","protected":false},"excerpt":{"rendered":"<p>\u201cRay Bradbury\u2019nin yazd\u0131\u011f\u0131 her \u015feyi okumak istiyorum; ger\u00e7ekten hayat\u0131n\u0131z\u0131 de\u011fi\u015ftiriyor.\u201d \u2014Alice Hoffman \u201cTek bir kelebe\u011fin \u00f6l\u00fcm\u00fc bu kadar \u00f6nemli olamazd\u0131. Olur muydu yoksa?\u201d Ray Bradbury sadece<span class=\"excerpt-hellip\"> [\u2026]<\/span><\/p>\n","protected":false},"featured_media":0,"template":"","meta":{"_monsterinsights_skip_tracking":false,"_monsterinsights_sitenote_active":false,"_monsterinsights_sitenote_note":"","_monsterinsights_sitenote_category":0},"product_brand":[],"product_cat":[12540,12291],"product_tag":[],"class_list":{"0":"post-756473","1":"product","2":"type-product","3":"status-publish","5":"product_cat-bilim-kurgu","6":"product_cat-edebiyat","7":"pa_cilt-ciltsiz","8":"pa_tur-kitap","9":"pa_yayinevi-ithaki-yayinlari","10":"pa_yazar-ray-bradbury","12":"first","13":"instock","14":"sale","15":"shipping-taxable","16":"purchasable","17":"product-type-simple"},"_links":{"self":[{"href":"https:\/\/roveyayinevi.com.tr\/index.php\/wp-json\/wp\/v2\/product\/756473","targetHints":{"allow":["GET"]}}],"collection":[{"href":"https:\/\/roveyayinevi.com.tr\/index.php\/wp-json\/wp\/v2\/product"}],"about":[{"href":"https:\/\/roveyayinevi.com.tr\/index.php\/wp-json\/wp\/v2\/types\/product"}],"wp:attachment":[{"href":"https:\/\/roveyayinevi.com.tr\/index.php\/wp-json\/wp\/v2\/media?parent=756473"}],"wp:term":[{"taxonomy":"product_brand","embeddable":true,"href":"https:\/\/roveyayinevi.com.tr\/index.php\/wp-json\/wp\/v2\/product_brand?post=756473"},{"taxonomy":"product_cat","embeddable":true,"href":"https:\/\/roveyayinevi.com.tr\/index.php\/wp-json\/wp\/v2\/product_cat?post=756473"},{"taxonomy":"product_tag","embeddable":true,"href":"https:\/\/roveyayinevi.com.tr\/index.php\/wp-json\/wp\/v2\/product_tag?post=756473"}],"curies":[{"name":"wp","href":"https:\/\/api.w.org\/{rel}","templated":true}]}}