{"id":756471,"date":"2025-08-28T07:08:53","date_gmt":"2025-08-28T04:08:53","guid":{"rendered":"https:\/\/roveyayinevi.com.tr\/index.php\/urun\/intikam-atesi-ates-serisi-3\/"},"modified":"2026-04-16T03:09:36","modified_gmt":"2026-04-16T00:09:36","slug":"intikam-atesi-ates-serisi-3","status":"publish","type":"product","link":"https:\/\/roveyayinevi.com.tr\/index.php\/urun\/intikam-atesi-ates-serisi-3\/","title":{"rendered":"\u0130ntikam Ate\u015fi &#8211; Ate\u015f Serisi 3"},"content":{"rendered":"<p>Felsefem olduk\u00e7a basit\u2026 Kimsenin beni \u00f6ld\u00fcrmeye \u00e7al\u0131\u015fmad\u0131\u011f\u0131 her g\u00fcn, benim kitab\u0131mda iyi bir g\u00fcnd\u00fcr.   New York Times\u2019\u0131n en \u00e7ok satan Karanl\u0131k Ate\u015f ve Kan Ate\u015fi kitaplar\u0131n\u0131n yazar\u0131 Karen Marie Moning, okuru bu sefer cesur ve \u015fehvetli bir devam roman\u0131yla Dublin\u2019in Faelerin ele ge\u00e7irdi\u011fi k\u0131y\u0131lar\u0131na g\u00f6t\u00fcr\u00fcyor.   MacKayla \u00f6len k\u0131z karde\u015fi Alina\u2019n\u0131n g\u00fcnl\u00fc\u011f\u00fcnden buldu\u011fu y\u0131rt\u0131k bir sayfada yazanlar\u0131 okuyunca \u015fa\u015fk\u0131na d\u00f6ner ve intikam ate\u015fiyle dolar. Elindeki ipu\u00e7lar\u0131yla k\u0131z karde\u015finin katilini arayan Mac ayn\u0131 zamanda korkun\u00e7 bir \u0131rk\u0131n d\u00fcnyalar aras\u0131ndaki duvarlar\u0131 y\u0131kmas\u0131n\u0131 da engellemek zorundad\u0131r.   \u201cRadikal \u015fekilde farkl\u0131 ve insan\u0131 kendine ba\u011flayan bir karanl\u0131k fantezi serisi.\u201d  &#8211; Booklist.   \u201cKelt mitolojisinin ba\u015ftan \u00e7\u0131kartan bir kar\u0131\u015f\u0131m\u0131. Karanl\u0131k, seksi ve tehlikeli.\u201d  &#8211; Chicago Tribune.   \u201cSadece an\u0131tsal bir u\u00e7urum olarak tan\u0131mlanabilecek bir \u015fekilde biten bu do\u011fa\u00fcst\u00fc destan\u0131n en yeni b\u00f6l\u00fcm\u00fc, bir sonrakini soluk solu\u011fa beklemenize yol a\u00e7acak. Nefes kesici!\u201d &#8211; Romantic Times.   \u201cDublin\u2019in u\u00e7suz bucaks\u0131z Karanl\u0131k B\u00f6lgesi\u2019nde, Mac\u2019i erotik \u015foklar ve haz\u0131rlanm\u0131\u015f bir Ate\u015f beklemektedir&#8230; Bir sonraki seri i\u00e7in beklenti olu\u015fturan bir kitap.\u201d &#8211; Publishers Weekly.  <\/p>\n","protected":false},"excerpt":{"rendered":"<p>Felsefem olduk\u00e7a basit\u2026 Kimsenin beni \u00f6ld\u00fcrmeye \u00e7al\u0131\u015fmad\u0131\u011f\u0131 her g\u00fcn, benim kitab\u0131mda iyi bir g\u00fcnd\u00fcr. New York Times\u2019\u0131n en \u00e7ok satan Karanl\u0131k Ate\u015f ve Kan Ate\u015fi kitaplar\u0131n\u0131n<span class=\"excerpt-hellip\"> [\u2026]<\/span><\/p>\n","protected":false},"featured_media":0,"template":"","meta":{"_monsterinsights_skip_tracking":false,"_monsterinsights_sitenote_active":false,"_monsterinsights_sitenote_note":"","_monsterinsights_sitenote_category":0},"product_brand":[],"product_cat":[12291,12711],"product_tag":[],"class_list":{"0":"post-756471","1":"product","2":"type-product","3":"status-publish","5":"product_cat-edebiyat","6":"product_cat-roman-oyku","7":"pa_cilt-ciltsiz","8":"pa_tur-kitap","9":"pa_yayinevi-artemis-yayinlari","10":"pa_yazar-karen-marie-moning","12":"first","13":"instock","14":"sale","15":"shipping-taxable","16":"purchasable","17":"product-type-simple"},"_links":{"self":[{"href":"https:\/\/roveyayinevi.com.tr\/index.php\/wp-json\/wp\/v2\/product\/756471","targetHints":{"allow":["GET"]}}],"collection":[{"href":"https:\/\/roveyayinevi.com.tr\/index.php\/wp-json\/wp\/v2\/product"}],"about":[{"href":"https:\/\/roveyayinevi.com.tr\/index.php\/wp-json\/wp\/v2\/types\/product"}],"wp:attachment":[{"href":"https:\/\/roveyayinevi.com.tr\/index.php\/wp-json\/wp\/v2\/media?parent=756471"}],"wp:term":[{"taxonomy":"product_brand","embeddable":true,"href":"https:\/\/roveyayinevi.com.tr\/index.php\/wp-json\/wp\/v2\/product_brand?post=756471"},{"taxonomy":"product_cat","embeddable":true,"href":"https:\/\/roveyayinevi.com.tr\/index.php\/wp-json\/wp\/v2\/product_cat?post=756471"},{"taxonomy":"product_tag","embeddable":true,"href":"https:\/\/roveyayinevi.com.tr\/index.php\/wp-json\/wp\/v2\/product_tag?post=756471"}],"curies":[{"name":"wp","href":"https:\/\/api.w.org\/{rel}","templated":true}]}}