{"id":756470,"date":"2025-08-28T07:08:52","date_gmt":"2025-08-28T04:08:52","guid":{"rendered":"https:\/\/roveyayinevi.com.tr\/index.php\/urun\/bukre-2\/"},"modified":"2026-04-08T03:17:32","modified_gmt":"2026-04-08T00:17:32","slug":"bukre-2","status":"publish","type":"product","link":"https:\/\/roveyayinevi.com.tr\/index.php\/urun\/bukre-2\/","title":{"rendered":"B\u00fckre"},"content":{"rendered":"<p>B\u00fckre, ormanda ya\u015fayan, birka\u00e7 as\u0131rda bir canl\u0131lara yard\u0131m etmek maksad\u0131yla uyanan ve etraf\u0131 olas\u0131 sorunlara kar\u015f\u0131 denetleyen kanats\u0131z bir deniz ejderhas\u0131d\u0131r. \u0130yili\u011fi a\u015f\u0131lamak kimi zaman onun i\u00e7in kolayken, kimi zaman da olduk\u00e7a me\u015fakkatlidir. E\u011fer siz de ser\u00fcvenlerle dolu orman maceralar\u0131na haz\u0131rsan\u0131z, B\u00fckre sizleri iyilik sa\u00e7maya davet ediyor! <\/p>\n","protected":false},"excerpt":{"rendered":"<p>B\u00fckre, ormanda ya\u015fayan, birka\u00e7 as\u0131rda bir canl\u0131lara yard\u0131m etmek maksad\u0131yla uyanan ve etraf\u0131 olas\u0131 sorunlara kar\u015f\u0131 denetleyen kanats\u0131z bir deniz ejderhas\u0131d\u0131r. \u0130yili\u011fi a\u015f\u0131lamak kimi zaman onun<span class=\"excerpt-hellip\"> [\u2026]<\/span><\/p>\n","protected":false},"featured_media":0,"template":"","meta":{"_monsterinsights_skip_tracking":false,"_monsterinsights_sitenote_active":false,"_monsterinsights_sitenote_note":"","_monsterinsights_sitenote_category":0},"product_brand":[],"product_cat":[12274],"product_tag":[],"class_list":{"0":"post-756470","1":"product","2":"type-product","3":"status-publish","5":"product_cat-cocuk-ve-genclik-kitaplari","6":"pa_cilt-ciltsiz","7":"pa_tur-kitap","8":"pa_yayinevi-perseus","9":"pa_yazar-canan-sahin","11":"first","12":"instock","13":"sale","14":"shipping-taxable","15":"purchasable","16":"product-type-simple"},"_links":{"self":[{"href":"https:\/\/roveyayinevi.com.tr\/index.php\/wp-json\/wp\/v2\/product\/756470","targetHints":{"allow":["GET"]}}],"collection":[{"href":"https:\/\/roveyayinevi.com.tr\/index.php\/wp-json\/wp\/v2\/product"}],"about":[{"href":"https:\/\/roveyayinevi.com.tr\/index.php\/wp-json\/wp\/v2\/types\/product"}],"wp:attachment":[{"href":"https:\/\/roveyayinevi.com.tr\/index.php\/wp-json\/wp\/v2\/media?parent=756470"}],"wp:term":[{"taxonomy":"product_brand","embeddable":true,"href":"https:\/\/roveyayinevi.com.tr\/index.php\/wp-json\/wp\/v2\/product_brand?post=756470"},{"taxonomy":"product_cat","embeddable":true,"href":"https:\/\/roveyayinevi.com.tr\/index.php\/wp-json\/wp\/v2\/product_cat?post=756470"},{"taxonomy":"product_tag","embeddable":true,"href":"https:\/\/roveyayinevi.com.tr\/index.php\/wp-json\/wp\/v2\/product_tag?post=756470"}],"curies":[{"name":"wp","href":"https:\/\/api.w.org\/{rel}","templated":true}]}}