{"id":756465,"date":"2025-08-28T07:08:42","date_gmt":"2025-08-28T04:08:42","guid":{"rendered":"https:\/\/roveyayinevi.com.tr\/index.php\/urun\/filimi-parka-goturdum\/"},"modified":"2026-04-16T03:09:36","modified_gmt":"2026-04-16T00:09:36","slug":"filimi-parka-goturdum","status":"publish","type":"product","link":"https:\/\/roveyayinevi.com.tr\/index.php\/urun\/filimi-parka-goturdum\/","title":{"rendered":"Filimi Parka G\u00f6t\u00fcrd\u00fcm"},"content":{"rendered":"<p>B\u00fcy\u00fck k\u00fc\u00e7\u00fck pek \u00e7ok \u015fiirsever taraf\u0131ndan be\u011feniyle takip edilen \u015fair ve \u00e7evirmen Nazmi A\u011f\u0131l, \u00e7ocuklar i\u00e7in \u00fcretmeye devam ediyor. Yarat\u0131c\u0131 minik oyunlarla s\u00fcsledi\u011fi, mizahla kol kola giren, \u00fcst dile ge\u00e7it vermeyen, \u00f6zg\u00fcrl\u00fc\u011f\u00fcn tad\u0131n\u0131 \u00e7\u0131karan \u00e7ocuk \u015fiirleri okurlarca yine \u00e7ok sevilecek. G\u00fcndelik ya\u015fam\u0131n i\u00e7inden ta\u015farak Hatice Zeybek\u2019in muzip \u00e7izimleriyle ko\u015fup oynayan bu dizeler, k\u0131k\u0131rdat\u0131p e\u011flendirecek, \u015fiirle ilk kez kar\u015f\u0131la\u015fanlar\u0131 bu t\u00fcrle tan\u0131\u015ft\u0131racak ve ku\u015fkusuz, kitap sevgisi i\u00e7in \u00e7ok renkli bir zemin olu\u015fturacak\u2026   ***   Filimi Parka G\u00f6t\u00fcrd\u00fcm   Filimi parka g\u00f6t\u00fcrd\u00fcm, Hatal\u0131 bir hareketti. \u00d6yle bir dald\u0131 ki parka, T\u00fcm e\u011flenceyi mahvetti. Tahterevallinin ucuna Bir bast\u0131, havaya u\u00e7tum.   Bekleyin, \u015fiir burada bitmedi! Bu s\u00fcrprizli \u015fiirin devam\u0131 ve \u00e7ok daha fazlas\u0131 i\u00e7eride sizi bekliyor. Kitaptan gelen kahkahalar\u0131 duyuyor musunuz?   \u0130\u015fte hayat\u0131n\u0131z\u0131n tam i\u00e7inden bir s\u00fcr\u00fc dize. Haz\u0131r olun biraz e\u011flenmeye\u2026 ***  B\u0130R \u0130LKBAHAR \u015e\u0130\u0130R\u0130   Bug\u00fcn k\u0131rlarda dola\u015ft\u0131m, \u00c7ay\u0131rda \u00e7imende gezdim. Do\u011fa capcanl\u0131, reng\u00e2renk, Binbir t\u00fcrl\u00fc ku\u015f, kelebek, Papatyalar \u00f6bek \u00f6bek\u2026 \u00d6yle \u00e7ok ilham verdi ki Bak\u0131n, size a\u015fa\u011f\u0131da, Taptaze bir \u015fiir daha, G\u00f6r\u00fcnmez harflerle yazd\u0131m:   *** CAT-GPT     Kedime bir \u015fey oldu, Ne sorarsan biliyor, Seksen be\u015fi dokuza Saniyede b\u00f6l\u00fcyor.   Bulutlar neden y\u00fcksek, Nas\u0131l u\u00e7uyor ku\u015flar, Son senelerde neden, S\u0131cak ge\u00e7iyor k\u0131\u015flar,   Yer \u00e7ekimi ne demek, Bir kilo ka\u00e7 gramd\u0131r, Pamuk bunca hafif de Ya demir niye a\u011f\u0131r?   Pisi-kolo\u011fa sordum, \u201cOla\u011fan bir \u015fey\u201d dedi, \u201cBeslenmeyle ilgili, Boncuk en son ne yedi?\u201d   Ah ya, evet, ge\u00e7en g\u00fcn Oburlu\u011fu tutmu\u015ftu, YouTube\u2019da g\u00f6sterilen Yemeklere bakarken Kendini tutamay\u0131p Telefonu yutmu\u015ftu!   *** \u00c7ATI USTASI ARANIYOR     D\u0130KKAT: Uf ya! Gece klavyemde Haylaz patiler dola\u015fm\u0131\u015f Ve baz\u0131 s\u00f6zc\u00fcklerin Harfleri fena kar\u0131\u015fm\u0131\u015f. Ben bunca \u015fiiri yazd\u0131m, Yani yapt\u0131m \u00f6devimi. Siz de bir zahmet onlar\u0131 D\u00fczeltip okuyun e mi?      Kardan bir evizim var, Tabi \u00e7as\u0131t\u0131 da kar.   \u0130\u015fte gilde Harizan, G\u00fcn\u015fe yak\u0131yor her an.   Ama biz t\u0131zraha \u00e7ok, S\u0131cakta termelek yok.   Multuzuy ailece, Bir sorun var sacede.   Nedir ki banu sebep? \u00c7am\u0131t\u0131z ak\u0131yor hep! <\/p>\n","protected":false},"excerpt":{"rendered":"<p>B\u00fcy\u00fck k\u00fc\u00e7\u00fck pek \u00e7ok \u015fiirsever taraf\u0131ndan be\u011feniyle takip edilen \u015fair ve \u00e7evirmen Nazmi A\u011f\u0131l, \u00e7ocuklar i\u00e7in \u00fcretmeye devam ediyor. Yarat\u0131c\u0131 minik oyunlarla s\u00fcsledi\u011fi, mizahla kol kola<span class=\"excerpt-hellip\"> [\u2026]<\/span><\/p>\n","protected":false},"featured_media":0,"template":"","meta":{"_monsterinsights_skip_tracking":false,"_monsterinsights_sitenote_active":false,"_monsterinsights_sitenote_note":"","_monsterinsights_sitenote_category":0},"product_brand":[],"product_cat":[12274],"product_tag":[],"class_list":{"0":"post-756465","1":"product","2":"type-product","3":"status-publish","5":"product_cat-cocuk-ve-genclik-kitaplari","6":"pa_cilt-ciltsiz","7":"pa_tur-kitap","8":"pa_yayinevi-elma-cocuk","9":"pa_yazar-nazmi-agil","11":"first","12":"instock","13":"sale","14":"shipping-taxable","15":"purchasable","16":"product-type-simple"},"_links":{"self":[{"href":"https:\/\/roveyayinevi.com.tr\/index.php\/wp-json\/wp\/v2\/product\/756465","targetHints":{"allow":["GET"]}}],"collection":[{"href":"https:\/\/roveyayinevi.com.tr\/index.php\/wp-json\/wp\/v2\/product"}],"about":[{"href":"https:\/\/roveyayinevi.com.tr\/index.php\/wp-json\/wp\/v2\/types\/product"}],"wp:attachment":[{"href":"https:\/\/roveyayinevi.com.tr\/index.php\/wp-json\/wp\/v2\/media?parent=756465"}],"wp:term":[{"taxonomy":"product_brand","embeddable":true,"href":"https:\/\/roveyayinevi.com.tr\/index.php\/wp-json\/wp\/v2\/product_brand?post=756465"},{"taxonomy":"product_cat","embeddable":true,"href":"https:\/\/roveyayinevi.com.tr\/index.php\/wp-json\/wp\/v2\/product_cat?post=756465"},{"taxonomy":"product_tag","embeddable":true,"href":"https:\/\/roveyayinevi.com.tr\/index.php\/wp-json\/wp\/v2\/product_tag?post=756465"}],"curies":[{"name":"wp","href":"https:\/\/api.w.org\/{rel}","templated":true}]}}