{"id":756464,"date":"2025-08-28T07:08:41","date_gmt":"2025-08-28T04:08:41","guid":{"rendered":"https:\/\/roveyayinevi.com.tr\/index.php\/urun\/baglamada-yeni-icra-yontemi-acik-tel-teknigi\/"},"modified":"2025-12-30T11:17:11","modified_gmt":"2025-12-30T08:17:11","slug":"baglamada-yeni-icra-yontemi-acik-tel-teknigi","status":"publish","type":"product","link":"https:\/\/roveyayinevi.com.tr\/index.php\/urun\/baglamada-yeni-icra-yontemi-acik-tel-teknigi\/","title":{"rendered":"Ba\u011flamada Yeni \u0130cra Y\u00f6ntemi A\u00e7\u0131k Tel Tekni\u011fi"},"content":{"rendered":"<p>Bu kitap, ba\u011flama i\u00e7in yeni bir icra y\u00f6ntemi sunmaktad\u0131r. Bu icra y\u00f6ntemi ile icrac\u0131lar ba\u015fl\u0131 ba\u015f\u0131na eserler icra edebilece\u011fi gibi, geleneksel icralar\u0131n i\u00e7erisinde duyumu \u201czenginle\u015ftirecek\u201d, \u00e7e\u015fitlendirecek \u015fekilde icralar yapabileceklerdir. Yeni ve \u00f6zg\u00fcn bir fikir \u00fczerine uzun y\u0131llar\u0131n eme\u011fi ile in\u015fa edilen bu \u00e7al\u0131\u015fma, a\u00e7\u0131k tel tekni\u011finin teorik zemininin olu\u015fturuldu\u011fu ve b\u00fct\u00fcn olanaklar\u0131n\u0131n incelendi\u011fi bilimsel bir temele dayanmaktad\u0131r. \u0130lgililer i\u00e7in teorik \u00e7er\u00e7eve, basitle\u015ftirilmi\u015f bir bi\u00e7imde kitap i\u00e7erisinde bulunmaktad\u0131r. Kitap i\u00e7erisinde a\u00e7\u0131k tel tekni\u011fi ile ezgilerin nas\u0131l olu\u015fturuldu\u011fu a\u00e7\u0131klanm\u0131\u015f, en basit seviyeden ba\u015flay\u0131p ileri seviyelere kadar 110 adet al\u0131\u015ft\u0131rma ile g\u00f6sterilmi\u015ftir. Temel adaptasyon al\u0131\u015ft\u0131rmalar\u0131n\u0131n d\u0131\u015f\u0131nda, makamsal ezgilerin nas\u0131l icra edilece\u011fi \u00e7e\u015fitli makamlar \u00fczerinden payla\u015f\u0131lm\u0131\u015ft\u0131r. Ayr\u0131ca geleneksel icrada bulunan \u201cSilifke Tezenesi\u201d, \u201cKonya Tezenesi\u201d gibi kal\u0131pla\u015fm\u0131\u015f tezene uygulamalar\u0131n\u0131n a\u00e7\u0131k tel tekni\u011fi ile nas\u0131l taklit edildi\u011fi, \u00f6rnek al\u0131\u015ft\u0131rmalar ve eserler \u00fczerinden g\u00f6sterilmi\u015ftir. Bunlar\u0131n yan\u0131 s\u0131ra maj\u00f6r ve min\u00f6r pentatonik dizilerin de yine a\u00e7\u0131k tel tekni\u011fi ile nas\u0131l icra edilece\u011fi g\u00f6sterilmi\u015ftir. Al\u0131\u015ft\u0131rma b\u00f6l\u00fcm\u00fcn\u00fcn sonunda ise \u00e7e\u015fitli akorlar\u0131n a\u00e7\u0131k tel tekni\u011fi ile nas\u0131l icra edilece\u011fi ve bu akorlar\u0131n arpejlendirilmesine y\u00f6nelik al\u0131\u015ft\u0131rmalar payla\u015f\u0131lm\u0131\u015ft\u0131r. Kitab\u0131n son b\u00f6l\u00fcm\u00fcnde ise a\u00e7\u0131k tel tekni\u011fine uyarlanm\u0131\u015f 9 eser \u00f6rne\u011fi bulunmaktad\u0131r. A\u00e7\u0131k tellerin titre\u015fimlerindeki gizemli kap\u0131y\u0131 aralayan, tezeneli ba\u011flama icras\u0131nda yeni bir icra y\u00f6ntemi a\u00e7\u0131s\u0131ndan ger\u00e7ekle\u015ftirilen ilk \u00e7al\u0131\u015fma olan a\u00e7\u0131k tel tekni\u011fi, ilerleyen y\u0131llarda ba\u011flama icras\u0131nda \u201cdaha y\u00fcksek\u201d m\u00fczikaliteye ula\u015fma a\u00e7\u0131s\u0131ndan ciddi bir potansiyel bar\u0131nd\u0131rmaktad\u0131r. Dolay\u0131s\u0131yla bu kitap, ba\u011flama icrac\u0131lar\u0131na pek \u00e7ok a\u00e7\u0131dan fikir verebilecek, a\u00e7\u0131k tel tekni\u011fi hakk\u0131nda merak edilen t\u00fcm detaylara \u0131\u015f\u0131k tutacakt\u0131r. <\/p>\n","protected":false},"excerpt":{"rendered":"<p>Bu kitap, ba\u011flama i\u00e7in yeni bir icra y\u00f6ntemi sunmaktad\u0131r. Bu icra y\u00f6ntemi ile icrac\u0131lar ba\u015fl\u0131 ba\u015f\u0131na eserler icra edebilece\u011fi gibi, geleneksel icralar\u0131n i\u00e7erisinde duyumu \u201czenginle\u015ftirecek\u201d, \u00e7e\u015fitlendirecek<span class=\"excerpt-hellip\"> [\u2026]<\/span><\/p>\n","protected":false},"featured_media":0,"template":"","meta":{"_monsterinsights_skip_tracking":false,"_monsterinsights_sitenote_active":false,"_monsterinsights_sitenote_note":"","_monsterinsights_sitenote_category":0},"product_brand":[],"product_cat":[14556],"product_tag":[],"class_list":{"0":"post-756464","1":"product","2":"type-product","3":"status-publish","5":"product_cat-muzik","6":"pa_cilt-ciltsiz","7":"pa_tur-kitap","8":"pa_yayinevi-kitapol-yayinlari","9":"pa_yazar-engin-emre-asrav","11":"first","12":"instock","13":"sale","14":"shipping-taxable","15":"purchasable","16":"product-type-simple"},"_links":{"self":[{"href":"https:\/\/roveyayinevi.com.tr\/index.php\/wp-json\/wp\/v2\/product\/756464","targetHints":{"allow":["GET"]}}],"collection":[{"href":"https:\/\/roveyayinevi.com.tr\/index.php\/wp-json\/wp\/v2\/product"}],"about":[{"href":"https:\/\/roveyayinevi.com.tr\/index.php\/wp-json\/wp\/v2\/types\/product"}],"wp:attachment":[{"href":"https:\/\/roveyayinevi.com.tr\/index.php\/wp-json\/wp\/v2\/media?parent=756464"}],"wp:term":[{"taxonomy":"product_brand","embeddable":true,"href":"https:\/\/roveyayinevi.com.tr\/index.php\/wp-json\/wp\/v2\/product_brand?post=756464"},{"taxonomy":"product_cat","embeddable":true,"href":"https:\/\/roveyayinevi.com.tr\/index.php\/wp-json\/wp\/v2\/product_cat?post=756464"},{"taxonomy":"product_tag","embeddable":true,"href":"https:\/\/roveyayinevi.com.tr\/index.php\/wp-json\/wp\/v2\/product_tag?post=756464"}],"curies":[{"name":"wp","href":"https:\/\/api.w.org\/{rel}","templated":true}]}}