{"id":756461,"date":"2025-08-28T07:08:36","date_gmt":"2025-08-28T04:08:36","guid":{"rendered":"https:\/\/roveyayinevi.com.tr\/index.php\/urun\/deniz-bize-biz-denize-aitiz\/"},"modified":"2026-04-08T03:17:32","modified_gmt":"2026-04-08T00:17:32","slug":"deniz-bize-biz-denize-aitiz","status":"publish","type":"product","link":"https:\/\/roveyayinevi.com.tr\/index.php\/urun\/deniz-bize-biz-denize-aitiz\/","title":{"rendered":"Deniz Bize, Biz Denize Aitiz"},"content":{"rendered":"<p>\u201cBu kalp seni unutur mu?\u201d   Fikret K\u0131z\u0131lok televizyon i\u00e7in bir deniz dizisi \u00e7ekmek istiyordu ve bir yazara ihtiyac\u0131 vard\u0131. Tan\u0131\u015fmam\u0131z\u0131n ard\u0131ndan ona deniz fenerleri projesini haz\u0131rlad\u0131m.  Fikret \u201cHarika!\u201d deyince de alt\u0131 ayda diziyi yazd\u0131m. Ne yaz\u0131k ki bizim d\u0131\u015f\u0131m\u0131zda  geli\u015fen talihsiz nedenlerle proje hayata ge\u00e7emedi ancak biz Fikret\u2019le hayalimizde o projeyi  defalarca \u00e7ekmi\u015ftik. O g\u00fcnlere gidip \u201cBelgesel olmazsa roman olur&#8230;\u201d dedim ve bu kitab\u0131 yazd\u0131m. Demem \u015fu ki hayat\u0131ma Fikret K\u0131z\u0131lok girmeseydi bu roman olmazd\u0131. Ah Fikret, bu kalp seni nas\u0131l unutur?     Yelkenler y\u00fckseldi\u011finde, deniz fenerleriyle \u00e7izilmi\u015f bir harita e\u015fli\u011finde kendi efsanelerini yazmaya karar veriyor gen\u00e7 denizciler&#8230; Antik limanlardan bal\u0131k\u00e7\u0131 kasabalar\u0131na, her biri ge\u00e7mi\u015fin izlerini ta\u015f\u0131yan bu fenerler, gen\u00e7 yelkencilerin ve roman\u0131 okuyanlar\u0131n hayat\u0131na dokunan s\u0131rlarla dolu.   Sergun A\u011far, b\u00fcy\u00fcl\u00fc ve ak\u0131c\u0131 diliyle okurlar\u0131, \u0130stanbul\u2019dan ba\u015flay\u0131p Dat\u00e7a\u2019da biten bir deniz yolculu\u011funa davet ediyor.<\/p>\n","protected":false},"excerpt":{"rendered":"<p>\u201cBu kalp seni unutur mu?\u201d Fikret K\u0131z\u0131lok televizyon i\u00e7in bir deniz dizisi \u00e7ekmek istiyordu ve bir yazara ihtiyac\u0131 vard\u0131. Tan\u0131\u015fmam\u0131z\u0131n ard\u0131ndan ona deniz fenerleri projesini haz\u0131rlad\u0131m.<span class=\"excerpt-hellip\"> [\u2026]<\/span><\/p>\n","protected":false},"featured_media":0,"template":"","meta":{"_monsterinsights_skip_tracking":false,"_monsterinsights_sitenote_active":false,"_monsterinsights_sitenote_note":"","_monsterinsights_sitenote_category":0},"product_brand":[],"product_cat":[12291,12711],"product_tag":[],"class_list":{"0":"post-756461","1":"product","2":"type-product","3":"status-publish","5":"product_cat-edebiyat","6":"product_cat-roman-oyku","7":"pa_cilt-ciltsiz","8":"pa_tur-kitap","9":"pa_yayinevi-luna-yayinlari","10":"pa_yazar-sergun-agar","12":"first","13":"instock","14":"sale","15":"shipping-taxable","16":"purchasable","17":"product-type-simple"},"_links":{"self":[{"href":"https:\/\/roveyayinevi.com.tr\/index.php\/wp-json\/wp\/v2\/product\/756461","targetHints":{"allow":["GET"]}}],"collection":[{"href":"https:\/\/roveyayinevi.com.tr\/index.php\/wp-json\/wp\/v2\/product"}],"about":[{"href":"https:\/\/roveyayinevi.com.tr\/index.php\/wp-json\/wp\/v2\/types\/product"}],"wp:attachment":[{"href":"https:\/\/roveyayinevi.com.tr\/index.php\/wp-json\/wp\/v2\/media?parent=756461"}],"wp:term":[{"taxonomy":"product_brand","embeddable":true,"href":"https:\/\/roveyayinevi.com.tr\/index.php\/wp-json\/wp\/v2\/product_brand?post=756461"},{"taxonomy":"product_cat","embeddable":true,"href":"https:\/\/roveyayinevi.com.tr\/index.php\/wp-json\/wp\/v2\/product_cat?post=756461"},{"taxonomy":"product_tag","embeddable":true,"href":"https:\/\/roveyayinevi.com.tr\/index.php\/wp-json\/wp\/v2\/product_tag?post=756461"}],"curies":[{"name":"wp","href":"https:\/\/api.w.org\/{rel}","templated":true}]}}