{"id":756459,"date":"2025-08-28T07:08:33","date_gmt":"2025-08-28T04:08:33","guid":{"rendered":"https:\/\/roveyayinevi.com.tr\/index.php\/urun\/52-numara\/"},"modified":"2026-04-16T03:09:35","modified_gmt":"2026-04-16T00:09:35","slug":"52-numara","status":"publish","type":"product","link":"https:\/\/roveyayinevi.com.tr\/index.php\/urun\/52-numara\/","title":{"rendered":"52 Numara"},"content":{"rendered":"<p>\u201cSesimi duyan var m\u0131?\u201d \u201c1-2-3\u2026 Sessizlik\u2026\u201d \u201cSesimi duyan var m\u0131?\u201d sorusunun ard\u0131ndan gelen incecik yakar\u0131\u015flar\u2026 Umutlar\u0131n artmas\u0131yla azalmas\u0131 bir oluyor. Sevinilecek bir sonucun pe\u015finde herkes. Herhangi bir taraftan gelecek olumlu habere muhtac\u0131z hepimiz\u2026 \u0130ncecik pijamas\u0131yla \u00f6n\u00fcmde y\u00fcr\u00fcyen bir kad\u0131n&#8230; \u00c7\u0131kt\u0131 kar\u015f\u0131ma i\u015fte! Arkas\u0131ndan boynuna sar\u0131veriyorum elimdeki atk\u0131y\u0131. Kafas\u0131n\u0131 \u00e7evirip kim oldu\u011fuma bakan g\u00f6zlerde \u015fa\u015fk\u0131nl\u0131ktan ziyade mutluluk\u2026   Fatma Kara, 6 \u015eubat depreminde yard\u0131ma ko\u015fan binlerce g\u00f6n\u00fcll\u00fcden biri&#8230; Bizzat \u015fahit olduklar\u0131n\u0131 derledi\u011fi eserinde ise hepimizin ortak ac\u0131s\u0131 gizli&#8230;<\/p>\n","protected":false},"excerpt":{"rendered":"<p>\u201cSesimi duyan var m\u0131?\u201d \u201c1-2-3\u2026 Sessizlik\u2026\u201d \u201cSesimi duyan var m\u0131?\u201d sorusunun ard\u0131ndan gelen incecik yakar\u0131\u015flar\u2026 Umutlar\u0131n artmas\u0131yla azalmas\u0131 bir oluyor. Sevinilecek bir sonucun pe\u015finde herkes. Herhangi<span class=\"excerpt-hellip\"> [\u2026]<\/span><\/p>\n","protected":false},"featured_media":0,"template":"","meta":{"_monsterinsights_skip_tracking":false,"_monsterinsights_sitenote_active":false,"_monsterinsights_sitenote_note":"","_monsterinsights_sitenote_category":0},"product_brand":[],"product_cat":[13701,12291],"product_tag":[],"class_list":{"0":"post-756459","1":"product","2":"type-product","3":"status-publish","5":"product_cat-ani-mektup-gunluk","6":"product_cat-edebiyat","7":"pa_cilt-ciltsiz","8":"pa_tur-kitap","9":"pa_yayinevi-luna-yayinlari","10":"pa_yazar-fatma-kara","12":"first","13":"instock","14":"sale","15":"shipping-taxable","16":"purchasable","17":"product-type-simple"},"_links":{"self":[{"href":"https:\/\/roveyayinevi.com.tr\/index.php\/wp-json\/wp\/v2\/product\/756459","targetHints":{"allow":["GET"]}}],"collection":[{"href":"https:\/\/roveyayinevi.com.tr\/index.php\/wp-json\/wp\/v2\/product"}],"about":[{"href":"https:\/\/roveyayinevi.com.tr\/index.php\/wp-json\/wp\/v2\/types\/product"}],"wp:attachment":[{"href":"https:\/\/roveyayinevi.com.tr\/index.php\/wp-json\/wp\/v2\/media?parent=756459"}],"wp:term":[{"taxonomy":"product_brand","embeddable":true,"href":"https:\/\/roveyayinevi.com.tr\/index.php\/wp-json\/wp\/v2\/product_brand?post=756459"},{"taxonomy":"product_cat","embeddable":true,"href":"https:\/\/roveyayinevi.com.tr\/index.php\/wp-json\/wp\/v2\/product_cat?post=756459"},{"taxonomy":"product_tag","embeddable":true,"href":"https:\/\/roveyayinevi.com.tr\/index.php\/wp-json\/wp\/v2\/product_tag?post=756459"}],"curies":[{"name":"wp","href":"https:\/\/api.w.org\/{rel}","templated":true}]}}