{"id":756456,"date":"2025-08-28T07:08:28","date_gmt":"2025-08-28T04:08:28","guid":{"rendered":"https:\/\/roveyayinevi.com.tr\/index.php\/urun\/degisim-7\/"},"modified":"2026-04-16T03:09:35","modified_gmt":"2026-04-16T00:09:35","slug":"degisim-7","status":"publish","type":"product","link":"https:\/\/roveyayinevi.com.tr\/index.php\/urun\/degisim-7\/","title":{"rendered":"De\u011fi\u015fim"},"content":{"rendered":"<p>Nazl\u0131, Evren, Aziz, Hakan, Hande, Gizem\u2026 S\u0131radan bir \u00fcniversitedeki g\u00fcnlerden birka\u00e7\u0131na \u015fahit oluyoruz Berfin \u015eafak \u015eahbal sayesinde\u2026   Gen\u00e7lerin ya\u015fad\u0131\u011f\u0131 buhranlara, karma\u015falara, g\u00fcnl\u00fck tela\u015flara bu tiyatro oyunuyla k\u0131sa bir bak\u0131\u015f at\u0131yor; bazen g\u00fcl\u00fcyor, bazen sinirleniyor, bazense \u00fcz\u00fcl\u00fcyoruz.   Hayat\u0131n i\u00e7inden, hayat kadar ger\u00e7ek sat\u0131rlarla okuyucusuna sesleniyor \u015eahbal\u2026<\/p>\n","protected":false},"excerpt":{"rendered":"<p>Nazl\u0131, Evren, Aziz, Hakan, Hande, Gizem\u2026 S\u0131radan bir \u00fcniversitedeki g\u00fcnlerden birka\u00e7\u0131na \u015fahit oluyoruz Berfin \u015eafak \u015eahbal sayesinde\u2026 Gen\u00e7lerin ya\u015fad\u0131\u011f\u0131 buhranlara, karma\u015falara, g\u00fcnl\u00fck tela\u015flara bu tiyatro oyunuyla<span class=\"excerpt-hellip\"> [\u2026]<\/span><\/p>\n","protected":false},"featured_media":0,"template":"","meta":{"_monsterinsights_skip_tracking":false,"_monsterinsights_sitenote_active":false,"_monsterinsights_sitenote_note":"","_monsterinsights_sitenote_category":0},"product_brand":[],"product_cat":[12291,14272],"product_tag":[],"class_list":{"0":"post-756456","1":"product","2":"type-product","3":"status-publish","5":"product_cat-edebiyat","6":"product_cat-tiyatro","7":"pa_cilt-ciltsiz","8":"pa_tur-kitap","9":"pa_yayinevi-luna-yayinlari","10":"pa_yazar-berfin-safak-sahbal","12":"first","13":"instock","14":"sale","15":"shipping-taxable","16":"purchasable","17":"product-type-simple"},"_links":{"self":[{"href":"https:\/\/roveyayinevi.com.tr\/index.php\/wp-json\/wp\/v2\/product\/756456","targetHints":{"allow":["GET"]}}],"collection":[{"href":"https:\/\/roveyayinevi.com.tr\/index.php\/wp-json\/wp\/v2\/product"}],"about":[{"href":"https:\/\/roveyayinevi.com.tr\/index.php\/wp-json\/wp\/v2\/types\/product"}],"wp:attachment":[{"href":"https:\/\/roveyayinevi.com.tr\/index.php\/wp-json\/wp\/v2\/media?parent=756456"}],"wp:term":[{"taxonomy":"product_brand","embeddable":true,"href":"https:\/\/roveyayinevi.com.tr\/index.php\/wp-json\/wp\/v2\/product_brand?post=756456"},{"taxonomy":"product_cat","embeddable":true,"href":"https:\/\/roveyayinevi.com.tr\/index.php\/wp-json\/wp\/v2\/product_cat?post=756456"},{"taxonomy":"product_tag","embeddable":true,"href":"https:\/\/roveyayinevi.com.tr\/index.php\/wp-json\/wp\/v2\/product_tag?post=756456"}],"curies":[{"name":"wp","href":"https:\/\/api.w.org\/{rel}","templated":true}]}}