{"id":756455,"date":"2025-08-28T07:08:26","date_gmt":"2025-08-28T04:08:26","guid":{"rendered":"https:\/\/roveyayinevi.com.tr\/index.php\/urun\/biz-seninle-konusmaya-geldik\/"},"modified":"2026-04-16T03:09:35","modified_gmt":"2026-04-16T00:09:35","slug":"biz-seninle-konusmaya-geldik","status":"publish","type":"product","link":"https:\/\/roveyayinevi.com.tr\/index.php\/urun\/biz-seninle-konusmaya-geldik\/","title":{"rendered":"Biz Seninle Konu\u015fmaya Geldik"},"content":{"rendered":"<p>Bu maskaral\u0131\u011fa bir an \u00f6nce son vermek istiyordum. Fi\u015fek gibi f\u0131rlad\u0131m yerimden ve k\u00fcf\u00fcrler homurdanarak cenaze arabas\u0131n\u0131n yan\u0131na vard\u0131m. Arkas\u0131 a\u00e7\u0131k olanlardand\u0131. Arka kapa\u011f\u0131 indirilmi\u015f, tabutu sabitleyen kay\u0131\u015f ve kelep\u00e7eler s\u00f6k\u00fclm\u00fc\u015ft\u00fc. \u0130\u00e7eri z\u0131plad\u0131m. Tabutu delice bir kuvvetle itip yere devirdim. Kefenlenmi\u015f ceset f\u0131rlay\u0131p, toprak zeminde tuhaf bir takla att\u0131. Bir saniyeli\u011fine, televizyon kar\u015f\u0131s\u0131nda ayaklar\u0131n\u0131 uzatm\u0131\u015f oturuyor gibi g\u00f6r\u00fcnd\u00fc \u00f6l\u00fc beden. \u00c7ok komikti ama \u00fcst\u00fcnde durmad\u0131m. G\u00f6vdenin geriye d\u00fc\u015f\u00fcp yere \u00e7arp\u0131nca \u00e7\u0131kard\u0131\u011f\u0131 \u201cTok!\u201d sesinin i\u015faretiyle atlad\u0131m ara\u00e7tan a\u015fa\u011f\u0131.   Biz Seninle Konu\u015fmaya Geldik insan ili\u015fkilerinin, umutlar\u0131n, umutsuzluklar\u0131n ve s\u0131radan\u0131n \u00f6tesindeki s\u0131ra d\u0131\u015f\u0131l\u0131\u011f\u0131 arayan herkesi, bir ke\u015fif yolculu\u011funa davet ediyor.<\/p>\n","protected":false},"excerpt":{"rendered":"<p>Bu maskaral\u0131\u011fa bir an \u00f6nce son vermek istiyordum. Fi\u015fek gibi f\u0131rlad\u0131m yerimden ve k\u00fcf\u00fcrler homurdanarak cenaze arabas\u0131n\u0131n yan\u0131na vard\u0131m. Arkas\u0131 a\u00e7\u0131k olanlardand\u0131. Arka kapa\u011f\u0131 indirilmi\u015f, tabutu<span class=\"excerpt-hellip\"> [\u2026]<\/span><\/p>\n","protected":false},"featured_media":0,"template":"","meta":{"_monsterinsights_skip_tracking":false,"_monsterinsights_sitenote_active":false,"_monsterinsights_sitenote_note":"","_monsterinsights_sitenote_category":0},"product_brand":[],"product_cat":[12291,18202],"product_tag":[],"class_list":{"0":"post-756455","1":"product","2":"type-product","3":"status-publish","5":"product_cat-edebiyat","6":"product_cat-hikaye","7":"pa_cilt-ciltsiz","8":"pa_tur-kitap","9":"pa_yayinevi-luna-yayinlari","10":"pa_yazar-dogukan-ozdil","12":"first","13":"instock","14":"sale","15":"shipping-taxable","16":"purchasable","17":"product-type-simple"},"_links":{"self":[{"href":"https:\/\/roveyayinevi.com.tr\/index.php\/wp-json\/wp\/v2\/product\/756455","targetHints":{"allow":["GET"]}}],"collection":[{"href":"https:\/\/roveyayinevi.com.tr\/index.php\/wp-json\/wp\/v2\/product"}],"about":[{"href":"https:\/\/roveyayinevi.com.tr\/index.php\/wp-json\/wp\/v2\/types\/product"}],"wp:attachment":[{"href":"https:\/\/roveyayinevi.com.tr\/index.php\/wp-json\/wp\/v2\/media?parent=756455"}],"wp:term":[{"taxonomy":"product_brand","embeddable":true,"href":"https:\/\/roveyayinevi.com.tr\/index.php\/wp-json\/wp\/v2\/product_brand?post=756455"},{"taxonomy":"product_cat","embeddable":true,"href":"https:\/\/roveyayinevi.com.tr\/index.php\/wp-json\/wp\/v2\/product_cat?post=756455"},{"taxonomy":"product_tag","embeddable":true,"href":"https:\/\/roveyayinevi.com.tr\/index.php\/wp-json\/wp\/v2\/product_tag?post=756455"}],"curies":[{"name":"wp","href":"https:\/\/api.w.org\/{rel}","templated":true}]}}