{"id":756453,"date":"2025-08-28T07:08:23","date_gmt":"2025-08-28T04:08:23","guid":{"rendered":"https:\/\/roveyayinevi.com.tr\/index.php\/urun\/ideal-kent-kent-arastirmalari-dergisi-sayi-3\/"},"modified":"2026-04-16T03:09:35","modified_gmt":"2026-04-16T00:09:35","slug":"ideal-kent-kent-arastirmalari-dergisi-sayi-3","status":"publish","type":"product","link":"https:\/\/roveyayinevi.com.tr\/index.php\/urun\/ideal-kent-kent-arastirmalari-dergisi-sayi-3\/","title":{"rendered":"\u0130deal Kent &#8211; Kent Ara\u015ft\u0131rmalar\u0131 Dergisi Say\u0131: 3"},"content":{"rendered":"<p>\u0130\u00e7indekilerMakalelerKent Kimli\u011fine B\u00fct\u00fcnc\u00fcl Bir Bak\u0131\u015fDerya Oktay\u00d6zet &amp; AbstractSosyal D\u00fc\u015f\u00fcncede Kent Kimli\u011fiNuri Bilgin\u00d6zet &amp; AbstractK\u00fcreselle\u015fme, Kent ve K\u00fclt\u00fcr\u015eerife Geni\u015f\u00d6zet &amp; AbstractYerel Kimli\u011fin Mek\u00e2nsal Temsili ve Qu\u00e9bec Kentinde Korunmas\u0131Meltem U\u00e7ar &#8211; Mert N. Rifaio\u011flu\u00d6zet &amp; AbstractK\u00fcresel Kent, Kentsel Markala\u015fma ve Yok-Mekan \u0130li\u015fkileriGaye B. \u00d6zerk &#8211; Berrin A. Y\u00fcksekli\u00d6zet &amp; AbstractK\u00fcreselle\u015fme, Madun Kamusall\u0131\u011f\u0131 ve Taktikler: Afyon \u00c7avu\u015fba\u015f Mahallesi \u00d6rne\u011fi\u015eevket E. K\u0131z\u0131lay\u00d6zet &amp; AbstractT\u00fcm \u00d6teki\u2019lerin Kenti\u00d6ze Uluengin\u00d6zet &amp; AbstractYok-Yer, Yersizle\u015fme ve Yersizyurtsuzluk Kavramlar\u0131 \u00dczerine Bir Sorgulama\u00d6zlem Berber\u00d6zet &amp; AbstractKent \u0130maj\u0131 Yaratma S\u00fcrecinde Kentsel Tasar\u0131m ve Planlaman\u0131n Sorgulanmas\u0131G\u00f6zde Ek\u015fio\u011flu \u00c7etintahra\u00d6zet &amp; Abstract\u0130ktidar\u0131n Mek\u00e2n\u0131 Olarak Bir \u201cDers\u201d ve \u00d6teki(ler) Olarak \u201c\u00d6\u011frenciler\u201dHakk\u0131 Y\u0131rt\u0131c\u0131\u00d6zet &amp; AbstractPeyami Safa\u2019n\u0131n Romanlar\u0131nda Par\u00e7alanan Modern KentS. Elif Aksoy\u00d6zet &amp; AbstractKamusal Alan\u0131n G\u00f6z ile \u0130n\u015fas\u0131 ve G\u00f6zden D\u00fc\u015f\u00fc\u015f\u00fc: Parisli Flaneur ve \u0130stanbullu Bihruz BeyY\u0131lmaz Y\u0131ld\u0131r\u0131m\u00d6zet &amp; AbstractBir G\u00f6\u00e7men Kenti Olarak Eski\u015fehir ve Eski\u015fehir\u2019in Sosyo-K\u00fclt\u00fcrel Yap\u0131s\u0131nda Tatar Kimli\u011fiCemile \u015eahin\u00d6zet &amp; Abstract<\/p>\n","protected":false},"excerpt":{"rendered":"<p>\u0130\u00e7indekilerMakalelerKent Kimli\u011fine B\u00fct\u00fcnc\u00fcl Bir Bak\u0131\u015fDerya Oktay\u00d6zet &amp; AbstractSosyal D\u00fc\u015f\u00fcncede Kent Kimli\u011fiNuri Bilgin\u00d6zet &amp; AbstractK\u00fcreselle\u015fme, Kent ve K\u00fclt\u00fcr\u015eerife Geni\u015f\u00d6zet &amp; AbstractYerel Kimli\u011fin Mek\u00e2nsal Temsili ve Qu\u00e9bec Kentinde<span class=\"excerpt-hellip\"> [\u2026]<\/span><\/p>\n","protected":false},"featured_media":0,"template":"","meta":{"_monsterinsights_skip_tracking":false,"_monsterinsights_sitenote_active":false,"_monsterinsights_sitenote_note":"","_monsterinsights_sitenote_category":0},"product_brand":[],"product_cat":[13527],"product_tag":[],"class_list":{"0":"post-756453","1":"product","2":"type-product","3":"status-publish","5":"product_cat-sureli-yayinlar","6":"pa_cilt-ciltsiz","7":"pa_tur-dergi","8":"pa_yayinevi-idealkent-yayincilik","9":"pa_yazar-kolektif","11":"first","12":"instock","13":"sale","14":"shipping-taxable","15":"purchasable","16":"product-type-simple"},"_links":{"self":[{"href":"https:\/\/roveyayinevi.com.tr\/index.php\/wp-json\/wp\/v2\/product\/756453","targetHints":{"allow":["GET"]}}],"collection":[{"href":"https:\/\/roveyayinevi.com.tr\/index.php\/wp-json\/wp\/v2\/product"}],"about":[{"href":"https:\/\/roveyayinevi.com.tr\/index.php\/wp-json\/wp\/v2\/types\/product"}],"wp:attachment":[{"href":"https:\/\/roveyayinevi.com.tr\/index.php\/wp-json\/wp\/v2\/media?parent=756453"}],"wp:term":[{"taxonomy":"product_brand","embeddable":true,"href":"https:\/\/roveyayinevi.com.tr\/index.php\/wp-json\/wp\/v2\/product_brand?post=756453"},{"taxonomy":"product_cat","embeddable":true,"href":"https:\/\/roveyayinevi.com.tr\/index.php\/wp-json\/wp\/v2\/product_cat?post=756453"},{"taxonomy":"product_tag","embeddable":true,"href":"https:\/\/roveyayinevi.com.tr\/index.php\/wp-json\/wp\/v2\/product_tag?post=756453"}],"curies":[{"name":"wp","href":"https:\/\/api.w.org\/{rel}","templated":true}]}}