{"id":756450,"date":"2025-08-28T07:08:20","date_gmt":"2025-08-28T04:08:20","guid":{"rendered":"https:\/\/roveyayinevi.com.tr\/index.php\/urun\/ideal-kent-kent-arastirmalari-dergisi-sayi-18\/"},"modified":"2026-04-16T03:09:35","modified_gmt":"2026-04-16T00:09:35","slug":"ideal-kent-kent-arastirmalari-dergisi-sayi-18","status":"publish","type":"product","link":"https:\/\/roveyayinevi.com.tr\/index.php\/urun\/ideal-kent-kent-arastirmalari-dergisi-sayi-18\/","title":{"rendered":"\u0130deal Kent &#8211; Kent Ara\u015ft\u0131rmalar\u0131 Dergisi Say\u0131: 18"},"content":{"rendered":"<p>Takdim 5 Emine K\u00f6seo\u011fluMakaleler 8 Tan Kamil G\u00fcrerTipomorfoloji: Kentsel Mek\u00e2n\u0131n Yap\u0131s\u0131n\u0131 Anlamak22 Neslihan Kul\u00f6z\u00fcBir Mek\u00e2nsal Modernle\u015fme \u00d6yk\u00fcs\u00fc: Erzurum Kenti ve Kentsel Mek\u00e2n\u0131nda \u0130kili Dokunun Olu\u015fumu48 Hatice Meltem G\u00fcndo\u011fdu &#8211; Azem Kuru &#8211; Mete Korhan \u00d6zk\u00f6kK\u0131rklareli Kent Alg\u0131s\u0131 \u00dczerine Deneysel Bir \u00c7al\u0131\u015fma80 Serkan S\u0131nmaz &#8211; Hanife Ahsen \u00d6zdemirT\u00fcrkiye \u015eehir Planlama Prati\u011finin Kentsel Morfoloji ve Tipoloji\u00dczerindeki Etkileri, Siverek Kenti \u0130\u00e7in Bir De\u011ferlendirme116 \u015e. G\u00fclin BeyhanIsparta Kentinde Ya\u015fanan Modernizmin Kent K\u00fclt\u00fcr\u00fc ve Tipolojisi\u00dczerine Yans\u0131malar\u0131144 Merve Saat\u00e7\u0131 &#8211; Deniz Erinsel \u00d6nderDo\u011fu Karadeniz B\u00f6lgesi Geleneksel Konutlar\u0131nda Mek\u00e2nsal Kademelenme174 Figen Or\u00e7un Kafes\u00e7io\u011flu19. Y\u00fczy\u0131l\u0131n \u0130kinci Yar\u0131s\u0131ndan G\u00fcn\u00fcm\u00fcze Galata\/Karak\u00f6y\u2019de KentMorfolojisi ve Yap\u0131 T\u00fcrlerinin \u0130ncelenmesi204 Nilg\u00fcn \u00c7olpan ErkanZihinsel Haritalar\u0131n Bi\u00e7imlenmesinde Ula\u015f\u0131m A\u011f\u0131 Ba\u011flam\u0131nda Yerle\u015fme Tipolojisinin Etkisi; Toronto \u00d6rne\u011fi226 Hatice Sad\u0131ko\u011flu &#8211; Ahsen \u00d6zsoy\u00dcst Gelir Grubu Konut Tercihi Olarak Rezidans Kullan\u0131m\u0131246 Zehra \u00c7etinkaya &#8211; Ay\u015fen Ciravo\u011fluS\u00fcrd\u00fcr\u00fclebilir Yerle\u015fim Modellerinin Kar\u015f\u0131la\u015ft\u0131r\u0131lmas\u0131: Eko-Kent ve Yava\u015f KentTasnif D\u0131\u015f\u0131 268 Bilge \u0130mamo\u011fluS\u00f6ylemin \u00dcretimi \u0130le \u00dcretim S\u00f6ylemi Aras\u0131nda Kamunun Mimarl\u0131\u011f\u0131: Arkitekt ve Bay\u0131nd\u0131rl\u0131k \u0130\u015fleri Dergisi286 Selin \u00d6nenKenti Y\u00fcr\u00fcyerek Ke\u015ffetmenin Sosyolojisi304 Merve \u015eenYusuf At\u0131lgan\u2019\u0131n \u201cBodur Minareden \u00d6te\u201d \u00d6yk\u00fcs\u00fcnde Mek\u00e2n\u0131n Diyalekti\u011fi \u00dczeri<\/p>\n","protected":false},"excerpt":{"rendered":"<p>Takdim 5 Emine K\u00f6seo\u011fluMakaleler 8 Tan Kamil G\u00fcrerTipomorfoloji: Kentsel Mek\u00e2n\u0131n Yap\u0131s\u0131n\u0131 Anlamak22 Neslihan Kul\u00f6z\u00fcBir Mek\u00e2nsal Modernle\u015fme \u00d6yk\u00fcs\u00fc: Erzurum Kenti ve Kentsel Mek\u00e2n\u0131nda \u0130kili Dokunun Olu\u015fumu48 Hatice<span class=\"excerpt-hellip\"> [\u2026]<\/span><\/p>\n","protected":false},"featured_media":0,"template":"","meta":{"_monsterinsights_skip_tracking":false,"_monsterinsights_sitenote_active":false,"_monsterinsights_sitenote_note":"","_monsterinsights_sitenote_category":0},"product_brand":[],"product_cat":[13527],"product_tag":[],"class_list":{"0":"post-756450","1":"product","2":"type-product","3":"status-publish","5":"product_cat-sureli-yayinlar","6":"pa_cilt-ciltsiz","7":"pa_tur-dergi","8":"pa_yayinevi-idealkent-yayincilik","9":"pa_yazar-kolektif","11":"first","12":"instock","13":"sale","14":"shipping-taxable","15":"purchasable","16":"product-type-simple"},"_links":{"self":[{"href":"https:\/\/roveyayinevi.com.tr\/index.php\/wp-json\/wp\/v2\/product\/756450","targetHints":{"allow":["GET"]}}],"collection":[{"href":"https:\/\/roveyayinevi.com.tr\/index.php\/wp-json\/wp\/v2\/product"}],"about":[{"href":"https:\/\/roveyayinevi.com.tr\/index.php\/wp-json\/wp\/v2\/types\/product"}],"wp:attachment":[{"href":"https:\/\/roveyayinevi.com.tr\/index.php\/wp-json\/wp\/v2\/media?parent=756450"}],"wp:term":[{"taxonomy":"product_brand","embeddable":true,"href":"https:\/\/roveyayinevi.com.tr\/index.php\/wp-json\/wp\/v2\/product_brand?post=756450"},{"taxonomy":"product_cat","embeddable":true,"href":"https:\/\/roveyayinevi.com.tr\/index.php\/wp-json\/wp\/v2\/product_cat?post=756450"},{"taxonomy":"product_tag","embeddable":true,"href":"https:\/\/roveyayinevi.com.tr\/index.php\/wp-json\/wp\/v2\/product_tag?post=756450"}],"curies":[{"name":"wp","href":"https:\/\/api.w.org\/{rel}","templated":true}]}}