{"id":756449,"date":"2025-08-28T07:08:19","date_gmt":"2025-08-28T04:08:19","guid":{"rendered":"https:\/\/roveyayinevi.com.tr\/index.php\/urun\/ideal-kent-kent-arastirmalari-dergisi-sayi-15\/"},"modified":"2026-04-16T03:09:35","modified_gmt":"2026-04-16T00:09:35","slug":"ideal-kent-kent-arastirmalari-dergisi-sayi-15","status":"publish","type":"product","link":"https:\/\/roveyayinevi.com.tr\/index.php\/urun\/ideal-kent-kent-arastirmalari-dergisi-sayi-15\/","title":{"rendered":"\u0130deal Kent &#8211; Kent Ara\u015ft\u0131rmalar\u0131 Dergisi Say\u0131: 15"},"content":{"rendered":"<p>\u0130\u00e7indekiler:Takdim 5 Fuat G\u00fcll\u00fcp\u0131nar-Mustafa Altuno\u011fluMakaleler 8 \u0130brahim Sirkeci-Jeffrey H. CohenHareketlilik, G\u00f6\u00e7, G\u00fcvensizlik22 Nazl\u0131 \u015eenses \u00d6zcanD\u00fczensiz G\u00f6\u00e7 \u00dczerine Bir \u0130nceleme: K\u00fcresel Dinamikler,Ulus-Devletler, G\u00f6\u00e7menler40 Neslihan Demirta\u015f-MilzNeoliberal Kent Dubai: Uluslararas\u0131 G\u00f6\u00e7 Politikalar\u0131,Kentsel Kapanmalar ve Gen\u00e7 Filipinli G\u00f6\u00e7menlerin Durumu66 Alev Y\u00fccelBat\u0131 Avrupa\u2019da G\u00f6\u00e7menli\u011fin De\u011fi\u015fen Alg\u0131s\u0131 ve T\u00fcrkiye K\u00f6kenliG\u00f6\u00e7menler100 Sezen Ceceli K\u00f6seUyum Sa\u011flam\u0131\u015flar\u0131n \u0130kilemi: Hollanda\u2019daki \u0130kinci Ku\u015fak T\u00fcrkiye K\u00f6kenliG\u00f6\u00e7menlerin Beklentileri 119 Damla B. AkselDevlet Eliyle Yurtd\u0131\u015f\u0131na \u00c7evre G\u00f6\u00e7\u00fc \u00d6rne\u011fi: \u0130\u015f\u00e7i G\u00f6\u00e7\u00fc D\u00f6nemiUygulanan Afet Kotas\u0131 132 Mustafa \u00c7ak\u0131rG\u00f6\u00e7\u00fcn 50. Y\u0131l\u0131nda T\u00fcrkiye Avusturya \u0130li\u015fkilerine Genel Bir Bak\u0131\u015f149 Kemal DilG\u00f6\u00e7 Olgusuna G\u00f6\u00e7menlerin Deneyimleri \u00dczerinden Bakmak172 G\u00f6rkem Da\u011fdelenT\u00fcrkiye\u2019nin De\u011fi\u015fen Vatanda\u015fl\u0131k Rejimi ve Emek G\u00f6\u00e7\u00fc198 Tahire ErmanNeoliberal Kent Projeleri ve Konut Politikalar\u0131n\u0131n G\u00f6\u00e7men Mahalle ve Ya\u015famlar\u0131na Etkisi: G\u00f6\u00e7 \u00c7al\u0131\u015fmalar\u0131na Yeni bir Ara\u015ft\u0131rma G\u00fcndemi Denemesi214 A.Vedat Ko\u00e7alBir Siyasal De\u011fi\u015fme Etkeni Olarak G\u00f6\u00e7: K\u00fcrt Kimli\u011finin SiyasalEvriminde G\u00f6\u00e7 Dinami\u011fi \u00d6rne\u011fi &#8211; Nedenler ve Sonu\u00e7lar -242 Birce Alt\u0131ok-Kar\u015f\u0131yakaS\u0131n\u0131r ve S\u0131n\u0131rd\u0131\u015f\u0131: T\u00fcrkiye\u2019de Yabanc\u0131lar, G\u00f6\u00e7 ve Devlete Disiplinleraras\u0131 Bak\u0131\u015flar<\/p>\n","protected":false},"excerpt":{"rendered":"<p>\u0130\u00e7indekiler:Takdim 5 Fuat G\u00fcll\u00fcp\u0131nar-Mustafa Altuno\u011fluMakaleler 8 \u0130brahim Sirkeci-Jeffrey H. CohenHareketlilik, G\u00f6\u00e7, G\u00fcvensizlik22 Nazl\u0131 \u015eenses \u00d6zcanD\u00fczensiz G\u00f6\u00e7 \u00dczerine Bir \u0130nceleme: K\u00fcresel Dinamikler,Ulus-Devletler, G\u00f6\u00e7menler40 Neslihan Demirta\u015f-MilzNeoliberal Kent Dubai:<span class=\"excerpt-hellip\"> [\u2026]<\/span><\/p>\n","protected":false},"featured_media":0,"template":"","meta":{"_monsterinsights_skip_tracking":false,"_monsterinsights_sitenote_active":false,"_monsterinsights_sitenote_note":"","_monsterinsights_sitenote_category":0},"product_brand":[],"product_cat":[13527],"product_tag":[],"class_list":{"0":"post-756449","1":"product","2":"type-product","3":"status-publish","5":"product_cat-sureli-yayinlar","6":"pa_cilt-ciltsiz","7":"pa_tur-dergi","8":"pa_yayinevi-idealkent-yayincilik","9":"pa_yazar-kolektif","11":"first","12":"instock","13":"sale","14":"shipping-taxable","15":"purchasable","16":"product-type-simple"},"_links":{"self":[{"href":"https:\/\/roveyayinevi.com.tr\/index.php\/wp-json\/wp\/v2\/product\/756449","targetHints":{"allow":["GET"]}}],"collection":[{"href":"https:\/\/roveyayinevi.com.tr\/index.php\/wp-json\/wp\/v2\/product"}],"about":[{"href":"https:\/\/roveyayinevi.com.tr\/index.php\/wp-json\/wp\/v2\/types\/product"}],"wp:attachment":[{"href":"https:\/\/roveyayinevi.com.tr\/index.php\/wp-json\/wp\/v2\/media?parent=756449"}],"wp:term":[{"taxonomy":"product_brand","embeddable":true,"href":"https:\/\/roveyayinevi.com.tr\/index.php\/wp-json\/wp\/v2\/product_brand?post=756449"},{"taxonomy":"product_cat","embeddable":true,"href":"https:\/\/roveyayinevi.com.tr\/index.php\/wp-json\/wp\/v2\/product_cat?post=756449"},{"taxonomy":"product_tag","embeddable":true,"href":"https:\/\/roveyayinevi.com.tr\/index.php\/wp-json\/wp\/v2\/product_tag?post=756449"}],"curies":[{"name":"wp","href":"https:\/\/api.w.org\/{rel}","templated":true}]}}