{"id":756448,"date":"2025-08-28T07:08:18","date_gmt":"2025-08-28T04:08:18","guid":{"rendered":"https:\/\/roveyayinevi.com.tr\/index.php\/urun\/ideal-kent-kent-arastirmalari-dergisi-sayi-1\/"},"modified":"2026-04-16T03:09:35","modified_gmt":"2026-04-16T00:09:35","slug":"ideal-kent-kent-arastirmalari-dergisi-sayi-1","status":"publish","type":"product","link":"https:\/\/roveyayinevi.com.tr\/index.php\/urun\/ideal-kent-kent-arastirmalari-dergisi-sayi-1\/","title":{"rendered":"\u0130deal Kent &#8211; Kent Ara\u015ft\u0131rmalar\u0131 Dergisi Say\u0131: 1"},"content":{"rendered":"<p>\u0130\u00e7indekilerS\u00f6yle\u015fiAkedemyan\u0131n Velut Kalemi\u201d: Prof. Dr. \u0130lhan Tekeli ile Kent \u00dczerineOr\u00e7un \u0130mga-Hakan OlgunTam MetinMakaleler-PrologT\u00fcrkiye\u2019de Kentle\u015fme Kime Ne Kazand\u0131r\u0131yor? Kente Teorik Bak\u0131\u015flarRu\u015fen Kele\u015f\u00d6zet 1 Tam MetinKent \u00c7al\u0131\u015fmalar\u0131n\u0131n Ge\u00e7mi\u015fi ve Bug\u00fcn\u00fc: Hakim Paradigmalar ve Yeni SorunsallarTahire Erman\u00d6zet &amp; AbstractKentin Tan\u0131mlanmas\u0131nda Sosyolojik Yakla\u015f\u0131mlar: Toplumsal S\u00fcre\u00e7 ve\/veya Mek\u00e2n\u0131n \u00c7\u00f6z\u00fcmlenmesiEylem \u00d6zdemir\u00d6zet &amp; Abstract\u0130deal Aray\u0131\u015f\u0131nda Bir D\u00f6n\u00fcm Noktas\u0131: Y\u0131ld\u0131z \u015eehirler\u0130. Eren K\u00fcrk\u00e7\u00fco\u011flu\u00d6zet &amp; Abstract\u00dctopya\u2019dan Distopya\u2019ya: \u201cModern \u015eehircilik\u201d ve Kriti\u011fiHakan Olgun\u00d6zet &amp; AbstractKar\u015f\u0131la\u015ft\u0131rmal\u0131 Tarih Y\u00f6ntemi Ba\u011flam\u0131nda Kent Tarih\u00e7ili\u011finin Sorunlar\u0131Neslihan \u00dcnal\u00d6zet &amp; AbstractTu\u011fla Y\u00fczeyli Binalar Kent Kimli\u011fini Belirleyici \u00d6\u011felerden Birisi Olabilir mi?: Eski\u015fehir \u00d6rne\u011fiEmrah G\u00f6kaltun\u00d6zet &amp; AbstractKent Yaz\u0131lar\u0131D\u00fcnyan\u0131n En G\u00fczel \u015eehriMehmet Ali K\u0131l\u0131\u00e7bay\u00d6zet 1 Tam Metin\u00dcst \u00dcste Gelen \u201cTarih\u201dler ve Renkli \u201cMedeniyet\u201dler \u015eehri: K\u00e2hireG\u00fcray K\u0131rp\u0131k\u00d6zet 1 Tam MetinKitap Ele\u015ftirisi\u201cKentler: Anadolu\u2019nun D\u00f6n\u00fc\u015f\u00fcm\u00fc, T\u00fcrkiye\u2019nin Gelece\u011fiZafer \u00c7elik<\/p>\n","protected":false},"excerpt":{"rendered":"<p>\u0130\u00e7indekilerS\u00f6yle\u015fiAkedemyan\u0131n Velut Kalemi\u201d: Prof. Dr. \u0130lhan Tekeli ile Kent \u00dczerineOr\u00e7un \u0130mga-Hakan OlgunTam MetinMakaleler-PrologT\u00fcrkiye\u2019de Kentle\u015fme Kime Ne Kazand\u0131r\u0131yor? Kente Teorik Bak\u0131\u015flarRu\u015fen Kele\u015f\u00d6zet 1 Tam MetinKent \u00c7al\u0131\u015fmalar\u0131n\u0131n Ge\u00e7mi\u015fi<span class=\"excerpt-hellip\"> [\u2026]<\/span><\/p>\n","protected":false},"featured_media":0,"template":"","meta":{"_monsterinsights_skip_tracking":false,"_monsterinsights_sitenote_active":false,"_monsterinsights_sitenote_note":"","_monsterinsights_sitenote_category":0},"product_brand":[],"product_cat":[13527],"product_tag":[],"class_list":{"0":"post-756448","1":"product","2":"type-product","3":"status-publish","5":"product_cat-sureli-yayinlar","6":"pa_cilt-ciltsiz","7":"pa_tur-dergi","8":"pa_yayinevi-idealkent-yayincilik","9":"pa_yazar-kolektif","11":"first","12":"instock","13":"sale","14":"shipping-taxable","15":"purchasable","16":"product-type-simple"},"_links":{"self":[{"href":"https:\/\/roveyayinevi.com.tr\/index.php\/wp-json\/wp\/v2\/product\/756448","targetHints":{"allow":["GET"]}}],"collection":[{"href":"https:\/\/roveyayinevi.com.tr\/index.php\/wp-json\/wp\/v2\/product"}],"about":[{"href":"https:\/\/roveyayinevi.com.tr\/index.php\/wp-json\/wp\/v2\/types\/product"}],"wp:attachment":[{"href":"https:\/\/roveyayinevi.com.tr\/index.php\/wp-json\/wp\/v2\/media?parent=756448"}],"wp:term":[{"taxonomy":"product_brand","embeddable":true,"href":"https:\/\/roveyayinevi.com.tr\/index.php\/wp-json\/wp\/v2\/product_brand?post=756448"},{"taxonomy":"product_cat","embeddable":true,"href":"https:\/\/roveyayinevi.com.tr\/index.php\/wp-json\/wp\/v2\/product_cat?post=756448"},{"taxonomy":"product_tag","embeddable":true,"href":"https:\/\/roveyayinevi.com.tr\/index.php\/wp-json\/wp\/v2\/product_tag?post=756448"}],"curies":[{"name":"wp","href":"https:\/\/api.w.org\/{rel}","templated":true}]}}