{"id":756447,"date":"2025-08-28T07:08:17","date_gmt":"2025-08-28T04:08:17","guid":{"rendered":"https:\/\/roveyayinevi.com.tr\/index.php\/urun\/ideal-kent-kent-arastirmalari-dergisi-sayi-6\/"},"modified":"2026-04-16T03:09:35","modified_gmt":"2026-04-16T00:09:35","slug":"ideal-kent-kent-arastirmalari-dergisi-sayi-6","status":"publish","type":"product","link":"https:\/\/roveyayinevi.com.tr\/index.php\/urun\/ideal-kent-kent-arastirmalari-dergisi-sayi-6\/","title":{"rendered":"\u0130deal Kent &#8211; Kent Ara\u015ft\u0131rmalar\u0131 Dergisi Say\u0131: 6"},"content":{"rendered":"<p>\u0130\u00e7indekilerMakalelerD\u0131\u015flay\u0131c\u0131 Ye\u015fillik: Kahire\u2019de Yeni G\u00fcvenlikli SitelerPetra Kuppinger\u00d6zet &amp; Abstract\u0130zmir\u2019de Yeni Bir Konut \u00dcretim S\u00fcreci Olarak Kapal\u0131 Konut SiteleriT. Didem Akyol Altun\u00d6zet &amp; AbstractKapal\u0131 Site Olgusunun De\u011fi\u015fim S\u00fcrecine Bir Bak\u0131\u015f: Beykoz So\u011fuksu \u00d6rne\u011fiAy\u015fe Derin \u00d6ncel &#8211; G\u00fcl\u015fen \u00d6zayd\u0131n\u00d6zet &amp; AbstractKapal\u0131 Dikey Rezidanslar ve \u00dcst S\u0131n\u0131flar\u0131n Merkeze Ko\u015fullu D\u00f6n\u00fc\u015f E\u011filimi: Ele\u015ftirel Bir De\u011ferlendirmeJean-Fran\u00e7ois Perouse\u00d6zet &amp; Abstract\u0130stanbul\u2019da \u201cOrta S\u0131n\u0131f\u201d ve Kapal\u0131 SitelerSeda Ayd\u0131n\u00d6zet &amp; AbstractG\u00fcvenlikli Siteler Aras\u0131 Rekabet: \u201cAhlakl\u0131 Kapitalizmin\u201d Kimlik \u00dczerindeki EtkisiBa\u015fak Tan\u00fclk\u00fc\u00d6zet &amp; AbstractFiziksel Duvarlar, Sembolik S\u0131n\u0131rlar ve Yamal\u0131 Bir \u015eehir Olarak \u0130stanbulSeda Do\u011fan\u00d6zet &amp; AbstractG\u00fcvenlikli Yerle\u015fimler: Konut Kullan\u0131c\u0131lar\u0131n\u0131n Ya\u015fam Tercihlerindeki De\u011fi\u015fimLale Berkoz\u00d6zet &amp; AbstractMarkal\u0131 G\u00fcvenlikli Site Reklamlar\u0131nda T\u00fcrk Orta S\u0131n\u0131f HayaliAy\u015fe Binay Kurultay &#8211; Burcu Peksevgen\u00d6zet &amp; AbstractKorumal\u0131 Yerle\u015fimlerin Pazarlama S\u00f6yleminde K\u00fclt\u00fcr ve Mek\u00e2nAliye Ahu Akg\u00fcn\u00d6zet &amp; AbstractSolar G\u00f6z K\u0131rp\u0131\u015f: Life &amp; Strive Performans\u0131n\u0131 Yeniden D\u00fc\u015f\u00fcnmekMirko Winkel\u00d6zet &amp; AbstractG\u00fcvenlik Mitinin Mek\u00e2nsal Tezah\u00fcr\u00fc Olarak G\u00fcvenlikli Siteler: La Zona AnaliziBurak \u015eahin &#8211; Neriman A\u00e7\u0131kal\u0131n\u00d6zet &amp; AbstractD\u0131\u015fa Kapal\u0131 Site Olgusunu T\u00fcrkiye\u2019deki Mimarl\u0131k Dergilerinden Okumak\u015eeng\u00fcl Yal\u00e7\u0131nkaya Erol\u00d6zet &amp; Abstract<\/p>\n","protected":false},"excerpt":{"rendered":"<p>\u0130\u00e7indekilerMakalelerD\u0131\u015flay\u0131c\u0131 Ye\u015fillik: Kahire\u2019de Yeni G\u00fcvenlikli SitelerPetra Kuppinger\u00d6zet &amp; Abstract\u0130zmir\u2019de Yeni Bir Konut \u00dcretim S\u00fcreci Olarak Kapal\u0131 Konut SiteleriT. Didem Akyol Altun\u00d6zet &amp; AbstractKapal\u0131 Site Olgusunun De\u011fi\u015fim<span class=\"excerpt-hellip\"> [\u2026]<\/span><\/p>\n","protected":false},"featured_media":0,"template":"","meta":{"_monsterinsights_skip_tracking":false,"_monsterinsights_sitenote_active":false,"_monsterinsights_sitenote_note":"","_monsterinsights_sitenote_category":0},"product_brand":[],"product_cat":[13527],"product_tag":[],"class_list":{"0":"post-756447","1":"product","2":"type-product","3":"status-publish","5":"product_cat-sureli-yayinlar","6":"pa_cilt-ciltsiz","7":"pa_tur-dergi","8":"pa_yayinevi-idealkent-yayincilik","9":"pa_yazar-kolektif","11":"first","12":"instock","13":"sale","14":"shipping-taxable","15":"purchasable","16":"product-type-simple"},"_links":{"self":[{"href":"https:\/\/roveyayinevi.com.tr\/index.php\/wp-json\/wp\/v2\/product\/756447","targetHints":{"allow":["GET"]}}],"collection":[{"href":"https:\/\/roveyayinevi.com.tr\/index.php\/wp-json\/wp\/v2\/product"}],"about":[{"href":"https:\/\/roveyayinevi.com.tr\/index.php\/wp-json\/wp\/v2\/types\/product"}],"wp:attachment":[{"href":"https:\/\/roveyayinevi.com.tr\/index.php\/wp-json\/wp\/v2\/media?parent=756447"}],"wp:term":[{"taxonomy":"product_brand","embeddable":true,"href":"https:\/\/roveyayinevi.com.tr\/index.php\/wp-json\/wp\/v2\/product_brand?post=756447"},{"taxonomy":"product_cat","embeddable":true,"href":"https:\/\/roveyayinevi.com.tr\/index.php\/wp-json\/wp\/v2\/product_cat?post=756447"},{"taxonomy":"product_tag","embeddable":true,"href":"https:\/\/roveyayinevi.com.tr\/index.php\/wp-json\/wp\/v2\/product_tag?post=756447"}],"curies":[{"name":"wp","href":"https:\/\/api.w.org\/{rel}","templated":true}]}}