{"id":756446,"date":"2025-08-28T07:08:15","date_gmt":"2025-08-28T04:08:15","guid":{"rendered":"https:\/\/roveyayinevi.com.tr\/index.php\/urun\/ideal-kent-kent-arastirmalari-dergisi-sayi-14\/"},"modified":"2026-04-16T03:09:35","modified_gmt":"2026-04-16T00:09:35","slug":"ideal-kent-kent-arastirmalari-dergisi-sayi-14","status":"publish","type":"product","link":"https:\/\/roveyayinevi.com.tr\/index.php\/urun\/ideal-kent-kent-arastirmalari-dergisi-sayi-14\/","title":{"rendered":"\u0130deal Kent &#8211; Kent Ara\u015ft\u0131rmalar\u0131 Dergisi Say\u0131: 14"},"content":{"rendered":"<p>&#8211; Takdim 5 Fuat G\u00fcll\u00fcp\u0131nar- Makaleler 11 Ayhan Kaya- T\u00fcrkiye&#8217;de G\u00f6\u00e7 ve Uyum Tart\u0131\u015fmalar\u0131: Ge\u00e7mi\u015fe D\u00f6n\u00fck Bir Bak\u0131\u015f- 29 G\u00fclay Toks\u00f6z \/ G\u00f6\u00e7 ve Kalk\u0131nma \u00dczerine K\u00fcresel Forum- 38 Fatih Y\u0131ld\u0131r\u0131m \/ Bir G\u00f6\u00e7 Hikayesi: Columbus Somali Diasporas\u0131- 58 Jenny White \/ Yeni Almanya&#8217;daki T\u00fcrkler- 88 Ahmet Y\u00fckleyen \/ Hollanda ve Almanya&#8217;da Devlet Politikalar\u0131 ve \u0130slam: Milli G\u00f6r\u00fc\u015f \u00d6rne\u011fi- 124 O. Can \u00dcnver \/ Neoliberalizm ve Almanya&#8217;da G\u00fc\u00e7lenen Yeni Irk\u00e7\u0131l\u0131\u011f\u0131n Hedefindeki T\u00fcrkler- 153 Filiz G\u00f6ktuna Yaylac\u0131 \/ Bel\u00e7ika&#8217;da Ya\u015fayan T\u00fcrklerin Etnik Toplumsal \u0130leti\u015fim S\u00fcre\u00e7lerine Kat\u0131l\u0131mlar\u0131: Emirda\u011f ve Posof K\u00f6kenliler \u00d6rne\u011fi- 182 Yasemin Akis Kalayl\u0131o\u011flu \/ Uluslararas\u0131 G\u00f6\u00e7 Ba\u011flam\u0131nda Bourdieu&#8217;nun Kavramlar\u0131: Ankara&#8217;da Ya\u015fayan \u0130ranl\u0131lar \u00d6rne\u011fi- 206 Nilg\u00fcn Tamer G\u00f6rer \/ &#8220;Hayalet&#8221; G\u00f6\u00e7: Ya\u015fam Kalitesi Aray\u0131\u015f\u0131nda T\u00fcrkiye K\u0131y\u0131 Yerle\u015fmelerine Y\u00f6nelen Avrupa Emekliler<\/p>\n","protected":false},"excerpt":{"rendered":"<p>&#8211; Takdim 5 Fuat G\u00fcll\u00fcp\u0131nar- Makaleler 11 Ayhan Kaya- T\u00fcrkiye&#8217;de G\u00f6\u00e7 ve Uyum Tart\u0131\u015fmalar\u0131: Ge\u00e7mi\u015fe D\u00f6n\u00fck Bir Bak\u0131\u015f- 29 G\u00fclay Toks\u00f6z \/ G\u00f6\u00e7 ve Kalk\u0131nma \u00dczerine<span class=\"excerpt-hellip\"> [\u2026]<\/span><\/p>\n","protected":false},"featured_media":0,"template":"","meta":{"_monsterinsights_skip_tracking":false,"_monsterinsights_sitenote_active":false,"_monsterinsights_sitenote_note":"","_monsterinsights_sitenote_category":0},"product_brand":[],"product_cat":[13527],"product_tag":[],"class_list":{"0":"post-756446","1":"product","2":"type-product","3":"status-publish","5":"product_cat-sureli-yayinlar","6":"pa_cilt-ciltsiz","7":"pa_tur-dergi","8":"pa_yayinevi-idealkent-yayincilik","9":"pa_yazar-kolektif","11":"first","12":"instock","13":"sale","14":"shipping-taxable","15":"purchasable","16":"product-type-simple"},"_links":{"self":[{"href":"https:\/\/roveyayinevi.com.tr\/index.php\/wp-json\/wp\/v2\/product\/756446","targetHints":{"allow":["GET"]}}],"collection":[{"href":"https:\/\/roveyayinevi.com.tr\/index.php\/wp-json\/wp\/v2\/product"}],"about":[{"href":"https:\/\/roveyayinevi.com.tr\/index.php\/wp-json\/wp\/v2\/types\/product"}],"wp:attachment":[{"href":"https:\/\/roveyayinevi.com.tr\/index.php\/wp-json\/wp\/v2\/media?parent=756446"}],"wp:term":[{"taxonomy":"product_brand","embeddable":true,"href":"https:\/\/roveyayinevi.com.tr\/index.php\/wp-json\/wp\/v2\/product_brand?post=756446"},{"taxonomy":"product_cat","embeddable":true,"href":"https:\/\/roveyayinevi.com.tr\/index.php\/wp-json\/wp\/v2\/product_cat?post=756446"},{"taxonomy":"product_tag","embeddable":true,"href":"https:\/\/roveyayinevi.com.tr\/index.php\/wp-json\/wp\/v2\/product_tag?post=756446"}],"curies":[{"name":"wp","href":"https:\/\/api.w.org\/{rel}","templated":true}]}}