{"id":756445,"date":"2025-08-28T07:08:14","date_gmt":"2025-08-28T04:08:14","guid":{"rendered":"https:\/\/roveyayinevi.com.tr\/index.php\/urun\/ideal-kent-kent-arastirmalari-dergisi-sayi-11\/"},"modified":"2026-04-16T03:09:35","modified_gmt":"2026-04-16T00:09:35","slug":"ideal-kent-kent-arastirmalari-dergisi-sayi-11","status":"publish","type":"product","link":"https:\/\/roveyayinevi.com.tr\/index.php\/urun\/ideal-kent-kent-arastirmalari-dergisi-sayi-11\/","title":{"rendered":"\u0130deal Kent &#8211; Kent Ara\u015ft\u0131rmalar\u0131 Dergisi Say\u0131: 11"},"content":{"rendered":"<p>&#8220;Buralar Eskiden Ba\u011f idi&#8221;Ankara&#8217;n\u0131n SemtleriOr\u00e7un \u0130mgaTakdimMehmet Tun\u00e7er20. Y\u00fczy\u0131l Ba\u015flar\u0131nda Tahtakale, Karao\u011flan \u00c7ar\u015f\u0131s\u0131 ve Ta\u015fhan&#8217;dan Ulus Merkezi&#8217;ne D\u00f6n\u00fc\u015f\u00fcmUfuk Poyraz &#8211; Merve \u00d6nder G\u00fcndo\u011fanTarihsiz ve Talihsiz bir D\u00f6n\u00fc\u015f\u00fcm: Cazibe Merkezi Olarak Hamam\u00f6n\u00fcYasemin \u0130lkayAnkara&#8217;da Her Yolun \u00c7\u0131kt\u0131\u011f\u0131 Semt: K\u0131z\u0131layFunda \u015e. Cantek &#8211; Besim Can Z\u0131rhBir Semt Monografisine Do\u011fru: Cebeci&#8217;ye BakmakSelda TuncerK\u00fc\u00e7\u00fckesat: Ba\u011fevlerinden &#8220;Mahalle&#8221;ye\u00c7\u0131lga Resulo\u011fluKavakl\u0131dere Semti&#8217;nin Olu\u015fum \u00d6yk\u00fcs\u00fcCeren Ayg\u00fcl1940-1950 Y\u0131llar\u0131 Aras\u0131nda \u00d6teki Ankara: Alt\u0131nda\u011fBurcu Hatibo\u011flu ErenGe\u00e7mi\u015fte ve Bug\u00fcn Marjinal Olan\u0131n Yar\u0131n\u0131: Yenido\u011fan ve \u00c7in\u00e7in Ba\u011flar\u0131 \u00dczerineSeriye SezenBalgat: Modernle\u015fme Kuram\u0131n\u0131n &#8220;\u00d6rnek&#8221; K\u00f6y\u00fcnden Postmodern Karma\u015fayaTans\u0131 \u015eenyap\u0131l\u0131Denetimsiz ve Adaletsiz Rant Payla\u015f\u0131m\u0131n\u0131n Bi\u00e7imlendirdi\u011fi Kentsel Dokuya \u00d6rnek: Ankara &#8211; Y\u0131ld\u0131z Figen Uzar \u00d6zdemir &#8211; Esra DemirkolEtimesgut: &#8220;\u00d6rnek K\u00f6y&#8221;den &#8220;Site-Kent&#8221;eH. Sevgi ZenginBir Semt Panoramas\u0131: &#8220;Lale&#8221; den &#8220;Tu\u011fra&#8221;ya Sincan<\/p>\n","protected":false},"excerpt":{"rendered":"<p>&#8220;Buralar Eskiden Ba\u011f idi&#8221;Ankara&#8217;n\u0131n SemtleriOr\u00e7un \u0130mgaTakdimMehmet Tun\u00e7er20. Y\u00fczy\u0131l Ba\u015flar\u0131nda Tahtakale, Karao\u011flan \u00c7ar\u015f\u0131s\u0131 ve Ta\u015fhan&#8217;dan Ulus Merkezi&#8217;ne D\u00f6n\u00fc\u015f\u00fcmUfuk Poyraz &#8211; Merve \u00d6nder G\u00fcndo\u011fanTarihsiz ve Talihsiz bir D\u00f6n\u00fc\u015f\u00fcm:<span class=\"excerpt-hellip\"> [\u2026]<\/span><\/p>\n","protected":false},"featured_media":0,"template":"","meta":{"_monsterinsights_skip_tracking":false,"_monsterinsights_sitenote_active":false,"_monsterinsights_sitenote_note":"","_monsterinsights_sitenote_category":0},"product_brand":[],"product_cat":[13527],"product_tag":[],"class_list":{"0":"post-756445","1":"product","2":"type-product","3":"status-publish","5":"product_cat-sureli-yayinlar","6":"pa_cilt-ciltsiz","7":"pa_tur-dergi","8":"pa_yayinevi-idealkent-yayincilik","9":"pa_yazar-kolektif","11":"first","12":"instock","13":"sale","14":"shipping-taxable","15":"purchasable","16":"product-type-simple"},"_links":{"self":[{"href":"https:\/\/roveyayinevi.com.tr\/index.php\/wp-json\/wp\/v2\/product\/756445","targetHints":{"allow":["GET"]}}],"collection":[{"href":"https:\/\/roveyayinevi.com.tr\/index.php\/wp-json\/wp\/v2\/product"}],"about":[{"href":"https:\/\/roveyayinevi.com.tr\/index.php\/wp-json\/wp\/v2\/types\/product"}],"wp:attachment":[{"href":"https:\/\/roveyayinevi.com.tr\/index.php\/wp-json\/wp\/v2\/media?parent=756445"}],"wp:term":[{"taxonomy":"product_brand","embeddable":true,"href":"https:\/\/roveyayinevi.com.tr\/index.php\/wp-json\/wp\/v2\/product_brand?post=756445"},{"taxonomy":"product_cat","embeddable":true,"href":"https:\/\/roveyayinevi.com.tr\/index.php\/wp-json\/wp\/v2\/product_cat?post=756445"},{"taxonomy":"product_tag","embeddable":true,"href":"https:\/\/roveyayinevi.com.tr\/index.php\/wp-json\/wp\/v2\/product_tag?post=756445"}],"curies":[{"name":"wp","href":"https:\/\/api.w.org\/{rel}","templated":true}]}}