{"id":756444,"date":"2025-08-28T07:08:13","date_gmt":"2025-08-28T04:08:13","guid":{"rendered":"https:\/\/roveyayinevi.com.tr\/index.php\/urun\/ideal-kent-kent-arastirmalari-dergisi-sayi-16\/"},"modified":"2026-04-16T03:09:35","modified_gmt":"2026-04-16T00:09:35","slug":"ideal-kent-kent-arastirmalari-dergisi-sayi-16","status":"publish","type":"product","link":"https:\/\/roveyayinevi.com.tr\/index.php\/urun\/ideal-kent-kent-arastirmalari-dergisi-sayi-16\/","title":{"rendered":"\u0130deal Kent &#8211; Kent Ara\u015ft\u0131rmalar\u0131 Dergisi Say\u0131: 16"},"content":{"rendered":"<p>\u0130\u00e7indekiler:Takdim 5 Hatice Sevgi ZenginMakaleler 8 P\u0131nar Kaya \u00d6z\u00e7elikYoksullu\u011fun K\u00fcresel Birikimi: Risk mi? Yoksa F\u0131rsat m\u0131?34 Murat \u00dc\u00e7o\u011fluNeoliberalizm Kent Alanlar\u0131nda Neden Yoksullu\u011fa \u0130htiya\u00e7Duymaktad\u0131r?50 Fatih KahramanYoksullu\u011fun \u00c7al\u0131\u015fma \u0130le \u0130mtihan\u0131: \u00c7al\u0131\u015fan Yoksullar \u00dczerine Bir Ara\u015ft\u0131rma71 Kerem G\u00f6ktenPiyasa Reformu ve Yeni Kent Yoksullu\u011fu: \u00c7in Kentlerinin YenidenYap\u0131lan(d\u0131r\u0131l)mas\u0131n\u0131n Ekonomi Politi\u011fi107 P\u0131nar EngincanKentsel D\u00f6n\u00fc\u015f\u00fcm\u00fcn Sonu\u00e7lar\u0131: Kent Yoksullu\u011fu\/Yoksunlu\u011fu veToplumsal D\u0131\u015flanma 123 Selim K\u0131l\u0131\u00e7Kentsel Yoksullu\u011fa Ekolojik Bir Yakla\u015f\u0131m 155 Mehmet \u00d6zelKentsel Yoksulluk ve T\u00fcrkiye\u2019de Yerel Y\u00f6netimlerin \u0130\u015flevleri182 Bediz Y\u0131lmazYeni T\u00fcrkiye, Yeni Refah Rejimi, Yeni Y\u00f6net(i\u015f)im\u2026 ve Yoksulluk:Sosyal Yard\u0131mlar\u0131n Anlam ve Ehemmiyetine Dair210 \u00c7a\u011fatay Edg\u00fccan \u015eahin&amp; Sebiha KablayT\u00fcrkiye K\u00f6m\u00fcr Madencili\u011finde \u00c7al\u0131\u015fma Rejiminin Evrimi ve\u00d6zy\u00f6netim Se\u00e7ene\u011fi258 Elifhan K\u00f6se\u201cYoksulluk\u201d Kavram\u0131n\u0131n Cinsiyetlenmesine Dair K\u0131s\u0131t ve Olanaklar<\/p>\n","protected":false},"excerpt":{"rendered":"<p>\u0130\u00e7indekiler:Takdim 5 Hatice Sevgi ZenginMakaleler 8 P\u0131nar Kaya \u00d6z\u00e7elikYoksullu\u011fun K\u00fcresel Birikimi: Risk mi? Yoksa F\u0131rsat m\u0131?34 Murat \u00dc\u00e7o\u011fluNeoliberalizm Kent Alanlar\u0131nda Neden Yoksullu\u011fa \u0130htiya\u00e7Duymaktad\u0131r?50 Fatih KahramanYoksullu\u011fun \u00c7al\u0131\u015fma<span class=\"excerpt-hellip\"> [\u2026]<\/span><\/p>\n","protected":false},"featured_media":0,"template":"","meta":{"_monsterinsights_skip_tracking":false,"_monsterinsights_sitenote_active":false,"_monsterinsights_sitenote_note":"","_monsterinsights_sitenote_category":0},"product_brand":[],"product_cat":[13527],"product_tag":[],"class_list":{"0":"post-756444","1":"product","2":"type-product","3":"status-publish","5":"product_cat-sureli-yayinlar","6":"pa_cilt-ciltsiz","7":"pa_tur-dergi","8":"pa_yayinevi-idealkent-yayincilik","9":"pa_yazar-kolektif","11":"first","12":"instock","13":"sale","14":"shipping-taxable","15":"purchasable","16":"product-type-simple"},"_links":{"self":[{"href":"https:\/\/roveyayinevi.com.tr\/index.php\/wp-json\/wp\/v2\/product\/756444","targetHints":{"allow":["GET"]}}],"collection":[{"href":"https:\/\/roveyayinevi.com.tr\/index.php\/wp-json\/wp\/v2\/product"}],"about":[{"href":"https:\/\/roveyayinevi.com.tr\/index.php\/wp-json\/wp\/v2\/types\/product"}],"wp:attachment":[{"href":"https:\/\/roveyayinevi.com.tr\/index.php\/wp-json\/wp\/v2\/media?parent=756444"}],"wp:term":[{"taxonomy":"product_brand","embeddable":true,"href":"https:\/\/roveyayinevi.com.tr\/index.php\/wp-json\/wp\/v2\/product_brand?post=756444"},{"taxonomy":"product_cat","embeddable":true,"href":"https:\/\/roveyayinevi.com.tr\/index.php\/wp-json\/wp\/v2\/product_cat?post=756444"},{"taxonomy":"product_tag","embeddable":true,"href":"https:\/\/roveyayinevi.com.tr\/index.php\/wp-json\/wp\/v2\/product_tag?post=756444"}],"curies":[{"name":"wp","href":"https:\/\/api.w.org\/{rel}","templated":true}]}}