{"id":756443,"date":"2025-08-28T07:08:11","date_gmt":"2025-08-28T04:08:11","guid":{"rendered":"https:\/\/roveyayinevi.com.tr\/index.php\/urun\/kesif-atlasi-ciltli\/"},"modified":"2026-04-16T03:09:35","modified_gmt":"2026-04-16T00:09:35","slug":"kesif-atlasi-ciltli","status":"publish","type":"product","link":"https:\/\/roveyayinevi.com.tr\/index.php\/urun\/kesif-atlasi-ciltli\/","title":{"rendered":"Ke\u015fif Atlas\u0131 (Ciltli)"},"content":{"rendered":"<p>Muhte\u015fem bir ke\u015fif yolculu\u011funa \u00e7\u0131kmak ister misiniz?   D\u00fcnyan\u0131n d\u00f6rt bir yan\u0131ndan inan\u0131lmaz mucitlerle,k\u00e2\u015fiflerle ve sanat\u00e7\u0131larla tan\u0131\u015fmayahaz\u0131r olun. \u015eahane \u00e7izimleriyle, \u00f6\u011fretici bilgileriyle vee\u011flenceli diliyle Ke\u015fif Atlas\u0131, tarihin ilgin\u00e7olaylar\u0131na \u0131\u015f\u0131k tutarken sizi binlerce y\u0131ll\u0131k insanl\u0131ktarihinin gizemleriyle bulu\u015fturuyor. Dinozorlar, arabalar, \u00e7ikolatalar, tarihin ilk robotuve \u00e7ok daha fazlas\u0131\u2026 Eski medeniyetlerden g\u00fcn\u00fcm\u00fcze kadars\u00fcren bu ke\u015fif yolculu\u011funun keyfini\u00e7\u0131karacaks\u0131n\u0131z.<\/p>\n","protected":false},"excerpt":{"rendered":"<p>Muhte\u015fem bir ke\u015fif yolculu\u011funa \u00e7\u0131kmak ister misiniz? D\u00fcnyan\u0131n d\u00f6rt bir yan\u0131ndan inan\u0131lmaz mucitlerle,k\u00e2\u015fiflerle ve sanat\u00e7\u0131larla tan\u0131\u015fmayahaz\u0131r olun. \u015eahane \u00e7izimleriyle, \u00f6\u011fretici bilgileriyle vee\u011flenceli diliyle Ke\u015fif Atlas\u0131, tarihin<span class=\"excerpt-hellip\"> [\u2026]<\/span><\/p>\n","protected":false},"featured_media":0,"template":"","meta":{"_monsterinsights_skip_tracking":false,"_monsterinsights_sitenote_active":false,"_monsterinsights_sitenote_note":"","_monsterinsights_sitenote_category":0},"product_brand":[],"product_cat":[12689,12274],"product_tag":[],"class_list":{"0":"post-756443","1":"product","2":"type-product","3":"status-publish","5":"product_cat-cizgi-roman-cocuk-ve-genclik-kitaplari","6":"product_cat-cocuk-ve-genclik-kitaplari","7":"pa_cilt-ciltli","8":"pa_tur-kitap","9":"pa_yayinevi-epsilon-yayinlari","10":"pa_yazar-thiago-de-moraes","12":"first","13":"instock","14":"sale","15":"shipping-taxable","16":"purchasable","17":"product-type-simple"},"_links":{"self":[{"href":"https:\/\/roveyayinevi.com.tr\/index.php\/wp-json\/wp\/v2\/product\/756443","targetHints":{"allow":["GET"]}}],"collection":[{"href":"https:\/\/roveyayinevi.com.tr\/index.php\/wp-json\/wp\/v2\/product"}],"about":[{"href":"https:\/\/roveyayinevi.com.tr\/index.php\/wp-json\/wp\/v2\/types\/product"}],"wp:attachment":[{"href":"https:\/\/roveyayinevi.com.tr\/index.php\/wp-json\/wp\/v2\/media?parent=756443"}],"wp:term":[{"taxonomy":"product_brand","embeddable":true,"href":"https:\/\/roveyayinevi.com.tr\/index.php\/wp-json\/wp\/v2\/product_brand?post=756443"},{"taxonomy":"product_cat","embeddable":true,"href":"https:\/\/roveyayinevi.com.tr\/index.php\/wp-json\/wp\/v2\/product_cat?post=756443"},{"taxonomy":"product_tag","embeddable":true,"href":"https:\/\/roveyayinevi.com.tr\/index.php\/wp-json\/wp\/v2\/product_tag?post=756443"}],"curies":[{"name":"wp","href":"https:\/\/api.w.org\/{rel}","templated":true}]}}