{"id":756441,"date":"2025-08-28T07:08:07","date_gmt":"2025-08-28T04:08:07","guid":{"rendered":"https:\/\/roveyayinevi.com.tr\/index.php\/urun\/iki-dilde-kederlenmek\/"},"modified":"2026-04-16T03:09:35","modified_gmt":"2026-04-16T00:09:35","slug":"iki-dilde-kederlenmek","status":"publish","type":"product","link":"https:\/\/roveyayinevi.com.tr\/index.php\/urun\/iki-dilde-kederlenmek\/","title":{"rendered":"\u0130ki Dilde Kederlenmek"},"content":{"rendered":"<p>\u0130ki Dilde Kederlenmek, 25 y\u0131ld\u0131r hi\u00e7 eskimeyenleri anlatmaya, insanca, \u00e7ok insanca bir kederin sesi olmaya devam ediyor\u2026   Annemin g\u00f6zleriyle ba\u015flan\u0131r yar\u0131\u015fa Baban\u0131n elleriyle Zaman tanr\u0131s\u0131n\u0131n sofras\u0131nda   Yollar gitmeler silinir \u00f6nce g\u00f6zbebeklerimizden Ovalar, \u00e7ay\u0131rlar.. D\u0131\u015far\u0131ya bakmalar silinir Odalar, aynalar.. K\u00e2\u011f\u0131tlar kalemler silinir Sen silinirsin..   Terkimizde ac\u0131lardan bir boh\u00e7a Ayrac\u0131m\u0131z d\u00fc\u015fen yapraklar\u0131n h\u0131\u015f\u0131rt\u0131s\u0131 kadar   Yitip giderken adres bile d\u00fc\u015f\u00fcrmedin Ey Ahmet!.. F\u0131rd\u00f6nd\u00fclerin bitti\u011fi mezar ta\u015f\u0131nda<\/p>\n","protected":false},"excerpt":{"rendered":"<p>\u0130ki Dilde Kederlenmek, 25 y\u0131ld\u0131r hi\u00e7 eskimeyenleri anlatmaya, insanca, \u00e7ok insanca bir kederin sesi olmaya devam ediyor\u2026 Annemin g\u00f6zleriyle ba\u015flan\u0131r yar\u0131\u015fa Baban\u0131n elleriyle Zaman tanr\u0131s\u0131n\u0131n sofras\u0131nda<span class=\"excerpt-hellip\"> [\u2026]<\/span><\/p>\n","protected":false},"featured_media":0,"template":"","meta":{"_monsterinsights_skip_tracking":false,"_monsterinsights_sitenote_active":false,"_monsterinsights_sitenote_note":"","_monsterinsights_sitenote_category":0},"product_brand":[],"product_cat":[12291,12509],"product_tag":[],"class_list":{"0":"post-756441","1":"product","2":"type-product","3":"status-publish","5":"product_cat-edebiyat","6":"product_cat-siir","7":"pa_cilt-ciltsiz","8":"pa_tur-kitap","9":"pa_yayinevi-everest-yayinlari","10":"pa_yazar-ahmet-cakmak","12":"first","13":"instock","14":"sale","15":"shipping-taxable","16":"purchasable","17":"product-type-simple"},"_links":{"self":[{"href":"https:\/\/roveyayinevi.com.tr\/index.php\/wp-json\/wp\/v2\/product\/756441","targetHints":{"allow":["GET"]}}],"collection":[{"href":"https:\/\/roveyayinevi.com.tr\/index.php\/wp-json\/wp\/v2\/product"}],"about":[{"href":"https:\/\/roveyayinevi.com.tr\/index.php\/wp-json\/wp\/v2\/types\/product"}],"wp:attachment":[{"href":"https:\/\/roveyayinevi.com.tr\/index.php\/wp-json\/wp\/v2\/media?parent=756441"}],"wp:term":[{"taxonomy":"product_brand","embeddable":true,"href":"https:\/\/roveyayinevi.com.tr\/index.php\/wp-json\/wp\/v2\/product_brand?post=756441"},{"taxonomy":"product_cat","embeddable":true,"href":"https:\/\/roveyayinevi.com.tr\/index.php\/wp-json\/wp\/v2\/product_cat?post=756441"},{"taxonomy":"product_tag","embeddable":true,"href":"https:\/\/roveyayinevi.com.tr\/index.php\/wp-json\/wp\/v2\/product_tag?post=756441"}],"curies":[{"name":"wp","href":"https:\/\/api.w.org\/{rel}","templated":true}]}}