{"id":756440,"date":"2025-08-28T07:08:06","date_gmt":"2025-08-28T04:08:06","guid":{"rendered":"https:\/\/roveyayinevi.com.tr\/index.php\/urun\/ulug-turkistandan-anadoluya-turk-efsaneleri-2\/"},"modified":"2026-04-16T03:09:35","modified_gmt":"2026-04-16T00:09:35","slug":"ulug-turkistandan-anadoluya-turk-efsaneleri-2","status":"publish","type":"product","link":"https:\/\/roveyayinevi.com.tr\/index.php\/urun\/ulug-turkistandan-anadoluya-turk-efsaneleri-2\/","title":{"rendered":"Ulu\u011f T\u00fcrkistan\u2019dan Anadolu\u2019ya T\u00fcrk Efsaneleri-2"},"content":{"rendered":"<p>\u0130nsanlar, ya\u015fad\u0131\u011f\u0131 co\u011frafyaya ait \u00f6nemli g\u00f6rd\u00fckleri ki\u015fileri, nesneleri ve mek\u00e2nlar\u0131 kutsalla\u015ft\u0131r\u0131rlar ve s\u0131rr\u0131n\u0131 \u00e7\u00f6zemedikleri konular\u0131 \u00e7e\u015fitli bi\u00e7imlerde yorumlarlar. Bunlara, ya\u015fanm\u0131\u015f baz\u0131 olaylar\u0131 da kat\u0131p nesilden nesile aktar\u0131rlar. Kutsalla\u015ft\u0131rma, yorumlama ve aktarmalar\u0131n pek \u00e7o\u011fu s\u00f6zl\u00fc olarak yay\u0131l\u0131r. Bu, sonu\u00e7ta bir s\u00f6zl\u00fc k\u00fclt\u00fcr olu\u015fturur. Efsane veya s\u00f6ylence, y\u0131llarca ger\u00e7ekten olmu\u015f gibi ku\u015faktan ku\u015fa\u011fa aktar\u0131lan \u00f6yk\u00fclerdir. Efsane k\u00fclt\u00fcr\u00fc a\u00e7\u0131s\u0131ndan T\u00fcrk d\u00fcnyas\u0131n\u0131n \u00e7ok zengin oldu\u011funu rahatl\u0131kla s\u00f6yleyebiliriz. Efsaneler insan ile insan\u0131, insan ile co\u011frafyay\u0131, insan ile di\u011fer varl\u0131klar\u0131, insan ile maneviyat\u0131 bir birine g\u00f6n\u00fcl ba\u011f\u0131 ile ba\u011flayan unsurlard\u0131r. T\u00fcrk d\u00fcnyas\u0131n\u0131n g\u00fczel ve \u00f6nemli bir par\u00e7as\u0131 olan T\u00fcrkiye de do\u011fal olarak ayn\u0131 \u00f6zellikleri ta\u015f\u0131maktad\u0131r. Anadolu, T\u00fcrk\u2019\u00fcn zengin k\u00fclt\u00fcr birikimlerinin c\u0131v\u0131lda\u015ft\u0131\u011f\u0131 kutsal bir ortamd\u0131r. \u00c2deta her a\u011fa\u00e7, her ku\u015f, her b\u00f6cek, her hayvan, her ta\u015f ve her b\u00fcy\u00fck \u015fahsiyetin bir efsanesi bulunmaktad\u0131r. Biz de \u201cUlu\u011f T\u00fcrkistan\u2019dan Anadolu\u2019ya T\u00fcrk Efsaneleri-2\u201d adl\u0131 yeni eserimize Anadolu\u2019dan Anadolu S\u00fct\u00fc, Hasan Da\u011f\u0131, Pirler, Destileri K\u0131rmas\u0131nlar ve Terleyen Direk gibi efsaneleri ald\u0131k. T\u00fcrk D\u00fcnyas\u0131ndan da Alt\u0131n Be\u015fik Efsanesi, G\u00f6zya\u015f\u0131 \u00c7e\u015fmesi, Y\u0131\u011f\u0131n\u0131n Dibindeki Kad\u0131n, Korkut Ata, Uzun Sapl\u0131 Ka\u015f\u0131klar, Ay\u2019\u0131n Y\u00fcz\u00fcndeki Lekeler ve Magosa\u2019da Bir Er Vard\u0131 Uykusuz gibi birbirinden g\u00fczel efsaneler ile harmanlayarak T\u00fcrkistan ile Anadolu T\u00fcrk Efsaneleri aras\u0131nda bir k\u00f6pr\u00fc kurup okuyucu ile bulu\u015fturduk. \u0130nan\u0131yorum ki bu efsaneleri \u00e7ok be\u011feneceksiniz, hatta onlar\u0131n baz\u0131lar\u0131na sahip bile \u00e7\u0131kacaks\u0131n\u0131z. Belki de bildiklerinize ne kadar da \u00e7ok benzedi\u011fini g\u00f6recek, bu benzerlik kar\u015f\u0131s\u0131nda \u015fa\u015f\u0131racaks\u0131n\u0131z. Zaten efsaneler biraz da bizleri \u015fa\u015f\u0131rmak i\u00e7in anlat\u0131lmaz m\u0131?<\/p>\n","protected":false},"excerpt":{"rendered":"<p>\u0130nsanlar, ya\u015fad\u0131\u011f\u0131 co\u011frafyaya ait \u00f6nemli g\u00f6rd\u00fckleri ki\u015fileri, nesneleri ve mek\u00e2nlar\u0131 kutsalla\u015ft\u0131r\u0131rlar ve s\u0131rr\u0131n\u0131 \u00e7\u00f6zemedikleri konular\u0131 \u00e7e\u015fitli bi\u00e7imlerde yorumlarlar. Bunlara, ya\u015fanm\u0131\u015f baz\u0131 olaylar\u0131 da kat\u0131p nesilden nesile<span class=\"excerpt-hellip\"> [\u2026]<\/span><\/p>\n","protected":false},"featured_media":0,"template":"","meta":{"_monsterinsights_skip_tracking":false,"_monsterinsights_sitenote_active":false,"_monsterinsights_sitenote_note":"","_monsterinsights_sitenote_category":0},"product_brand":[],"product_cat":[52477],"product_tag":[],"class_list":{"0":"post-756440","1":"product","2":"type-product","3":"status-publish","5":"product_cat-arastirma","6":"pa_cilt-ciltsiz","7":"pa_tur-kitap","8":"pa_yayinevi-sinova-yayincilik","9":"pa_yazar-selcuk-silsupur","11":"first","12":"instock","13":"sale","14":"shipping-taxable","15":"purchasable","16":"product-type-simple"},"_links":{"self":[{"href":"https:\/\/roveyayinevi.com.tr\/index.php\/wp-json\/wp\/v2\/product\/756440","targetHints":{"allow":["GET"]}}],"collection":[{"href":"https:\/\/roveyayinevi.com.tr\/index.php\/wp-json\/wp\/v2\/product"}],"about":[{"href":"https:\/\/roveyayinevi.com.tr\/index.php\/wp-json\/wp\/v2\/types\/product"}],"wp:attachment":[{"href":"https:\/\/roveyayinevi.com.tr\/index.php\/wp-json\/wp\/v2\/media?parent=756440"}],"wp:term":[{"taxonomy":"product_brand","embeddable":true,"href":"https:\/\/roveyayinevi.com.tr\/index.php\/wp-json\/wp\/v2\/product_brand?post=756440"},{"taxonomy":"product_cat","embeddable":true,"href":"https:\/\/roveyayinevi.com.tr\/index.php\/wp-json\/wp\/v2\/product_cat?post=756440"},{"taxonomy":"product_tag","embeddable":true,"href":"https:\/\/roveyayinevi.com.tr\/index.php\/wp-json\/wp\/v2\/product_tag?post=756440"}],"curies":[{"name":"wp","href":"https:\/\/api.w.org\/{rel}","templated":true}]}}