{"id":756438,"date":"2025-08-28T07:08:03","date_gmt":"2025-08-28T04:08:03","guid":{"rendered":"https:\/\/roveyayinevi.com.tr\/index.php\/urun\/zorunlu-goc-ve-kultur-yozlasmasi\/"},"modified":"2026-04-16T03:09:35","modified_gmt":"2026-04-16T00:09:35","slug":"zorunlu-goc-ve-kultur-yozlasmasi","status":"publish","type":"product","link":"https:\/\/roveyayinevi.com.tr\/index.php\/urun\/zorunlu-goc-ve-kultur-yozlasmasi\/","title":{"rendered":"Zorunlu G\u00f6\u00e7 ve K\u00fclt\u00fcr Yozla\u015fmas\u0131"},"content":{"rendered":"<p>\u00dczerinde ya\u015fad\u0131\u011f\u0131m\u0131z co\u011frafya, Osmanl\u0131 \u0130mparatorlu\u011fu\u2019nun \u00e7\u00f6k\u00fc\u015f\u00fcnden modern T\u00fcrkiye Cumhuriyeti\u2019ne kadar pek \u00e7ok zorunlu g\u00f6\u00e7e tan\u0131kl\u0131k etmi\u015ftir. Ya\u015fanan g\u00f6\u00e7ler, Anadolu\u2019nun k\u00fclt\u00fcrel miras\u0131na katk\u0131s\u0131n\u0131n yan\u0131nda, \u00f6zellikle \u00fclke i\u00e7erisinde yerinden edilenlerin k\u00fclt\u00fcrlerinde \u00e7e\u015fitli kay\u0131plara yol a\u00e7m\u0131\u015f ve zorunlu g\u00f6\u00e7ler sonucu d\u00fcnyan\u0131n ba\u015fka \u00fclkelerinde oldu\u011fu gibi, T\u00fcrkiye\u2019de de k\u00fclt\u00fcr yozla\u015fmas\u0131na neden olmu\u015ftur. Yerinen edilen ki\u015filer, beraberinde g\u00f6t\u00fcrd\u00fckleri ya\u015fam tarzlar\u0131, al\u0131\u015fkanl\u0131klar\u0131, de\u011ferleri, adetleri, m\u00fczikleri, yeme i\u00e7me al\u0131\u015fkanl\u0131klar\u0131, yani k\u0131sacas\u0131 k\u00fclt\u00fcrlerini b\u00fct\u00fcn\u00fcyle kaybetmi\u015ftir. \u00d6zellikle kamplarda ve benzeri ko\u015fullarda y\u0131llarca kalmak zorunda b\u0131rak\u0131lan m\u00fclteciler, bir kuru ekmek bulabilmek i\u00e7in y\u0131llar boyu evsiz barks\u0131z ya\u015fam\u0131\u015f ve ya\u015famaktad\u0131rlar. \u201cZorunlu G\u00f6\u00e7 ve K\u00fclt\u00fcr Yozla\u015fmas\u0131\u201d \u00e7al\u0131\u015fmas\u0131, bu izleri inceleyebilece\u011fimiz bir kaynak olu\u015fturmaktad\u0131r. Ayr\u0131ca, bu ara\u015ft\u0131rmada g\u00f6\u00e7menlerin g\u00fcndelik ya\u015famlar\u0131nda zorunlu g\u00f6\u00e7\u00fcn etkileri incelenmi\u015f ve g\u00f6zlemlenmi\u015f, b\u00f6ylelikle yemek k\u00fclt\u00fcrlerinin bile yozla\u015ft\u0131\u011f\u0131 ortaya \u00e7\u0131kar\u0131lm\u0131\u015ft\u0131r. <\/p>\n","protected":false},"excerpt":{"rendered":"<p>\u00dczerinde ya\u015fad\u0131\u011f\u0131m\u0131z co\u011frafya, Osmanl\u0131 \u0130mparatorlu\u011fu\u2019nun \u00e7\u00f6k\u00fc\u015f\u00fcnden modern T\u00fcrkiye Cumhuriyeti\u2019ne kadar pek \u00e7ok zorunlu g\u00f6\u00e7e tan\u0131kl\u0131k etmi\u015ftir. Ya\u015fanan g\u00f6\u00e7ler, Anadolu\u2019nun k\u00fclt\u00fcrel miras\u0131na katk\u0131s\u0131n\u0131n yan\u0131nda, \u00f6zellikle \u00fclke i\u00e7erisinde<span class=\"excerpt-hellip\"> [\u2026]<\/span><\/p>\n","protected":false},"featured_media":0,"template":"","meta":{"_monsterinsights_skip_tracking":false,"_monsterinsights_sitenote_active":false,"_monsterinsights_sitenote_note":"","_monsterinsights_sitenote_category":0},"product_brand":[],"product_cat":[52477],"product_tag":[],"class_list":{"0":"post-756438","1":"product","2":"type-product","3":"status-publish","5":"product_cat-arastirma","6":"pa_cilt-ciltsiz","7":"pa_tur-kitap","8":"pa_yayinevi-toz-yayinlari","9":"pa_yazar-ayse-kudat","11":"first","12":"instock","13":"sale","14":"shipping-taxable","15":"purchasable","16":"product-type-simple"},"_links":{"self":[{"href":"https:\/\/roveyayinevi.com.tr\/index.php\/wp-json\/wp\/v2\/product\/756438","targetHints":{"allow":["GET"]}}],"collection":[{"href":"https:\/\/roveyayinevi.com.tr\/index.php\/wp-json\/wp\/v2\/product"}],"about":[{"href":"https:\/\/roveyayinevi.com.tr\/index.php\/wp-json\/wp\/v2\/types\/product"}],"wp:attachment":[{"href":"https:\/\/roveyayinevi.com.tr\/index.php\/wp-json\/wp\/v2\/media?parent=756438"}],"wp:term":[{"taxonomy":"product_brand","embeddable":true,"href":"https:\/\/roveyayinevi.com.tr\/index.php\/wp-json\/wp\/v2\/product_brand?post=756438"},{"taxonomy":"product_cat","embeddable":true,"href":"https:\/\/roveyayinevi.com.tr\/index.php\/wp-json\/wp\/v2\/product_cat?post=756438"},{"taxonomy":"product_tag","embeddable":true,"href":"https:\/\/roveyayinevi.com.tr\/index.php\/wp-json\/wp\/v2\/product_tag?post=756438"}],"curies":[{"name":"wp","href":"https:\/\/api.w.org\/{rel}","templated":true}]}}