{"id":756437,"date":"2025-08-28T07:08:01","date_gmt":"2025-08-28T04:08:01","guid":{"rendered":"https:\/\/roveyayinevi.com.tr\/index.php\/urun\/allahwekil-diyarbekir\/"},"modified":"2026-04-16T03:09:35","modified_gmt":"2026-04-16T00:09:35","slug":"allahwekil-diyarbekir","status":"publish","type":"product","link":"https:\/\/roveyayinevi.com.tr\/index.php\/urun\/allahwekil-diyarbekir\/","title":{"rendered":"Allahwekil Diyarbekir"},"content":{"rendered":"<p>\u201c\u0130nsan do\u011fdu\u011fu yere benzer&#8230;\u201d diyor Edip Cansever bir s\u00f6yle\u015fisinde&#8230; \u201cHavas\u0131na, suyuna, ta\u015f\u0131na, topra\u011f\u0131na&#8230;\u201d bir ba\u015fka s\u00f6yle\u015fide: \u201cKentleriyle \u00f6zde\u015fle\u015fen yazarlar vard\u0131r.\u201d diyordu. James Joyce\u2019nin Dublin ile, Necip Mahfuz\u2019un Kahire ile oldu\u011fu gibi&#8230; Aziz G\u00fclm\u00fc\u015f\u2019\u00fc de rahatl\u0131kla Diyarbak\u0131r ile \u00f6zde\u015fle\u015ftirebiliyorsunuz. Onu Diyarbak\u0131r\u2019\u0131 yazan di\u011fer yazarlardan ay\u0131ran en \u00f6nemli \u00f6zelli\u011fi ise, tepedeki de\u011fil dipteki hatta en diptekileri konu eder. Yaz\u0131lar\u0131nda g\u00f6ze \u00e7arpan tarz ise komik, trajik, dramatik ve didaktik&#8230; K\u0131sa bir anlat\u0131ya bu kadar \u015feyi s\u0131\u011fd\u0131rmak g\u00fc\u00e7. \u0130\u015fte Aziz G\u00fclm\u00fc\u015f bunu deniyor ve ba\u015far\u0131yor da&#8230; Yerellikten kopmadan, ya\u015fanan yerde oldu\u011fu gibi \u00e7\u0131plak ve keskin s\u00f6zc\u00fcklerle, s\u00f6z\u00fc oynatarak.. <\/p>\n","protected":false},"excerpt":{"rendered":"<p>\u201c\u0130nsan do\u011fdu\u011fu yere benzer&#8230;\u201d diyor Edip Cansever bir s\u00f6yle\u015fisinde&#8230; \u201cHavas\u0131na, suyuna, ta\u015f\u0131na, topra\u011f\u0131na&#8230;\u201d bir ba\u015fka s\u00f6yle\u015fide: \u201cKentleriyle \u00f6zde\u015fle\u015fen yazarlar vard\u0131r.\u201d diyordu. James Joyce\u2019nin Dublin ile, Necip<span class=\"excerpt-hellip\"> [\u2026]<\/span><\/p>\n","protected":false},"featured_media":0,"template":"","meta":{"_monsterinsights_skip_tracking":false,"_monsterinsights_sitenote_active":false,"_monsterinsights_sitenote_note":"","_monsterinsights_sitenote_category":0},"product_brand":[],"product_cat":[12291,14825],"product_tag":[],"class_list":{"0":"post-756437","1":"product","2":"type-product","3":"status-publish","5":"product_cat-edebiyat","6":"product_cat-mizah","7":"pa_cilt-ciltsiz","8":"pa_tur-kitap","9":"pa_yayinevi-sinirsiz-kitap","10":"pa_yazar-aziz-gulmus","12":"first","13":"instock","14":"sale","15":"shipping-taxable","16":"purchasable","17":"product-type-simple"},"_links":{"self":[{"href":"https:\/\/roveyayinevi.com.tr\/index.php\/wp-json\/wp\/v2\/product\/756437","targetHints":{"allow":["GET"]}}],"collection":[{"href":"https:\/\/roveyayinevi.com.tr\/index.php\/wp-json\/wp\/v2\/product"}],"about":[{"href":"https:\/\/roveyayinevi.com.tr\/index.php\/wp-json\/wp\/v2\/types\/product"}],"wp:attachment":[{"href":"https:\/\/roveyayinevi.com.tr\/index.php\/wp-json\/wp\/v2\/media?parent=756437"}],"wp:term":[{"taxonomy":"product_brand","embeddable":true,"href":"https:\/\/roveyayinevi.com.tr\/index.php\/wp-json\/wp\/v2\/product_brand?post=756437"},{"taxonomy":"product_cat","embeddable":true,"href":"https:\/\/roveyayinevi.com.tr\/index.php\/wp-json\/wp\/v2\/product_cat?post=756437"},{"taxonomy":"product_tag","embeddable":true,"href":"https:\/\/roveyayinevi.com.tr\/index.php\/wp-json\/wp\/v2\/product_tag?post=756437"}],"curies":[{"name":"wp","href":"https:\/\/api.w.org\/{rel}","templated":true}]}}