{"id":756435,"date":"2025-08-28T07:07:57","date_gmt":"2025-08-28T04:07:57","guid":{"rendered":"https:\/\/roveyayinevi.com.tr\/index.php\/urun\/dedektifler-kulubu-3-hayallerine-kosan-sampiyon\/"},"modified":"2026-04-16T03:09:35","modified_gmt":"2026-04-16T00:09:35","slug":"dedektifler-kulubu-3-hayallerine-kosan-sampiyon","status":"publish","type":"product","link":"https:\/\/roveyayinevi.com.tr\/index.php\/urun\/dedektifler-kulubu-3-hayallerine-kosan-sampiyon\/","title":{"rendered":"Dedektifler Kul\u00fcb\u00fc-3 Hayallerine Ko\u015fan \u015eampiyon"},"content":{"rendered":"<p>Be\u015f afacan \u00e7ocuk; Kimi kargalar\u0131 seyretmeye bay\u0131l\u0131r, kimi b\u00f6cekleri inceleyece\u011fim derken kafay\u0131 s\u0131y\u0131r\u0131r.  Kimi otton \u00e7\u00f6pten her naneden \u015f\u00fcphelenir, kimi gereksiz i\u015flere giri\u015fir. Kimi \u00e7ilekli dondurma sever, kimi so\u011fuk kahve. Al\u0131\u015fkanl\u0131klar\u0131, ortak noktalar\u0131, ilgileri, zevkleri birbirinden alabildi\u011fine farkl\u0131 bu be\u015f \u00e7ocu\u011fu zamkla tutturmu\u015fcas\u0131na birbirine ba\u011flayan ortak nokta Dedektifler Kul\u00fcb\u00fc\u2019d\u00fcr. Onlara g\u00f6re bu kul\u00fcbe \u00fcye olmak d\u00fcnyan\u0131n en \u00f6nemli i\u015fidir ve kendileri de d\u00fcnyay\u0131 k\u00f6t\u00fclerden kurtarmak i\u00e7in buradad\u0131rlar.  E \u00f6yle olunca da ba\u015flar\u0131 dertten kurtulmaz.<\/p>\n","protected":false},"excerpt":{"rendered":"<p>Be\u015f afacan \u00e7ocuk; Kimi kargalar\u0131 seyretmeye bay\u0131l\u0131r, kimi b\u00f6cekleri inceleyece\u011fim derken kafay\u0131 s\u0131y\u0131r\u0131r. Kimi otton \u00e7\u00f6pten her naneden \u015f\u00fcphelenir, kimi gereksiz i\u015flere giri\u015fir. Kimi \u00e7ilekli dondurma<span class=\"excerpt-hellip\"> [\u2026]<\/span><\/p>\n","protected":false},"featured_media":0,"template":"","meta":{"_monsterinsights_skip_tracking":false,"_monsterinsights_sitenote_active":false,"_monsterinsights_sitenote_note":"","_monsterinsights_sitenote_category":0},"product_brand":[],"product_cat":[12274,12284],"product_tag":[],"class_list":{"0":"post-756435","1":"product","2":"type-product","3":"status-publish","5":"product_cat-cocuk-ve-genclik-kitaplari","6":"product_cat-hikayeler","7":"pa_cilt-ciltsiz","8":"pa_tur-kitap","9":"pa_yayinevi-ugurbocegi-yayinlari","10":"pa_yazar-zehra-aygul","12":"first","13":"instock","14":"sale","15":"shipping-taxable","16":"purchasable","17":"product-type-simple"},"_links":{"self":[{"href":"https:\/\/roveyayinevi.com.tr\/index.php\/wp-json\/wp\/v2\/product\/756435","targetHints":{"allow":["GET"]}}],"collection":[{"href":"https:\/\/roveyayinevi.com.tr\/index.php\/wp-json\/wp\/v2\/product"}],"about":[{"href":"https:\/\/roveyayinevi.com.tr\/index.php\/wp-json\/wp\/v2\/types\/product"}],"wp:attachment":[{"href":"https:\/\/roveyayinevi.com.tr\/index.php\/wp-json\/wp\/v2\/media?parent=756435"}],"wp:term":[{"taxonomy":"product_brand","embeddable":true,"href":"https:\/\/roveyayinevi.com.tr\/index.php\/wp-json\/wp\/v2\/product_brand?post=756435"},{"taxonomy":"product_cat","embeddable":true,"href":"https:\/\/roveyayinevi.com.tr\/index.php\/wp-json\/wp\/v2\/product_cat?post=756435"},{"taxonomy":"product_tag","embeddable":true,"href":"https:\/\/roveyayinevi.com.tr\/index.php\/wp-json\/wp\/v2\/product_tag?post=756435"}],"curies":[{"name":"wp","href":"https:\/\/api.w.org\/{rel}","templated":true}]}}