{"id":756429,"date":"2025-08-28T07:07:39","date_gmt":"2025-08-28T04:07:39","guid":{"rendered":"https:\/\/roveyayinevi.com.tr\/index.php\/urun\/kamu-gorevlisine-uygulanan-psikolojik-siddet-mobbing\/"},"modified":"2026-04-16T03:09:35","modified_gmt":"2026-04-16T00:09:35","slug":"kamu-gorevlisine-uygulanan-psikolojik-siddet-mobbing","status":"publish","type":"product","link":"https:\/\/roveyayinevi.com.tr\/index.php\/urun\/kamu-gorevlisine-uygulanan-psikolojik-siddet-mobbing\/","title":{"rendered":"Kamu G\u00f6revlisine Uygulanan Psikolojik \u015eiddet (Mobbing)"},"content":{"rendered":"<p>\u0130\u00e7indekiler     B\u0130R\u0130NC\u0130 B\u00d6L\u00dcM \u0130\u015eYER\u0130NDE PS\u0130KOLOJ\u0130K \u015e\u0130DDET KAVRAMI VE \u0130DARE HUKUKUNDA KAMU G\u00d6REVL\u0130S\u0130NE UYGULANAN PS\u0130KOLOJ\u0130K \u015e\u0130DDET     \u0130K\u0130NC\u0130 B\u00d6L\u00dcM KAMU G\u00d6REVL\u0130S\u0130NE UYGULANAN \u0130\u015eYER\u0130NDE PS\u0130KOLOJ\u0130K \u015e\u0130DDET\u0130N \u0130SPATI VE \u00d6NLENMES\u0130 SORUNU <\/p>\n","protected":false},"excerpt":{"rendered":"<p>\u0130\u00e7indekiler B\u0130R\u0130NC\u0130 B\u00d6L\u00dcM \u0130\u015eYER\u0130NDE PS\u0130KOLOJ\u0130K \u015e\u0130DDET KAVRAMI VE \u0130DARE HUKUKUNDA KAMU G\u00d6REVL\u0130S\u0130NE UYGULANAN PS\u0130KOLOJ\u0130K \u015e\u0130DDET \u0130K\u0130NC\u0130 B\u00d6L\u00dcM KAMU G\u00d6REVL\u0130S\u0130NE UYGULANAN \u0130\u015eYER\u0130NDE PS\u0130KOLOJ\u0130K \u015e\u0130DDET\u0130N \u0130SPATI VE \u00d6NLENMES\u0130<span class=\"excerpt-hellip\"> [\u2026]<\/span><\/p>\n","protected":false},"featured_media":0,"template":"","meta":{"_monsterinsights_skip_tracking":false,"_monsterinsights_sitenote_active":false,"_monsterinsights_sitenote_note":"","_monsterinsights_sitenote_category":0},"product_brand":[],"product_cat":[12573,12566],"product_tag":[],"class_list":{"0":"post-756429","1":"product","2":"type-product","3":"status-publish","5":"product_cat-akademik-kitaplar","6":"product_cat-egitim","7":"pa_cilt-ciltsiz","8":"pa_tur-kitap","9":"pa_yayinevi-gazi-kitabevi","10":"pa_yazar-ayse-almila-tanriverdi","12":"first","13":"instock","14":"sale","15":"shipping-taxable","16":"purchasable","17":"product-type-simple"},"_links":{"self":[{"href":"https:\/\/roveyayinevi.com.tr\/index.php\/wp-json\/wp\/v2\/product\/756429","targetHints":{"allow":["GET"]}}],"collection":[{"href":"https:\/\/roveyayinevi.com.tr\/index.php\/wp-json\/wp\/v2\/product"}],"about":[{"href":"https:\/\/roveyayinevi.com.tr\/index.php\/wp-json\/wp\/v2\/types\/product"}],"wp:attachment":[{"href":"https:\/\/roveyayinevi.com.tr\/index.php\/wp-json\/wp\/v2\/media?parent=756429"}],"wp:term":[{"taxonomy":"product_brand","embeddable":true,"href":"https:\/\/roveyayinevi.com.tr\/index.php\/wp-json\/wp\/v2\/product_brand?post=756429"},{"taxonomy":"product_cat","embeddable":true,"href":"https:\/\/roveyayinevi.com.tr\/index.php\/wp-json\/wp\/v2\/product_cat?post=756429"},{"taxonomy":"product_tag","embeddable":true,"href":"https:\/\/roveyayinevi.com.tr\/index.php\/wp-json\/wp\/v2\/product_tag?post=756429"}],"curies":[{"name":"wp","href":"https:\/\/api.w.org\/{rel}","templated":true}]}}