{"id":756428,"date":"2025-08-28T07:07:38","date_gmt":"2025-08-28T04:07:38","guid":{"rendered":"https:\/\/roveyayinevi.com.tr\/index.php\/urun\/pazarlama-analitigi\/"},"modified":"2026-04-16T03:09:35","modified_gmt":"2026-04-16T00:09:35","slug":"pazarlama-analitigi","status":"publish","type":"product","link":"https:\/\/roveyayinevi.com.tr\/index.php\/urun\/pazarlama-analitigi\/","title":{"rendered":"Pazarlama Analiti\u011fi"},"content":{"rendered":"<p>\u0130\u00e7indekiler   B\u00d6L\u00dcM 1 Pazarlama Analiti\u011finin Kavramsal Yap\u0131s\u0131 ve Geli\u015fimi   B\u00d6L\u00dcM 2 Pazarlama Analiti\u011finin \u0130\u015fletmelere Olan Etkileri   B\u00d6L\u00dcM 3 Pazarlama Analiti\u011fi S\u00fcreci, Modelleri ve \u0130li\u015fkili Oldu\u011fu Sistemler   B\u00d6L\u00dcM 4 B\u00fcy\u00fck Veri, Yapay Zek\u00e2 ve Pazarlama Analiti\u011fi   B\u00d6L\u00dcM 5 Pazarlama Analiti\u011finin Uygulama Alanlar\u0131       B\u00d6L\u00dcM 6 Pazarlama Analiti\u011finde Kullan\u0131lan Y\u00f6ntemler ve Teknikler <\/p>\n","protected":false},"excerpt":{"rendered":"<p>\u0130\u00e7indekiler B\u00d6L\u00dcM 1 Pazarlama Analiti\u011finin Kavramsal Yap\u0131s\u0131 ve Geli\u015fimi B\u00d6L\u00dcM 2 Pazarlama Analiti\u011finin \u0130\u015fletmelere Olan Etkileri B\u00d6L\u00dcM 3 Pazarlama Analiti\u011fi S\u00fcreci, Modelleri ve \u0130li\u015fkili Oldu\u011fu Sistemler<span class=\"excerpt-hellip\"> [\u2026]<\/span><\/p>\n","protected":false},"featured_media":0,"template":"","meta":{"_monsterinsights_skip_tracking":false,"_monsterinsights_sitenote_active":false,"_monsterinsights_sitenote_note":"","_monsterinsights_sitenote_category":0},"product_brand":[],"product_cat":[13043],"product_tag":[],"class_list":{"0":"post-756428","1":"product","2":"type-product","3":"status-publish","5":"product_cat-ekonomi","6":"pa_cilt-ciltsiz","7":"pa_tur-kitap","8":"pa_yayinevi-gazi-kitabevi","9":"pa_yazar-erdem-ozkan","11":"first","12":"instock","13":"sale","14":"shipping-taxable","15":"purchasable","16":"product-type-simple"},"_links":{"self":[{"href":"https:\/\/roveyayinevi.com.tr\/index.php\/wp-json\/wp\/v2\/product\/756428","targetHints":{"allow":["GET"]}}],"collection":[{"href":"https:\/\/roveyayinevi.com.tr\/index.php\/wp-json\/wp\/v2\/product"}],"about":[{"href":"https:\/\/roveyayinevi.com.tr\/index.php\/wp-json\/wp\/v2\/types\/product"}],"wp:attachment":[{"href":"https:\/\/roveyayinevi.com.tr\/index.php\/wp-json\/wp\/v2\/media?parent=756428"}],"wp:term":[{"taxonomy":"product_brand","embeddable":true,"href":"https:\/\/roveyayinevi.com.tr\/index.php\/wp-json\/wp\/v2\/product_brand?post=756428"},{"taxonomy":"product_cat","embeddable":true,"href":"https:\/\/roveyayinevi.com.tr\/index.php\/wp-json\/wp\/v2\/product_cat?post=756428"},{"taxonomy":"product_tag","embeddable":true,"href":"https:\/\/roveyayinevi.com.tr\/index.php\/wp-json\/wp\/v2\/product_tag?post=756428"}],"curies":[{"name":"wp","href":"https:\/\/api.w.org\/{rel}","templated":true}]}}