{"id":756425,"date":"2025-08-28T07:07:33","date_gmt":"2025-08-28T04:07:33","guid":{"rendered":"https:\/\/roveyayinevi.com.tr\/index.php\/urun\/iraktan-turkiyeye-dogru-kurt-gocu-naratif-bir-okuma\/"},"modified":"2026-04-16T03:09:35","modified_gmt":"2026-04-16T00:09:35","slug":"iraktan-turkiyeye-dogru-kurt-gocu-naratif-bir-okuma","status":"publish","type":"product","link":"https:\/\/roveyayinevi.com.tr\/index.php\/urun\/iraktan-turkiyeye-dogru-kurt-gocu-naratif-bir-okuma\/","title":{"rendered":"Irak\u2019tan T\u00fcrkiye\u2019ye Do\u011fru K\u00fcrt G\u00f6\u00e7\u00fc: Naratif Bir Okuma"},"content":{"rendered":"<p>Irak devleti 1921 y\u0131l\u0131nda \u0130ngilizlerin s\u00f6m\u00fcrgesi alt\u0131nda kurulmu\u015ftur fakat \u015fuanda Irak olarak tabir edilen topraklarda Asur, Babil, Med vb. kadim medeniyetler ya\u015fam\u0131\u015ft\u0131r. Her bir medeniyet, s\u00f6z konusu topraklara kendinden izler b\u0131rakarak tarihe kar\u0131\u015fm\u0131\u015ft\u0131r. Irak devletinin kurulu\u015fu ile orada ya\u015fayan Arap, K\u00fcrt, T\u00fcrkmen, Asuri vb. halklar bir arada ya\u015famaya devam etmi\u015flerdir. Fakat Krall\u0131k rejiminden Cumhuriyet rejimine kadar ve bilhassa Baas Partisi d\u00f6neminde Irak\u2019ta Arap milliyet\u00e7ili\u011fini \u00f6n plana \u00e7\u0131karan politikalar y\u00fcr\u00fct\u00fclm\u00fc\u015ft\u00fcr. Bu politikalara en \u00e7ok itiraz eden halk, K\u00fcrtler olmu\u015ftur. K\u00fcrtler, 1919\u2019dan itibaren, zaman zaman kesintilerle de olsa, Irak h\u00fck\u00fcmetlerine kar\u015f\u0131 ba\u015fkald\u0131rm\u0131\u015flard\u0131r. Bu ba\u015fkald\u0131r\u0131lardan en sonu ve K\u00fcrtlerin siyasi bir stat\u00fc kazanmas\u0131n\u0131 sa\u011flayan 1991 ba\u015fkald\u0131r\u0131s\u0131 ve pe\u015finden gelen g\u00f6\u00e7 olmu\u015ftur. Dolay\u0131s\u0131yla bu kitap yak\u0131n tarihte ya\u015fanm\u0131\u015f 1991 K\u00fcrt g\u00f6\u00e7\u00fcne tan\u0131kl\u0131k etmektedir. Kitapta, 1991 y\u0131l\u0131nda Saddam H\u00fcseyin liderli\u011findeki Baas Partisinin i\u015fkence ve enfallerinden korkup T\u00fcrkiye ve \u0130ran\u2019ag\u00f6\u00e7 etmek durumda kalm\u0131\u015f milyonlarca K\u00fcrt\u00fcn hik\u00e2yesi yine onlar\u0131n dilinden aktar\u0131lm\u0131\u015ft\u0131r. Bu kitab\u0131n dile\u011fi, hem akademik camiaya bir katk\u0131 sa\u011flamak hem de yak\u0131n tarihte ya\u015fanm\u0131\u015f bir g\u00f6\u00e7 hakk\u0131nda g\u00f6\u00e7\u00fc ya\u015fayanlar ve g\u00f6\u00e7\u00fc kar\u015f\u0131layanlar\u0131n izlenimlerini k\u00e2\u011f\u0131da aktar\u0131p bunlar\u0131n unutulmas\u0131na engel olmakt\u0131r.<\/p>\n","protected":false},"excerpt":{"rendered":"<p>Irak devleti 1921 y\u0131l\u0131nda \u0130ngilizlerin s\u00f6m\u00fcrgesi alt\u0131nda kurulmu\u015ftur fakat \u015fuanda Irak olarak tabir edilen topraklarda Asur, Babil, Med vb. kadim medeniyetler ya\u015fam\u0131\u015ft\u0131r. Her bir medeniyet, s\u00f6z<span class=\"excerpt-hellip\"> [\u2026]<\/span><\/p>\n","protected":false},"featured_media":0,"template":"","meta":{"_monsterinsights_skip_tracking":false,"_monsterinsights_sitenote_active":false,"_monsterinsights_sitenote_note":"","_monsterinsights_sitenote_category":0},"product_brand":[],"product_cat":[12573,12566],"product_tag":[],"class_list":{"0":"post-756425","1":"product","2":"type-product","3":"status-publish","5":"product_cat-akademik-kitaplar","6":"product_cat-egitim","7":"pa_cilt-ciltsiz","8":"pa_tur-kitap","9":"pa_yayinevi-platanus-publishing","10":"pa_yazar-engin-korkmaz","12":"first","13":"instock","14":"sale","15":"shipping-taxable","16":"purchasable","17":"product-type-simple"},"_links":{"self":[{"href":"https:\/\/roveyayinevi.com.tr\/index.php\/wp-json\/wp\/v2\/product\/756425","targetHints":{"allow":["GET"]}}],"collection":[{"href":"https:\/\/roveyayinevi.com.tr\/index.php\/wp-json\/wp\/v2\/product"}],"about":[{"href":"https:\/\/roveyayinevi.com.tr\/index.php\/wp-json\/wp\/v2\/types\/product"}],"wp:attachment":[{"href":"https:\/\/roveyayinevi.com.tr\/index.php\/wp-json\/wp\/v2\/media?parent=756425"}],"wp:term":[{"taxonomy":"product_brand","embeddable":true,"href":"https:\/\/roveyayinevi.com.tr\/index.php\/wp-json\/wp\/v2\/product_brand?post=756425"},{"taxonomy":"product_cat","embeddable":true,"href":"https:\/\/roveyayinevi.com.tr\/index.php\/wp-json\/wp\/v2\/product_cat?post=756425"},{"taxonomy":"product_tag","embeddable":true,"href":"https:\/\/roveyayinevi.com.tr\/index.php\/wp-json\/wp\/v2\/product_tag?post=756425"}],"curies":[{"name":"wp","href":"https:\/\/api.w.org\/{rel}","templated":true}]}}