{"id":756422,"date":"2025-08-28T07:07:28","date_gmt":"2025-08-28T04:07:28","guid":{"rendered":"https:\/\/roveyayinevi.com.tr\/index.php\/urun\/olur-cunku-babalar\/"},"modified":"2026-04-16T03:09:35","modified_gmt":"2026-04-16T00:09:35","slug":"olur-cunku-babalar","status":"publish","type":"product","link":"https:\/\/roveyayinevi.com.tr\/index.php\/urun\/olur-cunku-babalar\/","title":{"rendered":"\u00d6l\u00fcr \u00c7\u00fcnk\u00fc  Babalar"},"content":{"rendered":"<p>M\u0131hemed \u015earman, \u201cKonu\u015fmaktan \u00e7ok susmakla, dokunmaktan \u00e7ok birbirine usulca bakmakla, birbirini g\u00f6zleriyle kollay\u0131p izlemekle \u00f6r\u00fclm\u00fc\u015f bir sevgi bi\u00e7imi\u201dnin ifadesini ar\u0131yor&#8230; \u00d6l\u00fcr \u00c7\u00fcnk\u00fc Babalar, mesafelerle b\u00fcy\u00fct\u00fclm\u00fc\u015f, d\u00f6nmekle bulunamayacak, uzak kalmakla g\u00f6r\u00fclemeyecek bir ev\u2019in anlat\u0131s\u0131: Hi\u00e7 o\u011ful olamam\u0131\u015f bir baba ile babas\u0131n\u0131n asl\u0131nda kim oldu\u011funu ancak onu kaybettikten sonra ke\u015ffeden bir o\u011fulun sevgi ve anlay\u0131\u015fla dolu incelikli hesapla\u015fmas\u0131.Burada \u015fairin sordu\u011fu soruyu Tanr\u0131\u2019ya sorma ehliyetinin en \u00e7ok senin gibilerde oldu\u011funa inan\u0131yorum. Hayat\u0131n boyunca Allah olmadan biz ne yapar\u0131z, deyip durdun. Bense uzun s\u00fcredir, sen olmasayd\u0131n ne yapard\u0131 Tanr\u0131, diye d\u00fc\u015f\u00fcn\u00fcp duruyorum. Aram\u0131zdaki en g\u00fczel fark, busoruyu sorma bi\u00e7imimiz olsa gerek.<\/p>\n","protected":false},"excerpt":{"rendered":"<p>M\u0131hemed \u015earman, \u201cKonu\u015fmaktan \u00e7ok susmakla, dokunmaktan \u00e7ok birbirine usulca bakmakla, birbirini g\u00f6zleriyle kollay\u0131p izlemekle \u00f6r\u00fclm\u00fc\u015f bir sevgi bi\u00e7imi\u201dnin ifadesini ar\u0131yor&#8230; \u00d6l\u00fcr \u00c7\u00fcnk\u00fc Babalar, mesafelerle b\u00fcy\u00fct\u00fclm\u00fc\u015f, d\u00f6nmekle<span class=\"excerpt-hellip\"> [\u2026]<\/span><\/p>\n","protected":false},"featured_media":0,"template":"","meta":{"_monsterinsights_skip_tracking":false,"_monsterinsights_sitenote_active":false,"_monsterinsights_sitenote_note":"","_monsterinsights_sitenote_category":0},"product_brand":[],"product_cat":[18545,12291],"product_tag":[],"class_list":{"0":"post-756422","1":"product","2":"type-product","3":"status-publish","5":"product_cat-anlati","6":"product_cat-edebiyat","7":"pa_cilt-ciltsiz","8":"pa_tur-kitap","9":"pa_yayinevi-alfa-yayinlari","10":"pa_yazar-mihemed-sarman","12":"first","13":"instock","14":"sale","15":"shipping-taxable","16":"purchasable","17":"product-type-simple"},"_links":{"self":[{"href":"https:\/\/roveyayinevi.com.tr\/index.php\/wp-json\/wp\/v2\/product\/756422","targetHints":{"allow":["GET"]}}],"collection":[{"href":"https:\/\/roveyayinevi.com.tr\/index.php\/wp-json\/wp\/v2\/product"}],"about":[{"href":"https:\/\/roveyayinevi.com.tr\/index.php\/wp-json\/wp\/v2\/types\/product"}],"wp:attachment":[{"href":"https:\/\/roveyayinevi.com.tr\/index.php\/wp-json\/wp\/v2\/media?parent=756422"}],"wp:term":[{"taxonomy":"product_brand","embeddable":true,"href":"https:\/\/roveyayinevi.com.tr\/index.php\/wp-json\/wp\/v2\/product_brand?post=756422"},{"taxonomy":"product_cat","embeddable":true,"href":"https:\/\/roveyayinevi.com.tr\/index.php\/wp-json\/wp\/v2\/product_cat?post=756422"},{"taxonomy":"product_tag","embeddable":true,"href":"https:\/\/roveyayinevi.com.tr\/index.php\/wp-json\/wp\/v2\/product_tag?post=756422"}],"curies":[{"name":"wp","href":"https:\/\/api.w.org\/{rel}","templated":true}]}}