{"id":756421,"date":"2025-08-28T07:07:26","date_gmt":"2025-08-28T04:07:26","guid":{"rendered":"https:\/\/roveyayinevi.com.tr\/index.php\/urun\/egitim-kultur-muzik-alani-secme-yazilarim\/"},"modified":"2026-04-16T03:09:35","modified_gmt":"2026-04-16T00:09:35","slug":"egitim-kultur-muzik-alani-secme-yazilarim","status":"publish","type":"product","link":"https:\/\/roveyayinevi.com.tr\/index.php\/urun\/egitim-kultur-muzik-alani-secme-yazilarim\/","title":{"rendered":"E\u011fitim, K\u00fclt\u00fcr, M\u00fczik Alan\u0131 Se\u00e7me Yaz\u0131lar\u0131m"},"content":{"rendered":"<p>Her \u015feyden \u00f6nce akademik \u00e7al\u0131\u015fma ve akademisyenlik belli mesai saatlerine s\u0131k\u0131\u015ft\u0131r\u0131labilecek bir i\u015f de\u011fil, ba\u015f\u0131ndan sonuna kadar bir ya\u015fam bi\u00e7imidir. Dolay\u0131s\u0131yla ne yaz\u0131k ki \u00fclkemizde akademik \u00e7al\u0131\u015fmalar bir bilimsel merak ve akademik d\u00fcnyaya \u00f6zg\u00fcn bir katk\u0131 getirmekten \u00e7ok, doktora ya da do\u00e7entlik derecesi alman\u0131n asgari ko\u015fullar\u0131n\u0131 kar\u015f\u0131lamaya y\u00f6nelik bir ara\u00e7sal \u00e7al\u0131\u015fma gibi alg\u0131lan\u0131yor. Profes\u00f6r olunca da art\u0131k akademik \u00e7al\u0131\u015fma yapma rol ve sorumlulu\u011funu tamamlam\u0131\u015f say\u0131yor baz\u0131 ki\u015filer. Oysa profes\u00f6rl\u00fck akademik ya\u015fam\u0131n en \u00fcretken ve bilimsel \u00e7al\u0131\u015fma zevkinin dorukta ya\u015fand\u0131\u011f\u0131 bir d\u00f6nem bana g\u00f6re. Bilim a\u015fk\u0131 i\u00e7in bilim yapabildi\u011finiz; diledi\u011finiz gibi yay\u0131n \u00fcretebilme birikimine eri\u015fti\u011finiz bir d\u00f6nem. Ben sadece ama\u00e7 ya da birtak\u0131m gerekleri kar\u015f\u0131lamak i\u00e7in de\u011fil, bilimsel \u00e7al\u0131\u015fma yapmaktan ald\u0131\u011f\u0131m mutluluk ve \u00fcretmenin zevki i\u00e7in yay\u0131n yap\u0131yorum. Her yeni ara\u015ft\u0131rma ve yay\u0131n, yeni \u015feyler \u00f6\u011frendi\u011fim ve bilgi deryas\u0131nda kaybolmam\u0131 sa\u011flad\u0131\u011f\u0131 i\u00e7in bana akademisyen olman\u0131n; profesyonel \u00f6\u011frencili\u011fin hazz\u0131n\u0131 ya\u015fat\u0131yor. <\/p>\n","protected":false},"excerpt":{"rendered":"<p>Her \u015feyden \u00f6nce akademik \u00e7al\u0131\u015fma ve akademisyenlik belli mesai saatlerine s\u0131k\u0131\u015ft\u0131r\u0131labilecek bir i\u015f de\u011fil, ba\u015f\u0131ndan sonuna kadar bir ya\u015fam bi\u00e7imidir. Dolay\u0131s\u0131yla ne yaz\u0131k ki \u00fclkemizde akademik<span class=\"excerpt-hellip\"> [\u2026]<\/span><\/p>\n","protected":false},"featured_media":0,"template":"","meta":{"_monsterinsights_skip_tracking":false,"_monsterinsights_sitenote_active":false,"_monsterinsights_sitenote_note":"","_monsterinsights_sitenote_category":0},"product_brand":[],"product_cat":[12777,12291],"product_tag":[],"class_list":{"0":"post-756421","1":"product","2":"type-product","3":"status-publish","5":"product_cat-deneme","6":"product_cat-edebiyat","7":"pa_cilt-ciltsiz","8":"pa_tur-kitap","9":"pa_yayinevi-gulnar-yayinlari","10":"pa_yazar-goktan-ay","12":"first","13":"instock","14":"sale","15":"shipping-taxable","16":"purchasable","17":"product-type-simple"},"_links":{"self":[{"href":"https:\/\/roveyayinevi.com.tr\/index.php\/wp-json\/wp\/v2\/product\/756421","targetHints":{"allow":["GET"]}}],"collection":[{"href":"https:\/\/roveyayinevi.com.tr\/index.php\/wp-json\/wp\/v2\/product"}],"about":[{"href":"https:\/\/roveyayinevi.com.tr\/index.php\/wp-json\/wp\/v2\/types\/product"}],"wp:attachment":[{"href":"https:\/\/roveyayinevi.com.tr\/index.php\/wp-json\/wp\/v2\/media?parent=756421"}],"wp:term":[{"taxonomy":"product_brand","embeddable":true,"href":"https:\/\/roveyayinevi.com.tr\/index.php\/wp-json\/wp\/v2\/product_brand?post=756421"},{"taxonomy":"product_cat","embeddable":true,"href":"https:\/\/roveyayinevi.com.tr\/index.php\/wp-json\/wp\/v2\/product_cat?post=756421"},{"taxonomy":"product_tag","embeddable":true,"href":"https:\/\/roveyayinevi.com.tr\/index.php\/wp-json\/wp\/v2\/product_tag?post=756421"}],"curies":[{"name":"wp","href":"https:\/\/api.w.org\/{rel}","templated":true}]}}