{"id":756420,"date":"2025-08-28T07:07:23","date_gmt":"2025-08-28T04:07:23","guid":{"rendered":"https:\/\/roveyayinevi.com.tr\/index.php\/urun\/ulkemizde-muzik-ve-guzel-sanatlar-egitimi-kose-yazilarim\/"},"modified":"2026-04-16T03:09:35","modified_gmt":"2026-04-16T00:09:35","slug":"ulkemizde-muzik-ve-guzel-sanatlar-egitimi-kose-yazilarim","status":"publish","type":"product","link":"https:\/\/roveyayinevi.com.tr\/index.php\/urun\/ulkemizde-muzik-ve-guzel-sanatlar-egitimi-kose-yazilarim\/","title":{"rendered":"\u00dclkemizde M\u00fczik ve G\u00fczel Sanatlar E\u011fitimi K\u00f6\u015fe Yaz\u0131lar\u0131m"},"content":{"rendered":"<p>\u201cGenel e\u011fitimde &#8216;m\u00fczik e\u011fitimin&#8217; \u00f6nemi b\u00fcy\u00fckt\u00fcr. M\u00fczik e\u011fitim; \u2018bireye kendi ya\u015fant\u0131s\u0131 yoluyla ama\u00e7l\u0131 olarak belirli davran\u0131\u015flar kazand\u0131rma\u2019 ya da \u2018bireyin m\u00fcziksel davran\u0131\u015f\u0131nda kendi ya\u015fant\u0131s\u0131 yoluyla ama\u00e7l\u0131 olarak belirli de\u011fi\u015fiklikler olu\u015fturmas\u0131\u2019 s\u00fcrecidir. M\u00fczik e\u011fitimi, asl\u0131nda bir b\u00fct\u00fcn olmakla birlikte, \u00e7e\u015fitli kollara ve her bir kol i\u00e7inde \u00e7e\u015fitli dallara ayr\u0131l\u0131r. \u00c7\u00fcnk\u00fc m\u00fczik e\u011fitimi, a\u011f\u0131rl\u0131kl\u0131 olarak kapsanan temel davran\u0131\u015f ve i\u00e7erik, kullan\u0131lan ara\u00e7 ve gere\u00e7, izlenen y\u00f6ntem ve teknik, ger\u00e7ekle\u015ftirilen ortam ve d\u00fczey, \u00f6ng\u00f6r\u00fclen a\u015fama ve s\u00fcre bak\u0131m\u0131ndan kendi i\u00e7inde \u00e7e\u015fitlilik g\u00f6sterir ve de\u011fi\u015fik bi\u00e7imlerde adland\u0131r\u0131l\u0131r. \u00dclkenin m\u00fczik sorunlar\u0131n\u0131, elbette yine m\u00fczik insanlar\u0131 \u00e7\u00f6zmelidir. <\/p>\n","protected":false},"excerpt":{"rendered":"<p>\u201cGenel e\u011fitimde &#8216;m\u00fczik e\u011fitimin&#8217; \u00f6nemi b\u00fcy\u00fckt\u00fcr. M\u00fczik e\u011fitim; \u2018bireye kendi ya\u015fant\u0131s\u0131 yoluyla ama\u00e7l\u0131 olarak belirli davran\u0131\u015flar kazand\u0131rma\u2019 ya da \u2018bireyin m\u00fcziksel davran\u0131\u015f\u0131nda kendi ya\u015fant\u0131s\u0131 yoluyla ama\u00e7l\u0131<span class=\"excerpt-hellip\"> [\u2026]<\/span><\/p>\n","protected":false},"featured_media":0,"template":"","meta":{"_monsterinsights_skip_tracking":false,"_monsterinsights_sitenote_active":false,"_monsterinsights_sitenote_note":"","_monsterinsights_sitenote_category":0},"product_brand":[],"product_cat":[12777,12291],"product_tag":[],"class_list":{"0":"post-756420","1":"product","2":"type-product","3":"status-publish","5":"product_cat-deneme","6":"product_cat-edebiyat","7":"pa_cilt-ciltsiz","8":"pa_tur-kitap","9":"pa_yayinevi-gulnar-yayinlari","10":"pa_yazar-goktan-ay","12":"first","13":"instock","14":"sale","15":"shipping-taxable","16":"purchasable","17":"product-type-simple"},"_links":{"self":[{"href":"https:\/\/roveyayinevi.com.tr\/index.php\/wp-json\/wp\/v2\/product\/756420","targetHints":{"allow":["GET"]}}],"collection":[{"href":"https:\/\/roveyayinevi.com.tr\/index.php\/wp-json\/wp\/v2\/product"}],"about":[{"href":"https:\/\/roveyayinevi.com.tr\/index.php\/wp-json\/wp\/v2\/types\/product"}],"wp:attachment":[{"href":"https:\/\/roveyayinevi.com.tr\/index.php\/wp-json\/wp\/v2\/media?parent=756420"}],"wp:term":[{"taxonomy":"product_brand","embeddable":true,"href":"https:\/\/roveyayinevi.com.tr\/index.php\/wp-json\/wp\/v2\/product_brand?post=756420"},{"taxonomy":"product_cat","embeddable":true,"href":"https:\/\/roveyayinevi.com.tr\/index.php\/wp-json\/wp\/v2\/product_cat?post=756420"},{"taxonomy":"product_tag","embeddable":true,"href":"https:\/\/roveyayinevi.com.tr\/index.php\/wp-json\/wp\/v2\/product_tag?post=756420"}],"curies":[{"name":"wp","href":"https:\/\/api.w.org\/{rel}","templated":true}]}}