{"id":756414,"date":"2025-08-28T07:07:11","date_gmt":"2025-08-28T04:07:11","guid":{"rendered":"https:\/\/roveyayinevi.com.tr\/index.php\/urun\/intikam-2\/"},"modified":"2026-04-16T03:09:34","modified_gmt":"2026-04-16T00:09:34","slug":"intikam-2","status":"publish","type":"product","link":"https:\/\/roveyayinevi.com.tr\/index.php\/urun\/intikam-2\/","title":{"rendered":"\u0130ntikam"},"content":{"rendered":"<p>Kristen Simmons\u2019\u0131n Edgar aday\u0131 gerilim serisinin Doland\u0131r\u0131c\u0131lar Okulu ile ba\u015flayan \u00e7arp\u0131c\u0131 sonu, \u0130ntikam\u2019da \u00f6ng\u00f6r\u00fclemeyen bir ger\u00e7ek olarak ortaya \u00e7\u0131k\u0131yor&#8230;   Brynn Hilder\u2019\u0131n, Sikawa \u015fehrinin \u015f\u0131mar\u0131k zengin \u00e7ocuklar\u0131ndan annesinin eski erkek arkada\u015f\u0131na, bir motosiklet \u00e7etesinden bir senat\u00f6r\u00fcn o\u011fluna kadar pek \u00e7ok insan\u0131 kand\u0131racak bir yetene\u011fi vard\u0131r. Kazan\u0131lacak para ya da a\u00e7\u0131\u011fa \u00e7\u0131kar\u0131lacak bir s\u0131r varsa bunu nas\u0131l yapaca\u011f\u0131n\u0131 iyi bilmektedir. Ayr\u0131ca Dr. O ve Vale Salonu sayesinde kendisi gibi doland\u0131r\u0131c\u0131lardan olu\u015fan bir aile de bulmu\u015ftur.   Brynn ve arkada\u015flar\u0131, ger\u00e7e\u011fi ortaya \u00e7\u0131karmak i\u00e7in kendilerini \u015f\u00fcphenin, aldatman\u0131n ve ihanetin \u00fcstesinden gelmeye adarlar.   \u0130\u00e7lerindeki en b\u00fcy\u00fck doland\u0131r\u0131c\u0131yla, hepsini bir araya getiren adamla m\u00fccadele etmek zorunda kalacaklard\u0131r. <\/p>\n","protected":false},"excerpt":{"rendered":"<p>Kristen Simmons\u2019\u0131n Edgar aday\u0131 gerilim serisinin Doland\u0131r\u0131c\u0131lar Okulu ile ba\u015flayan \u00e7arp\u0131c\u0131 sonu, \u0130ntikam\u2019da \u00f6ng\u00f6r\u00fclemeyen bir ger\u00e7ek olarak ortaya \u00e7\u0131k\u0131yor&#8230; Brynn Hilder\u2019\u0131n, Sikawa \u015fehrinin \u015f\u0131mar\u0131k zengin \u00e7ocuklar\u0131ndan<span class=\"excerpt-hellip\"> [\u2026]<\/span><\/p>\n","protected":false},"featured_media":0,"template":"","meta":{"_monsterinsights_skip_tracking":false,"_monsterinsights_sitenote_active":false,"_monsterinsights_sitenote_note":"","_monsterinsights_sitenote_category":0},"product_brand":[],"product_cat":[12291,12711],"product_tag":[],"class_list":{"0":"post-756414","1":"product","2":"type-product","3":"status-publish","5":"product_cat-edebiyat","6":"product_cat-roman-oyku","7":"pa_cilt-ciltsiz","8":"pa_tur-kitap","9":"pa_yayinevi-sms-yayinlari","10":"pa_yazar-kristen-simmons","12":"first","13":"instock","14":"sale","15":"shipping-taxable","16":"purchasable","17":"product-type-simple"},"_links":{"self":[{"href":"https:\/\/roveyayinevi.com.tr\/index.php\/wp-json\/wp\/v2\/product\/756414","targetHints":{"allow":["GET"]}}],"collection":[{"href":"https:\/\/roveyayinevi.com.tr\/index.php\/wp-json\/wp\/v2\/product"}],"about":[{"href":"https:\/\/roveyayinevi.com.tr\/index.php\/wp-json\/wp\/v2\/types\/product"}],"wp:attachment":[{"href":"https:\/\/roveyayinevi.com.tr\/index.php\/wp-json\/wp\/v2\/media?parent=756414"}],"wp:term":[{"taxonomy":"product_brand","embeddable":true,"href":"https:\/\/roveyayinevi.com.tr\/index.php\/wp-json\/wp\/v2\/product_brand?post=756414"},{"taxonomy":"product_cat","embeddable":true,"href":"https:\/\/roveyayinevi.com.tr\/index.php\/wp-json\/wp\/v2\/product_cat?post=756414"},{"taxonomy":"product_tag","embeddable":true,"href":"https:\/\/roveyayinevi.com.tr\/index.php\/wp-json\/wp\/v2\/product_tag?post=756414"}],"curies":[{"name":"wp","href":"https:\/\/api.w.org\/{rel}","templated":true}]}}