{"id":756412,"date":"2025-08-28T07:07:08","date_gmt":"2025-08-28T04:07:08","guid":{"rendered":"https:\/\/roveyayinevi.com.tr\/index.php\/urun\/cocuk-oyunlari-ve-oyuncaklari\/"},"modified":"2026-04-16T03:09:34","modified_gmt":"2026-04-16T00:09:34","slug":"cocuk-oyunlari-ve-oyuncaklari","status":"publish","type":"product","link":"https:\/\/roveyayinevi.com.tr\/index.php\/urun\/cocuk-oyunlari-ve-oyuncaklari\/","title":{"rendered":"\u00c7ocuk Oyunlar\u0131 ve Oyuncaklar\u0131"},"content":{"rendered":"<p>Kitab\u0131n \u201cGiri\u015f\u201d b\u00f6l\u00fcm\u00fcnde, konunun tan\u0131m\u0131, tarihi-felsefi ve toplumsal boyutlar\u0131, e\u011fitim a\u00e7\u0131s\u0131ndan kazan\u0131mlar\u0131 de\u011ferlendirilmi\u015ftir. Yap\u0131lmas\u0131 gerekenlerle ilgili \u00f6nemli \u00f6neriler ortaya konmu\u015ftur. Ba\u015fta aile ortam\u0131nda olmak \u00fczere okul ve \u00e7evrede \u00e7ocuklar\u0131n sa\u011fl\u0131kl\u0131 bi\u00e7imde toplumsalla\u015fmalar\u0131, do\u011faya ve nesnelere kar\u015f\u0131 sorumluluk kazanmalar\u0131, kendilerini yaparak ve ya\u015farak yeti\u015ftirmeleri i\u00e7in e\u011fitimcilerin, anne-babalar\u0131n, oyuncak \u00fcreticilerinin bu kitaptan yararlanmalar\u0131nda yarar g\u00f6r\u00fcyoruz. <\/p>\n","protected":false},"excerpt":{"rendered":"<p>Kitab\u0131n \u201cGiri\u015f\u201d b\u00f6l\u00fcm\u00fcnde, konunun tan\u0131m\u0131, tarihi-felsefi ve toplumsal boyutlar\u0131, e\u011fitim a\u00e7\u0131s\u0131ndan kazan\u0131mlar\u0131 de\u011ferlendirilmi\u015ftir. Yap\u0131lmas\u0131 gerekenlerle ilgili \u00f6nemli \u00f6neriler ortaya konmu\u015ftur. Ba\u015fta aile ortam\u0131nda olmak \u00fczere okul<span class=\"excerpt-hellip\"> [\u2026]<\/span><\/p>\n","protected":false},"featured_media":0,"template":"","meta":{"_monsterinsights_skip_tracking":false,"_monsterinsights_sitenote_active":false,"_monsterinsights_sitenote_note":"","_monsterinsights_sitenote_category":0},"product_brand":[],"product_cat":[13488],"product_tag":[],"class_list":{"0":"post-756412","1":"product","2":"type-product","3":"status-publish","5":"product_cat-toplum-ve-insan","6":"pa_cilt-ciltsiz","7":"pa_tur-kitap","8":"pa_yayinevi-soncag","9":"pa_yazar-muslum-kabadayi","11":"first","12":"instock","13":"sale","14":"shipping-taxable","15":"purchasable","16":"product-type-simple"},"_links":{"self":[{"href":"https:\/\/roveyayinevi.com.tr\/index.php\/wp-json\/wp\/v2\/product\/756412","targetHints":{"allow":["GET"]}}],"collection":[{"href":"https:\/\/roveyayinevi.com.tr\/index.php\/wp-json\/wp\/v2\/product"}],"about":[{"href":"https:\/\/roveyayinevi.com.tr\/index.php\/wp-json\/wp\/v2\/types\/product"}],"wp:attachment":[{"href":"https:\/\/roveyayinevi.com.tr\/index.php\/wp-json\/wp\/v2\/media?parent=756412"}],"wp:term":[{"taxonomy":"product_brand","embeddable":true,"href":"https:\/\/roveyayinevi.com.tr\/index.php\/wp-json\/wp\/v2\/product_brand?post=756412"},{"taxonomy":"product_cat","embeddable":true,"href":"https:\/\/roveyayinevi.com.tr\/index.php\/wp-json\/wp\/v2\/product_cat?post=756412"},{"taxonomy":"product_tag","embeddable":true,"href":"https:\/\/roveyayinevi.com.tr\/index.php\/wp-json\/wp\/v2\/product_tag?post=756412"}],"curies":[{"name":"wp","href":"https:\/\/api.w.org\/{rel}","templated":true}]}}